{"id":10062,"date":"2023-06-23T11:21:31","date_gmt":"2023-06-23T09:21:31","guid":{"rendered":"https:\/\/migrate.e-max.eu\/?page_id=10062"},"modified":"2025-01-10T15:37:03","modified_gmt":"2025-01-10T14:37:03","slug":"steiggerate","status":"publish","type":"page","link":"https:\/\/e-max.eu\/de\/steiggerate\/","title":{"rendered":"Steigger\u00e4te mit Profilen aus nachhaltigem Aluminium"},"content":{"rendered":"\n<section id=\"photo-info-overlay-block_64426062e6de3\" class=\" col-12 photo-info-overlay  d-flex align-items-stretch top-defaultpadding bottom-defaultpadding\">\n  <div id=\"photo-info-overlay-block_64426062e6de3-hook\" class=\"hook\"><\/div>  <style>\n          @media (min-width: 992px) {\n        #photo-info-overlay-block_64426062e6de3 {\n          height: auto;\n          min-height: 320px;\n        }\n      }\n              @media (max-width: 991px) {\n        #photo-info-overlay-block_64426062e6de3 {\n            height: auto;\n            min-height: 120px;\n        }\n      }\n              @media (min-width: 1199.99px) {\n        #photo-info-overlay-block_64426062e6de3 .wrapper h1,\n        #photo-info-overlay-block_64426062e6de3 .wrapper h2 {\n          font-size: 3.125rem;\n        }\n      }\n              @media (min-width: 575.99px) and (max-width: 1199.98px) {\n        #photo-info-overlay-block_64426062e6de3 .wrapper h1,\n        #photo-info-overlay-block_64426062e6de3 .wrapper h2 {\n          font-size: 2.1875rem;\n        }\n      }\n              @media (max-width: 575.98px) {\n        #photo-info-overlay-block_64426062e6de3 .wrapper h1,\n        #photo-info-overlay-block_64426062e6de3 .wrapper h2 {\n          font-size: 1.5625rem;\n        }\n      }\n              @media (min-width: 1199.99px) {\n        #photo-info-overlay-block_64426062e6de3 .wrapper p,\n        #photo-info-overlay-block_64426062e6de3 .wrapper p {\n          font-size: 1rem;\n        }\n      }\n              @media (min-width: 575.99px) and (max-width: 1199.98px) {\n        #photo-info-overlay-block_64426062e6de3 .wrapper p,\n        #photo-info-overlay-block_64426062e6de3 .wrapper p {\n          font-size: 1rem;\n        }\n      }\n              @media (max-width: 575.98px) {\n        #photo-info-overlay-block_64426062e6de3 .wrapper p,\n        #photo-info-overlay-block_64426062e6de3 .wrapper p {\n          font-size: 0.875rem;\n        }\n      }\n      <\/style>\n\n      <div class=\"background\" style=\"background-image: url(https:\/\/i0.wp.com\/e-max.eu\/wp-content\/uploads\/2023\/04\/header-scaled.jpg?fit=2048%2C415&#038;ssl=1)\"><\/div>\n      <div class=\"container d-flex flex-column justify-content-start\">\n    <div class=\"row d-flex flex-column align-items-start\">\n      <div class=\"col-12 col-lg-1\">\n        <div class=\"content \" >\n          <div class=\"color white\" style=\"opacity: calc(0\/100);\"><\/div>\n                    <div class=\"wrapper\">\n\n            \n            <div class=\"text\" style=\"color: var(--black)\">\n              \n            <\/div>\n\n                      <\/div>\n        <\/div>\n      <\/div>\n    <\/div>\n  <\/div>\n<\/section>\n\n\n\n<section id=\"intro-block_646da8d0928d4\" class=\"col-12 white intro top-defaultpadding bottom-defaultpadding\">\n  <div id=\"intro-block_646da8d0928d4-hook\" class=\"hook\"><\/div>    \n            \n    \n  <div class=\"container\">\n    <div class=\"row column-direction   \">\n      <div class=\"col-12 col-md-6 description  \">\n                                    <div class=\"title\" style=\"color: var(--black)\">\n                              <h1><span>STEIGGER\u00c4TE MIT PROFILEN AUS NACHHALTIGEM ALUMINIUM<\/span>\n<\/h1>\n                            <\/div>\n                      \n                      <div class=\"desc\" style=\"color: var(--black)\">\n              <p><span style=\"color: #83b81a;\"><strong>mit einem sehr kleinen CO2-Fu\u00dfabdruck<\/strong><\/span><\/p>\n<p><a href=\"https:\/\/e-max.eu\/de\/unser-verkaufsteam\/\">Wenden Sie sich einfach an einen unserer Accountmanager<\/a><\/p>\n<p><strong>X-ECO macht Steigger\u00e4te so nachhaltig wie m\u00f6glich<\/strong><br \/>\nX-ECO ist der Markenname f\u00fcr hochwertiges und nachhaltiges zirkul\u00e4res Aluminium, das in der Aluminiumgie\u00dferei von E-MAX in Kerkrade (NL) hergestellt wird. Das Produkt enth\u00e4lt einen hohen Anteil an recyceltem Aluminium (mindestens 80 %), wird vor Ort unter Verwendung m\u00f6glichst vieler nicht-fossiler Brennstoffe hergestellt und hat einen sehr kleinen CO2-Fu\u00dfabdruck (2 bis 4 Tonnen CO\u2082\/Tonne Aluminium). Der \u00f6kologische Fu\u00dfabdruck wird von der Zertifizierungsstelle DNV zertifiziert. Zum Vergleich: Der weltweite Durchschnitt liegt bei 18 Tonnen CO\u2082\/Tonne Aluminium, w\u00e4hrend der europ\u00e4ische Durchschnitt bei 8 Tonnen CO\u2082\/Tonne Aluminium liegt.<\/p>\n<p>Es sind vier Legierungen erh\u00e4ltlich:<\/p>\n<ul>\n<li>X-ECO.22 \/ EN AW 6060: besonders geeignet f\u00fcr Fenster- und T\u00fcrrahmen, Fassadensysteme, dekorative Systeme und Solaranlagen.<\/li>\n<li>X-ECO.25 \/ EN AW 6063: besonders geeignet f\u00fcr Gew\u00e4chsh\u00e4user, Maschinen- und Fahrzeugteile sowie Steigger\u00e4te.<\/li>\n<li>X-ECO.27 \/ EN AW 6005: besonders geeignet f\u00fcr Automobilteile, Zelt- und Konstruktionsteile und Steigger\u00e4te.<\/li>\n<li>X-ECO.29 \/ EN AW 6061: besonders geeignet f\u00fcr Automobilteile, Zelt- und Konstruktionsteile und Steigger\u00e4te.<\/li>\n<\/ul>\n<p>Alle Legierungen entsprechen den europ\u00e4ischen Qualit\u00e4tsnormen EN-486 und EN-573.<\/p>\n\n            <\/div>\n                          <\/div>\n      <div class=\"col-12 col-md-6  \">\n                    <img decoding=\"async\"\n              src=\"https:\/\/i0.wp.com\/e-max.eu\/wp-content\/uploads\/2023\/06\/iStock-495732240-1_0.jpg?fit=600%2C600&#038;ssl=1\"\n              alt=\"2 stijgers met gele bescherming op een blauwe achtergrond\"\n              title=\"iStock-495732240 (1)_0\"\n              class=\"img-responsive\"\n              srcset=\"https:\/\/i0.wp.com\/e-max.eu\/wp-content\/uploads\/2023\/06\/iStock-495732240-1_0.jpg?fit=450%2C450&#038;ssl=1 480w,\n                      https:\/\/i0.wp.com\/e-max.eu\/wp-content\/uploads\/2023\/06\/iStock-495732240-1_0.jpg?fit=600%2C600&#038;ssl=1 2048w\"\n              sizes=\"(max-width: 480px) 480px\"\n              width=\"470\"\n                          \/>\n              <\/div>\n    <\/div>\n  <\/div>\n<\/section>\n\n\n\n<section id=\"intro-block_646da908928d5\" class=\"col-12 white intro top-defaultpadding bottom-defaultpadding\">\n  <div id=\"intro-block_646da908928d5-hook\" class=\"hook\"><\/div>    \n            \n    \n  <div class=\"container\">\n    <div class=\"row column-direction reverse reverse-mobile \">\n      <div class=\"col-12 col-md-6 description  \">\n                                    <div class=\"title\" style=\"color: var(--black)\">\n                              <h2><span>BREITES ANWENDUNGSGEBIET<\/span>\n<\/h2>\n                            <\/div>\n                      \n                      <div class=\"desc\" style=\"color: var(--black)\">\n              <p>E-MAX verarbeitet X-ECO selbst zu Profilen. Das Unternehmen kann sowohl kleine, komplexe Profile als auch gr\u00f6\u00dfere Profile in gro\u00dfen Mengen (von 0,150 bis 18 kg\/m) herstellen. Diese Profile werden unter anderem f\u00fcr die Herstellung von Steigger\u00e4ten wie Leitern, Treppen, Ger\u00fcsten und Stegen verwendet.<\/p>\n\n            <\/div>\n                                <div class=\"buttons justify-content-start\">\n                              \n  \n  <a\n    href=\"\/downloads\/brochure\/\"     class=\"button primary-button\n                        \"\n    style=' \n            color: var(--white);      border-radius: 4px;      font-weight: 600;      font-family: Barlow;      '\n    title=\"LADEN SIE HIER UNSERE BROSCH\u00dcRE\" id=\"intro-block_646da908928d5-cta-1\"\n    >\n        <div class=\"text\">\n      LADEN SIE HIER UNSERE BROSCH\u00dcRE\n    <\/div>\n  <\/a>\n                          <\/div>\n                <\/div>\n      <div class=\"col-12 col-md-6  \">\n                    <img decoding=\"async\"\n              src=\"https:\/\/i0.wp.com\/e-max.eu\/wp-content\/uploads\/2023\/06\/iStock-172343070-scaled.jpg?fit=1024%2C685&#038;ssl=1\"\n              alt=\"uitzicht van 3 laders met een heldere blauwe lucht op de achtergrond\"\n              title=\"Aluminum ladders against sky.\"\n              class=\"img-responsive\"\n              srcset=\"https:\/\/i0.wp.com\/e-max.eu\/wp-content\/uploads\/2023\/06\/iStock-172343070-scaled.jpg?fit=450%2C301&#038;ssl=1 480w,\n                      https:\/\/i0.wp.com\/e-max.eu\/wp-content\/uploads\/2023\/06\/iStock-172343070-scaled.jpg?fit=1024%2C685&#038;ssl=1 2048w\"\n              sizes=\"(max-width: 480px) 480px\"\n              width=\"470\"\n                          \/>\n              <\/div>\n    <\/div>\n  <\/div>\n<\/section>\n\n\n\n<section id=\"intro-block_646daa63928d8\" class=\"col-12 white intro top-defaultpadding bottom-defaultpadding\">\n  <div id=\"intro-block_646daa63928d8-hook\" class=\"hook\"><\/div>    \n            \n    \n  <div class=\"container\">\n    <div class=\"row column-direction   \">\n      <div class=\"col-12 col-md-6 description  \">\n                                    <div class=\"title\" style=\"color: var(--black)\">\n                              <h2><span>WISSENSCHAFTLICH BELEGT<\/span>\n<\/h2>\n                            <\/div>\n                      \n                      <div class=\"desc\" style=\"color: var(--black)\">\n              <p>Die Bezeichnung X-ECO leitet sich von dem lateinischen \u201aex aequo\u2019 ab, was \u201agleichwertig\u2018 bedeutet.<br \/>\nX-ECO ist n\u00e4mlich ein legierungsreiches nachhaltiges Aluminium mit einer ausgewogenen Zusammensetzung an Spurenelementen. Dadurch sind alle mechanischen und Oberfl\u00e4cheneigenschaften den betreffenden Eigenschaften von klassischem Aluminium mindestens gleichwertig.<\/p>\n<p>In Zusammenarbeit mit der Freien Universit\u00e4t Br\u00fcssel wurde seit \u00fcber zehn Jahren die Qualit\u00e4t von zirkul\u00e4rem Aluminium wissenschaftlich untersucht. Diese Forschung belegt die guten Eigenschaften des zirkul\u00e4ren Premium-Aluminiums X-ECO, welche sind:<\/p>\n<ul>\n<li>Eine matte, gleichm\u00e4\u00dfige <a href=\"https:\/\/e-max.eu\/downloads\/infographics\/\">Oberfl\u00e4chenstruktur<\/a> nach dem \u00c4tzen<\/li>\n<li>Geringe <a href=\"https:\/\/e-max.eu\/downloads\/infographics\/\">Farbabweichungen<\/a> nach dem Anodisieren<\/li>\n<li>Gute Best\u00e4ndigkeit gegen <a href=\"https:\/\/e-max.eu\/downloads\/infographics\/\">Fadenkorrosion<\/a> nach dem Pulverbeschichten<\/li>\n<\/ul>\n<h2>Finden Sie heraus, wie Sie mit X-ECO zu einer Kreislaufwirtschaft beitragen k\u00f6nnen<\/h2>\n<p><a tabindex=\"-1\" href=\"https:\/\/e-max.eu\/de\/angebotsanforderung\/\" data-entity-substitution=\"canonical\" data-entity-type=\"node\" data-entity-uuid=\"e00506bc-9610-408c-a1e7-c581a9e02b2c\">Kontaktieren<\/a>\u00a0Sie uns f\u00fcr eine pers\u00f6nliche Beratung. Wir helfen Ihnen gerne, f\u00fcr jede Situation eine passende L\u00f6sung zu finden.<\/p>\n\n            <\/div>\n                          <\/div>\n      <div class=\"col-12 col-md-6  \">\n                    <img decoding=\"async\"\n              src=\"https:\/\/i0.wp.com\/e-max.eu\/wp-content\/uploads\/2023\/05\/earth__vrijstaand_1.png?fit=507%2C424&#038;ssl=1\"\n              alt=\"Hand met daarin een ilustraie van een deel van de werkeldbol\"\n              title=\"earth__vrijstaand_1\"\n              class=\"img-responsive\"\n              srcset=\"https:\/\/i0.wp.com\/e-max.eu\/wp-content\/uploads\/2023\/05\/earth__vrijstaand_1.png?fit=450%2C376&#038;ssl=1 480w,\n                      https:\/\/i0.wp.com\/e-max.eu\/wp-content\/uploads\/2023\/05\/earth__vrijstaand_1.png?fit=507%2C424&#038;ssl=1 2048w\"\n              sizes=\"(max-width: 480px) 480px\"\n              width=\"470\"\n                          \/>\n              <\/div>\n    <\/div>\n  <\/div>\n<\/section>\n","protected":false},"excerpt":{"rendered":"","protected":false},"author":1,"featured_media":0,"parent":0,"menu_order":0,"comment_status":"closed","ping_status":"closed","template":"","meta":{"_acf_changed":false,"footnotes":""},"class_list":["post-10062","page","type-page","status-publish","hentry"],"acf":[],"yoast_head":"<!-- This site is optimized with the Yoast SEO plugin v27.1.1 - https:\/\/yoast.com\/product\/yoast-seo-wordpress\/ -->\n<title>Steigger\u00e4te mit Profilen aus nachhaltigem Aluminium - E-MAX<\/title>\n<meta name=\"description\" content=\"Nachhaltige Aluminiumprofile von E-MAX f\u00fcr Leitern, Treppen und Ger\u00fcste mit minimalem CO\u2082-Fu\u00dfabdruck.\" \/>\n<meta name=\"robots\" content=\"index, follow, max-snippet:-1, max-image-preview:large, max-video-preview:-1\" \/>\n<link rel=\"canonical\" href=\"https:\/\/e-max.eu\/de\/steiggerate\/\" \/>\n<meta property=\"og:locale\" content=\"de_DE\" \/>\n<meta property=\"og:type\" content=\"article\" \/>\n<meta property=\"og:title\" content=\"Steigger\u00e4te mit Profilen aus nachhaltigem Aluminium - E-MAX\" \/>\n<meta property=\"og:description\" content=\"Nachhaltige Aluminiumprofile von E-MAX f\u00fcr Leitern, Treppen und Ger\u00fcste mit minimalem CO\u2082-Fu\u00dfabdruck.\" \/>\n<meta property=\"og:url\" content=\"https:\/\/e-max.eu\/de\/steiggerate\/\" \/>\n<meta property=\"og:site_name\" content=\"E-MAX\" \/>\n<meta property=\"article:modified_time\" content=\"2025-01-10T14:37:03+00:00\" \/>\n<meta name=\"twitter:card\" content=\"summary_large_image\" \/>\n<script type=\"application\/ld+json\" class=\"yoast-schema-graph\">{\"@context\":\"https:\/\/schema.org\",\"@graph\":[{\"@type\":\"WebPage\",\"@id\":\"https:\/\/e-max.eu\/de\/steiggerate\/\",\"url\":\"https:\/\/e-max.eu\/de\/steiggerate\/\",\"name\":\"Steigger\u00e4te mit Profilen aus nachhaltigem Aluminium - E-MAX\",\"isPartOf\":{\"@id\":\"https:\/\/e-max.eu\/#website\"},\"datePublished\":\"2023-06-23T09:21:31+00:00\",\"dateModified\":\"2025-01-10T14:37:03+00:00\",\"description\":\"Nachhaltige Aluminiumprofile von E-MAX f\u00fcr Leitern, Treppen und Ger\u00fcste mit minimalem CO\u2082-Fu\u00dfabdruck.\",\"breadcrumb\":{\"@id\":\"https:\/\/e-max.eu\/de\/steiggerate\/#breadcrumb\"},\"inLanguage\":\"de\",\"potentialAction\":[{\"@type\":\"ReadAction\",\"target\":[\"https:\/\/e-max.eu\/de\/steiggerate\/\"]}]},{\"@type\":\"BreadcrumbList\",\"@id\":\"https:\/\/e-max.eu\/de\/steiggerate\/#breadcrumb\",\"itemListElement\":[{\"@type\":\"ListItem\",\"position\":1,\"name\":\"Home\",\"item\":\"https:\/\/e-max.eu\/de\/\"},{\"@type\":\"ListItem\",\"position\":2,\"name\":\"Steigger\u00e4te mit Profilen aus nachhaltigem Aluminium\"}]},{\"@type\":\"WebSite\",\"@id\":\"https:\/\/e-max.eu\/#website\",\"url\":\"https:\/\/e-max.eu\/\",\"name\":\"E-MAX\",\"description\":\"Gerecycleerd aluminium met laagste carbon footprint\",\"publisher\":{\"@id\":\"https:\/\/e-max.eu\/#organization\"},\"potentialAction\":[{\"@type\":\"SearchAction\",\"target\":{\"@type\":\"EntryPoint\",\"urlTemplate\":\"https:\/\/e-max.eu\/?s={search_term_string}\"},\"query-input\":{\"@type\":\"PropertyValueSpecification\",\"valueRequired\":true,\"valueName\":\"search_term_string\"}}],\"inLanguage\":\"de\"},{\"@type\":\"Organization\",\"@id\":\"https:\/\/e-max.eu\/#organization\",\"name\":\"E-MAX Aluminium N.V.\",\"url\":\"https:\/\/e-max.eu\/\",\"logo\":{\"@type\":\"ImageObject\",\"inLanguage\":\"de\",\"@id\":\"https:\/\/e-max.eu\/#\/schema\/logo\/image\/\",\"url\":\"https:\/\/i0.wp.com\/e-max.eu\/wp-content\/uploads\/2023\/04\/mb-EMAX-logo-Colour-Screen-RGB.png?fit=137%2C46&ssl=1\",\"contentUrl\":\"https:\/\/i0.wp.com\/e-max.eu\/wp-content\/uploads\/2023\/04\/mb-EMAX-logo-Colour-Screen-RGB.png?fit=137%2C46&ssl=1\",\"width\":137,\"height\":46,\"caption\":\"E-MAX Aluminium N.V.\"},\"image\":{\"@id\":\"https:\/\/e-max.eu\/#\/schema\/logo\/image\/\"}}]}<\/script>\n<!-- \/ Yoast SEO plugin. -->","yoast_head_json":{"title":"Steigger\u00e4te mit Profilen aus nachhaltigem Aluminium - E-MAX","description":"Nachhaltige Aluminiumprofile von E-MAX f\u00fcr Leitern, Treppen und Ger\u00fcste mit minimalem CO\u2082-Fu\u00dfabdruck.","robots":{"index":"index","follow":"follow","max-snippet":"max-snippet:-1","max-image-preview":"max-image-preview:large","max-video-preview":"max-video-preview:-1"},"canonical":"https:\/\/e-max.eu\/de\/steiggerate\/","og_locale":"de_DE","og_type":"article","og_title":"Steigger\u00e4te mit Profilen aus nachhaltigem Aluminium - E-MAX","og_description":"Nachhaltige Aluminiumprofile von E-MAX f\u00fcr Leitern, Treppen und Ger\u00fcste mit minimalem CO\u2082-Fu\u00dfabdruck.","og_url":"https:\/\/e-max.eu\/de\/steiggerate\/","og_site_name":"E-MAX","article_modified_time":"2025-01-10T14:37:03+00:00","twitter_card":"summary_large_image","schema":{"@context":"https:\/\/schema.org","@graph":[{"@type":"WebPage","@id":"https:\/\/e-max.eu\/de\/steiggerate\/","url":"https:\/\/e-max.eu\/de\/steiggerate\/","name":"Steigger\u00e4te mit Profilen aus nachhaltigem Aluminium - E-MAX","isPartOf":{"@id":"https:\/\/e-max.eu\/#website"},"datePublished":"2023-06-23T09:21:31+00:00","dateModified":"2025-01-10T14:37:03+00:00","description":"Nachhaltige Aluminiumprofile von E-MAX f\u00fcr Leitern, Treppen und Ger\u00fcste mit minimalem CO\u2082-Fu\u00dfabdruck.","breadcrumb":{"@id":"https:\/\/e-max.eu\/de\/steiggerate\/#breadcrumb"},"inLanguage":"de","potentialAction":[{"@type":"ReadAction","target":["https:\/\/e-max.eu\/de\/steiggerate\/"]}]},{"@type":"BreadcrumbList","@id":"https:\/\/e-max.eu\/de\/steiggerate\/#breadcrumb","itemListElement":[{"@type":"ListItem","position":1,"name":"Home","item":"https:\/\/e-max.eu\/de\/"},{"@type":"ListItem","position":2,"name":"Steigger\u00e4te mit Profilen aus nachhaltigem Aluminium"}]},{"@type":"WebSite","@id":"https:\/\/e-max.eu\/#website","url":"https:\/\/e-max.eu\/","name":"E-MAX","description":"Gerecycleerd aluminium met laagste carbon footprint","publisher":{"@id":"https:\/\/e-max.eu\/#organization"},"potentialAction":[{"@type":"SearchAction","target":{"@type":"EntryPoint","urlTemplate":"https:\/\/e-max.eu\/?s={search_term_string}"},"query-input":{"@type":"PropertyValueSpecification","valueRequired":true,"valueName":"search_term_string"}}],"inLanguage":"de"},{"@type":"Organization","@id":"https:\/\/e-max.eu\/#organization","name":"E-MAX Aluminium N.V.","url":"https:\/\/e-max.eu\/","logo":{"@type":"ImageObject","inLanguage":"de","@id":"https:\/\/e-max.eu\/#\/schema\/logo\/image\/","url":"https:\/\/i0.wp.com\/e-max.eu\/wp-content\/uploads\/2023\/04\/mb-EMAX-logo-Colour-Screen-RGB.png?fit=137%2C46&ssl=1","contentUrl":"https:\/\/i0.wp.com\/e-max.eu\/wp-content\/uploads\/2023\/04\/mb-EMAX-logo-Colour-Screen-RGB.png?fit=137%2C46&ssl=1","width":137,"height":46,"caption":"E-MAX Aluminium N.V."},"image":{"@id":"https:\/\/e-max.eu\/#\/schema\/logo\/image\/"}}]}},"_links":{"self":[{"href":"https:\/\/e-max.eu\/de\/wp-json\/wp\/v2\/pages\/10062","targetHints":{"allow":["GET"]}}],"collection":[{"href":"https:\/\/e-max.eu\/de\/wp-json\/wp\/v2\/pages"}],"about":[{"href":"https:\/\/e-max.eu\/de\/wp-json\/wp\/v2\/types\/page"}],"author":[{"embeddable":true,"href":"https:\/\/e-max.eu\/de\/wp-json\/wp\/v2\/users\/1"}],"replies":[{"embeddable":true,"href":"https:\/\/e-max.eu\/de\/wp-json\/wp\/v2\/comments?post=10062"}],"version-history":[{"count":3,"href":"https:\/\/e-max.eu\/de\/wp-json\/wp\/v2\/pages\/10062\/revisions"}],"predecessor-version":[{"id":15109,"href":"https:\/\/e-max.eu\/de\/wp-json\/wp\/v2\/pages\/10062\/revisions\/15109"}],"wp:attachment":[{"href":"https:\/\/e-max.eu\/de\/wp-json\/wp\/v2\/media?parent=10062"}],"curies":[{"name":"wp","href":"https:\/\/api.w.org\/{rel}","templated":true}]}}