{"id":9397,"date":"2023-06-07T13:22:50","date_gmt":"2023-06-07T11:22:50","guid":{"rendered":"https:\/\/migrate.e-max.eu\/downloads\/infographics\/"},"modified":"2026-04-20T13:59:53","modified_gmt":"2026-04-20T11:59:53","slug":"infografiken","status":"publish","type":"page","link":"https:\/\/e-max.eu\/de\/download\/infografiken\/","title":{"rendered":"Infografiken"},"content":{"rendered":"\n<section id=\"photo-info-overlay-block_07bbc151369cae7426b3676ada590618\" class=\" col-12 photo-info-overlay  d-flex align-items-stretch top-defaultpadding bottom-defaultpadding\">\n  <div id=\"photo-info-overlay-block_07bbc151369cae7426b3676ada590618-hook\" class=\"hook\"><\/div>  <style>\n          @media (min-width: 992px) {\n        #photo-info-overlay-block_07bbc151369cae7426b3676ada590618 {\n          height: auto;\n          min-height: 320px;\n        }\n      }\n              @media (max-width: 991px) {\n        #photo-info-overlay-block_07bbc151369cae7426b3676ada590618 {\n            height: auto;\n            min-height: 120px;\n        }\n      }\n              @media (min-width: 1199.99px) {\n        #photo-info-overlay-block_07bbc151369cae7426b3676ada590618 .wrapper h1,\n        #photo-info-overlay-block_07bbc151369cae7426b3676ada590618 .wrapper h2 {\n          font-size: 3.125rem;\n        }\n      }\n              @media (min-width: 575.99px) and (max-width: 1199.98px) {\n        #photo-info-overlay-block_07bbc151369cae7426b3676ada590618 .wrapper h1,\n        #photo-info-overlay-block_07bbc151369cae7426b3676ada590618 .wrapper h2 {\n          font-size: 2.1875rem;\n        }\n      }\n              @media (max-width: 575.98px) {\n        #photo-info-overlay-block_07bbc151369cae7426b3676ada590618 .wrapper h1,\n        #photo-info-overlay-block_07bbc151369cae7426b3676ada590618 .wrapper h2 {\n          font-size: 1.5625rem;\n        }\n      }\n              @media (min-width: 1199.99px) {\n        #photo-info-overlay-block_07bbc151369cae7426b3676ada590618 .wrapper p,\n        #photo-info-overlay-block_07bbc151369cae7426b3676ada590618 .wrapper p {\n          font-size: 1rem;\n        }\n      }\n              @media (min-width: 575.99px) and (max-width: 1199.98px) {\n        #photo-info-overlay-block_07bbc151369cae7426b3676ada590618 .wrapper p,\n        #photo-info-overlay-block_07bbc151369cae7426b3676ada590618 .wrapper p {\n          font-size: 1rem;\n        }\n      }\n              @media (max-width: 575.98px) {\n        #photo-info-overlay-block_07bbc151369cae7426b3676ada590618 .wrapper p,\n        #photo-info-overlay-block_07bbc151369cae7426b3676ada590618 .wrapper p {\n          font-size: 0.875rem;\n        }\n      }\n      <\/style>\n\n      <div class=\"background\" style=\"background-image: url(https:\/\/i0.wp.com\/e-max.eu\/wp-content\/uploads\/2023\/04\/header-scaled.jpg?fit=2048%2C415&#038;ssl=1)\"><\/div>\n      <div class=\"container d-flex flex-column justify-content-start\">\n    <div class=\"row d-flex flex-column align-items-start\">\n      <div class=\"col-12 col-lg-1\">\n        <div class=\"content \" >\n          <div class=\"color white\" style=\"opacity: calc(0\/100);\"><\/div>\n                    <div class=\"wrapper\">\n\n            \n            <div class=\"text\" style=\"color: var(--black)\">\n              \n            <\/div>\n\n                      <\/div>\n        <\/div>\n      <\/div>\n    <\/div>\n  <\/div>\n<\/section>\n\n\n\n<section class=\"container-block white\" id=\"container-block-block_c73608687593ccce6c3a9eb4411cf2da\">\n  <div id=\"container-block-block_c73608687593ccce6c3a9eb4411cf2da-hook\" class=\"hook\"><\/div>  \n  <div class=\"container\">\n    <div class=\"row\">\n      <div class=\"col-12\">\n        \n\n<div style=\"height:100px\" aria-hidden=\"true\" class=\"wp-block-spacer\"><\/div>\n\n\n\n<h1 class=\"wp-block-heading\">LADEN SIE UNSERE INFORMATIVEN INFOGRAFIKEN HERUNTER<\/h1>\n\n\n\n<p>M\u00f6chten Sie einen schnellen und klaren Einblick in die Vorteile und Anwendungen von Aluminium erhalten? Auf dieser Seite finden Sie eine Sammlung von visuell attraktiven und informativen Infografiken. Diese wurden speziell entwickelt, um komplexe Informationen einfach und leicht verst\u00e4ndlich darzustellen, so dass Sie sofort sehen k\u00f6nnen, was Aluminium f\u00fcr Ihr Projekt leisten kann. W\u00e4hlen Sie aus:<\/p>\n\n\n\n<ul class=\"wp-block-list\">\n<li><strong>X-ECO Infografik<\/strong><br>Erfahren Sie mehr \u00fcber die nachhaltigen Eigenschaften unserer X-ECO Aluminiumprodukte.<br><\/li>\n\n\n\n<li><strong>Infografik Farbunterschiede<\/strong><br>Verstehen Sie die Ursachen und L\u00f6sungen f\u00fcr Farbunterschiede bei Eloxalverfahren.<br><\/li>\n\n\n\n<li><strong>Infografik K\u00f6rniges Aussehen<\/strong><br>Finden Sie heraus, warum ein k\u00f6rniges Erscheinungsbild auftreten kann und wie es verhindert werden kann.<br><\/li>\n\n\n\n<li><strong>Infografik Fadenf\u00f6rmige Korrosion<\/strong><br>Erfahren Sie alles \u00fcber Fadenkorrosion und wie E-MAX L\u00f6sungen anbietet.<\/li>\n<\/ul>\n\n\n\n<p>Laden Sie einfach die gew\u00fcnschte Infografik herunter und entdecken Sie, wie E-MAX zu Innovation und Nachhaltigkeit beitr\u00e4gt!<\/p>\n\n\n      <\/div>\n    <\/div>\n  <\/div>\n<\/section>\n\n\n\n<section class=\"contact col-12 white top-defaultpadding bottom-defaultpadding\" id=\"vacancy-anchor\" style=\"color: var(--black);\">\n  <div id=\"contact--hook\" class=\"hook\"><\/div>    <div class=\"container\">\n      <div class=\"col-12 nopadding\">\n            <\/div>\n      <div class=\"col-12 nopadding\">\n          <div class=\"row\">\n                      <\/div>\n      <\/div>\n      <div class=\"col-12 nopadding\">\n        <div class=\"row\">\n                      <script type=\"text\/javascript\">\n\/* <![CDATA[ *\/\nvar gform;gform||(document.addEventListener(\"gform_main_scripts_loaded\",function(){gform.scriptsLoaded=!0}),document.addEventListener(\"gform\/theme\/scripts_loaded\",function(){gform.themeScriptsLoaded=!0}),window.addEventListener(\"DOMContentLoaded\",function(){gform.domLoaded=!0}),gform={domLoaded:!1,scriptsLoaded:!1,themeScriptsLoaded:!1,isFormEditor:()=>\"function\"==typeof InitializeEditor,callIfLoaded:function(o){return!(!gform.domLoaded||!gform.scriptsLoaded||!gform.themeScriptsLoaded&&!gform.isFormEditor()||(gform.isFormEditor()&&console.warn(\"The use of gform.initializeOnLoaded() is deprecated in the form editor context and will be removed in Gravity Forms 3.1.\"),o(),0))},initializeOnLoaded:function(o){gform.callIfLoaded(o)||(document.addEventListener(\"gform_main_scripts_loaded\",()=>{gform.scriptsLoaded=!0,gform.callIfLoaded(o)}),document.addEventListener(\"gform\/theme\/scripts_loaded\",()=>{gform.themeScriptsLoaded=!0,gform.callIfLoaded(o)}),window.addEventListener(\"DOMContentLoaded\",()=>{gform.domLoaded=!0,gform.callIfLoaded(o)}))},hooks:{action:{},filter:{}},addAction:function(o,r,e,t){gform.addHook(\"action\",o,r,e,t)},addFilter:function(o,r,e,t){gform.addHook(\"filter\",o,r,e,t)},doAction:function(o){gform.doHook(\"action\",o,arguments)},applyFilters:function(o){return gform.doHook(\"filter\",o,arguments)},removeAction:function(o,r){gform.removeHook(\"action\",o,r)},removeFilter:function(o,r,e){gform.removeHook(\"filter\",o,r,e)},addHook:function(o,r,e,t,n){null==gform.hooks[o][r]&&(gform.hooks[o][r]=[]);var d=gform.hooks[o][r];null==n&&(n=r+\"_\"+d.length),gform.hooks[o][r].push({tag:n,callable:e,priority:t=null==t?10:t})},doHook:function(r,o,e){var t;if(e=Array.prototype.slice.call(e,1),null!=gform.hooks[r][o]&&((o=gform.hooks[r][o]).sort(function(o,r){return o.priority-r.priority}),o.forEach(function(o){\"function\"!=typeof(t=o.callable)&&(t=window[t]),\"action\"==r?t.apply(null,e):e[0]=t.apply(null,e)})),\"filter\"==r)return e[0]},removeHook:function(o,r,t,n){var e;null!=gform.hooks[o][r]&&(e=(e=gform.hooks[o][r]).filter(function(o,r,e){return!!(null!=n&&n!=o.tag||null!=t&&t!=o.priority)}),gform.hooks[o][r]=e)}});\n\/* ]]> *\/\n<\/script>\n\n                <div class='gf_browser_gecko gform_wrapper gravity-theme gform-theme--no-framework' data-form-theme='gravity-theme' data-form-index='0' id='gform_wrapper_8' ><form method='post' enctype='multipart\/form-data'  id='gform_8'  action='\/de\/wp-json\/wp\/v2\/pages\/9397' data-formid='8' novalidate><div class='gf_invisible ginput_recaptchav3' data-sitekey='6LfVj7oqAAAAAABleM7wlq3Eu6UWay6n2KrhiYgL' data-tabindex='0'><input id=\"input_0180b06e4c723e1869a668485293411f\" class=\"gfield_recaptcha_response\" type=\"hidden\" name=\"input_0180b06e4c723e1869a668485293411f\" value=\"\"\/><\/div>\n                        <div class='gform-body gform_body'><div id='gform_fields_8' class='gform_fields top_label form_sublabel_below description_below validation_below'><div id=\"field_8_25\" class=\"gfield gfield--type-honeypot gform_validation_container field_sublabel_below gfield--has-description field_description_below field_validation_below gfield_visibility_visible\"  ><label class='gfield_label gform-field-label' for='input_8_25'>URL<\/label><div class='ginput_container'><input name='input_25' id='input_8_25' type='text' value='' autocomplete='new-password'\/><\/div><div class='gfield_description' id='gfield_description_8_25'>Dieses Feld dient zur Validierung und sollte nicht ver\u00e4ndert werden.<\/div><\/div><li class=\"gfmc-column gfmc-column100 gfmc-row-1-column gfmc-row-1-col-1-of-1\"><ul class=\"flex-wrapper flex-wrapper-1\"><div id=\"field_8_1\" class=\"gfield gfield--type-text gfield--input-type-text gfield--width-full gfield_contains_required field_sublabel_below gfield--no-description field_description_below hidden_label field_validation_below gfield_visibility_visible\"  ><label class='gfield_label gform-field-label' for='input_8_1'>Uw naam<span class=\"gfield_required\"><span class=\"gfield_required gfield_required_text\">(erforderlich)<\/span><\/span><\/label><div class='ginput_container ginput_container_text'><input name='input_1' id='input_8_1' type='text' value='' class='large'    placeholder='Ihr Name*' aria-required=\"true\" aria-invalid=\"false\"   \/><\/div><\/div><div id=\"field_8_7\" class=\"gfield gfield--type-email gfield--input-type-email gfield--width-full gfield_contains_required field_sublabel_below gfield--no-description field_description_below hidden_label field_validation_below gfield_visibility_visible\"  ><label class='gfield_label gform-field-label' for='input_8_7'>Uw e-mailadres<span class=\"gfield_required\"><span class=\"gfield_required gfield_required_text\">(erforderlich)<\/span><\/span><\/label><div class='ginput_container ginput_container_email'>\n                            <input name='input_7' id='input_8_7' type='email' value='' class='large'   placeholder='Ihre E-Mail Adresse*' aria-required=\"true\" aria-invalid=\"false\"  \/>\n                        <\/div><\/div><fieldset id=\"field_8_24\" class=\"gfield gfield--type-checkbox gfield--type-choice gfield--input-type-checkbox gfield--width-full field_sublabel_below gfield--no-description field_description_below field_validation_below gfield_visibility_visible\"  ><legend class='gfield_label gform-field-label gfield_label_before_complex' >Download type<\/legend><div class='ginput_container ginput_container_checkbox'><div class='gfield_checkbox ' id='input_8_24'><div class='gchoice gchoice_8_24_1'>\n\t\t\t\t\t\t\t\t<input class='gfield-choice-input' name='input_24.1' type='checkbox'  value='x-\u00d6ko-Infografik'  id='choice_8_24_1'   \/>\n\t\t\t\t\t\t\t\t<label for='choice_8_24_1' id='label_8_24_1' class='gform-field-label gform-field-label--type-inline'>DIE X-ECO-INFOGRAFIK HERUNTERLADEN<\/label>\n\t\t\t\t\t\t\t<\/div><div class='gchoice gchoice_8_24_2'>\n\t\t\t\t\t\t\t\t<input class='gfield-choice-input' name='input_24.2' type='checkbox'  value='Farbunterschiede'  id='choice_8_24_2'   \/>\n\t\t\t\t\t\t\t\t<label for='choice_8_24_2' id='label_8_24_2' class='gform-field-label gform-field-label--type-inline'>INFOGRAFIK FARBUNTERSCHIEDE HERUNTERLADEN<\/label>\n\t\t\t\t\t\t\t<\/div><div class='gchoice gchoice_8_24_3'>\n\t\t\t\t\t\t\t\t<input class='gfield-choice-input' name='input_24.3' type='checkbox'  value='k\u00f6rniges Aussehen'  id='choice_8_24_3'   \/>\n\t\t\t\t\t\t\t\t<label for='choice_8_24_3' id='label_8_24_3' class='gform-field-label gform-field-label--type-inline'>INFOGRAFIK K\u00d6RNIGES AUSSEHEN HERUNTERLADEN<\/label>\n\t\t\t\t\t\t\t<\/div><div class='gchoice gchoice_8_24_4'>\n\t\t\t\t\t\t\t\t<input class='gfield-choice-input' name='input_24.4' type='checkbox'  value='Fadenkorrosion'  id='choice_8_24_4'   \/>\n\t\t\t\t\t\t\t\t<label for='choice_8_24_4' id='label_8_24_4' class='gform-field-label gform-field-label--type-inline'>INFOGRAFIK FILIFORME CORROSIE HERUNTERLADEN<\/label>\n\t\t\t\t\t\t\t<\/div><\/div><\/div><\/fieldset><\/ul><\/li><\/div><\/div>\n        <div class='gform-footer gform_footer top_label'> <input type='submit' id='gform_submit_button_8' class='gform_button button' onclick='gform.submission.handleButtonClick(this);' data-submission-type='submit' value='Senden Sie'  \/> \n            <input type='hidden' class='gform_hidden' name='gform_submission_method' data-js='gform_submission_method_8' value='postback' \/>\n            <input type='hidden' class='gform_hidden' name='gform_theme' data-js='gform_theme_8' id='gform_theme_8' value='gravity-theme' \/>\n            <input type='hidden' class='gform_hidden' name='gform_style_settings' data-js='gform_style_settings_8' id='gform_style_settings_8' value='' \/>\n            <input type='hidden' class='gform_hidden' name='is_submit_8' value='1' \/>\n            <input type='hidden' class='gform_hidden' name='gform_submit' value='8' \/>\n            \n            <input type='hidden' class='gform_hidden' name='gform_currency' data-currency='EUR' value='BLU05Z76XOU3HSq4VaZCpbaqTD+04wmdzMhI2WPoCouVrnwNffNblm4gA\/MXp0e8SFcVthDBItT6gcGvvgJu1Ghg9QeR6oTDnyBEfI\/rm2czFgg=' \/>\n            <input type='hidden' class='gform_hidden' name='gform_unique_id' value='' \/>\n            <input type='hidden' class='gform_hidden' name='state_8' value='WyJ7XCIyNC4xXCI6XCI5ODAyYzJiMzI5NjdlNjBkZGFiYTI5ZGE3YTU1ODRmOFwiLFwiMjQuMlwiOlwiYWU1YmMyZmQxM2YzYzVlM2RiNTljYjJmZDAyNjczZTBcIixcIjI0LjNcIjpcIjU4M2RmYzAwYjQzYzYzZTgzMGQwZmMzZWQ5NzM4MzJlXCIsXCIyNC40XCI6XCI1NzRlN2QzYjczN2M4Nzc4NjRlMmY1N2M0MWZjNjQ3MlwifSIsIjhlYzZkNzhmNTNlZmEzMWRkYWM4Y2JhYWQxMDY5MGQwIl0=' \/>\n            <input type='hidden' autocomplete='off' class='gform_hidden' name='gform_target_page_number_8' id='gform_target_page_number_8' value='0' \/>\n            <input type='hidden' autocomplete='off' class='gform_hidden' name='gform_source_page_number_8' id='gform_source_page_number_8' value='1' \/>\n            <input type='hidden' name='gform_field_values' value='' \/>\n            \n        <\/div>\n                        <\/form>\n                        <\/div><script type=\"text\/javascript\">\n\/* <![CDATA[ *\/\n gform.initializeOnLoaded( function() {gformInitSpinner( 8, 'https:\/\/e-max.eu\/wp-content\/plugins\/gravityforms\/images\/spinner.svg', true );jQuery('#gform_ajax_frame_8').on('load',function(){var contents = jQuery(this).contents().find('*').html();var is_postback = contents.indexOf('GF_AJAX_POSTBACK') >= 0;if(!is_postback){return;}var form_content = jQuery(this).contents().find('#gform_wrapper_8');var is_confirmation = jQuery(this).contents().find('#gform_confirmation_wrapper_8').length > 0;var is_redirect = contents.indexOf('gformRedirect(){') >= 0;var is_form = form_content.length > 0 && ! is_redirect && ! is_confirmation;var mt = parseInt(jQuery('html').css('margin-top'), 10) + parseInt(jQuery('body').css('margin-top'), 10) + 100;if(is_form){jQuery('#gform_wrapper_8').html(form_content.html());if(form_content.hasClass('gform_validation_error')){jQuery('#gform_wrapper_8').addClass('gform_validation_error');} else {jQuery('#gform_wrapper_8').removeClass('gform_validation_error');}setTimeout( function() { \/* delay the scroll by 50 milliseconds to fix a bug in chrome *\/  }, 50 );if(window['gformInitDatepicker']) {gformInitDatepicker();}if(window['gformInitPriceFields']) {gformInitPriceFields();}var current_page = jQuery('#gform_source_page_number_8').val();gformInitSpinner( 8, 'https:\/\/e-max.eu\/wp-content\/plugins\/gravityforms\/images\/spinner.svg', true );jQuery(document).trigger('gform_page_loaded', [8, current_page]);window['gf_submitting_8'] = false;}else if(!is_redirect){var confirmation_content = jQuery(this).contents().find('.GF_AJAX_POSTBACK').html();if(!confirmation_content){confirmation_content = contents;}jQuery('#gform_wrapper_8').replaceWith(confirmation_content);jQuery(document).trigger('gform_confirmation_loaded', [8]);window['gf_submitting_8'] = false;wp.a11y.speak(jQuery('#gform_confirmation_message_8').text());}else{jQuery('#gform_8').append(contents);if(window['gformRedirect']) {gformRedirect();}}jQuery(document).trigger(\"gform_pre_post_render\", [{ formId: \"8\", currentPage: \"current_page\", abort: function() { this.preventDefault(); } }]);        if (event && event.defaultPrevented) {                return;        }        const gformWrapperDiv = document.getElementById( \"gform_wrapper_8\" );        if ( gformWrapperDiv ) {            const visibilitySpan = document.createElement( \"span\" );            visibilitySpan.id = \"gform_visibility_test_8\";            gformWrapperDiv.insertAdjacentElement( \"afterend\", visibilitySpan );        }        const visibilityTestDiv = document.getElementById( \"gform_visibility_test_8\" );        let postRenderFired = false;        function triggerPostRender() {            if ( postRenderFired ) {                return;            }            postRenderFired = true;            gform.core.triggerPostRenderEvents( 8, current_page );            if ( visibilityTestDiv ) {                visibilityTestDiv.parentNode.removeChild( visibilityTestDiv );            }        }        function debounce( func, wait, immediate ) {            var timeout;            return function() {                var context = this, args = arguments;                var later = function() {                    timeout = null;                    if ( !immediate ) func.apply( context, args );                };                var callNow = immediate && !timeout;                clearTimeout( timeout );                timeout = setTimeout( later, wait );                if ( callNow ) func.apply( context, args );            };        }        const debouncedTriggerPostRender = debounce( function() {            triggerPostRender();        }, 200 );        if ( visibilityTestDiv && visibilityTestDiv.offsetParent === null ) {            const observer = new MutationObserver( ( mutations ) => {                mutations.forEach( ( mutation ) => {                    if ( mutation.type === 'attributes' && visibilityTestDiv.offsetParent !== null ) {                        debouncedTriggerPostRender();                        observer.disconnect();                    }                });            });            observer.observe( document.body, {                attributes: true,                childList: false,                subtree: true,                attributeFilter: [ 'style', 'class' ],            });        } else {            triggerPostRender();        }    } );} ); \n\/* ]]> *\/\n<\/script>\n\n                  <\/div>\n      <\/div>\n  <\/div>\n<\/section>\n","protected":false},"excerpt":{"rendered":"","protected":false},"author":1,"featured_media":0,"parent":9382,"menu_order":0,"comment_status":"closed","ping_status":"closed","template":"","meta":{"_acf_changed":false,"footnotes":""},"class_list":["post-9397","page","type-page","status-publish","hentry"],"acf":[],"yoast_head":"<!-- This site is optimized with the Yoast SEO plugin v27.1.1 - https:\/\/yoast.com\/product\/yoast-seo-wordpress\/ -->\n<title>Laden Sie unsere Infografiken - E-MAX<\/title>\n<meta name=\"description\" content=\"Laden Sie unsere Infografik \u00fcber nachhaltiges Aluminium herunter und entdecken Sie E-MAX.\" \/>\n<meta name=\"robots\" content=\"index, follow, max-snippet:-1, max-image-preview:large, max-video-preview:-1\" \/>\n<link rel=\"canonical\" href=\"https:\/\/e-max.eu\/de\/download\/infografiken\/\" \/>\n<meta property=\"og:locale\" content=\"de_DE\" \/>\n<meta property=\"og:type\" content=\"article\" \/>\n<meta property=\"og:title\" content=\"Laden Sie unsere Infografiken - E-MAX\" \/>\n<meta property=\"og:description\" content=\"Laden Sie unsere Infografik \u00fcber nachhaltiges Aluminium herunter und entdecken Sie E-MAX.\" \/>\n<meta property=\"og:url\" content=\"https:\/\/e-max.eu\/de\/download\/infografiken\/\" \/>\n<meta property=\"og:site_name\" content=\"E-MAX\" \/>\n<meta property=\"article:modified_time\" content=\"2026-04-20T11:59:53+00:00\" \/>\n<meta name=\"twitter:card\" content=\"summary_large_image\" \/>\n<meta name=\"twitter:label1\" content=\"Gesch\u00e4tzte Lesezeit\" \/>\n\t<meta name=\"twitter:data1\" content=\"1\u00a0Minute\" \/>\n<script type=\"application\/ld+json\" class=\"yoast-schema-graph\">{\"@context\":\"https:\/\/schema.org\",\"@graph\":[{\"@type\":\"WebPage\",\"@id\":\"https:\/\/e-max.eu\/de\/download\/infografiken\/\",\"url\":\"https:\/\/e-max.eu\/de\/download\/infografiken\/\",\"name\":\"Laden Sie unsere Infografiken - E-MAX\",\"isPartOf\":{\"@id\":\"https:\/\/e-max.eu\/#website\"},\"datePublished\":\"2023-06-07T11:22:50+00:00\",\"dateModified\":\"2026-04-20T11:59:53+00:00\",\"description\":\"Laden Sie unsere Infografik \u00fcber nachhaltiges Aluminium herunter und entdecken Sie E-MAX.\",\"breadcrumb\":{\"@id\":\"https:\/\/e-max.eu\/de\/download\/infografiken\/#breadcrumb\"},\"inLanguage\":\"de\",\"potentialAction\":[{\"@type\":\"ReadAction\",\"target\":[\"https:\/\/e-max.eu\/de\/download\/infografiken\/\"]}]},{\"@type\":\"BreadcrumbList\",\"@id\":\"https:\/\/e-max.eu\/de\/download\/infografiken\/#breadcrumb\",\"itemListElement\":[{\"@type\":\"ListItem\",\"position\":1,\"name\":\"Home\",\"item\":\"https:\/\/e-max.eu\/de\/\"},{\"@type\":\"ListItem\",\"position\":2,\"name\":\"Downloads von E-Max\",\"item\":\"https:\/\/e-max.eu\/de\/download\/\"},{\"@type\":\"ListItem\",\"position\":3,\"name\":\"Infografiken\"}]},{\"@type\":\"WebSite\",\"@id\":\"https:\/\/e-max.eu\/#website\",\"url\":\"https:\/\/e-max.eu\/\",\"name\":\"E-MAX\",\"description\":\"Gerecycleerd aluminium met laagste carbon footprint\",\"publisher\":{\"@id\":\"https:\/\/e-max.eu\/#organization\"},\"potentialAction\":[{\"@type\":\"SearchAction\",\"target\":{\"@type\":\"EntryPoint\",\"urlTemplate\":\"https:\/\/e-max.eu\/?s={search_term_string}\"},\"query-input\":{\"@type\":\"PropertyValueSpecification\",\"valueRequired\":true,\"valueName\":\"search_term_string\"}}],\"inLanguage\":\"de\"},{\"@type\":\"Organization\",\"@id\":\"https:\/\/e-max.eu\/#organization\",\"name\":\"E-MAX Aluminium N.V.\",\"url\":\"https:\/\/e-max.eu\/\",\"logo\":{\"@type\":\"ImageObject\",\"inLanguage\":\"de\",\"@id\":\"https:\/\/e-max.eu\/#\/schema\/logo\/image\/\",\"url\":\"https:\/\/i0.wp.com\/e-max.eu\/wp-content\/uploads\/2023\/04\/mb-EMAX-logo-Colour-Screen-RGB.png?fit=137%2C46&ssl=1\",\"contentUrl\":\"https:\/\/i0.wp.com\/e-max.eu\/wp-content\/uploads\/2023\/04\/mb-EMAX-logo-Colour-Screen-RGB.png?fit=137%2C46&ssl=1\",\"width\":137,\"height\":46,\"caption\":\"E-MAX Aluminium N.V.\"},\"image\":{\"@id\":\"https:\/\/e-max.eu\/#\/schema\/logo\/image\/\"}}]}<\/script>\n<!-- \/ Yoast SEO plugin. -->","yoast_head_json":{"title":"Laden Sie unsere Infografiken - E-MAX","description":"Laden Sie unsere Infografik \u00fcber nachhaltiges Aluminium herunter und entdecken Sie E-MAX.","robots":{"index":"index","follow":"follow","max-snippet":"max-snippet:-1","max-image-preview":"max-image-preview:large","max-video-preview":"max-video-preview:-1"},"canonical":"https:\/\/e-max.eu\/de\/download\/infografiken\/","og_locale":"de_DE","og_type":"article","og_title":"Laden Sie unsere Infografiken - E-MAX","og_description":"Laden Sie unsere Infografik \u00fcber nachhaltiges Aluminium herunter und entdecken Sie E-MAX.","og_url":"https:\/\/e-max.eu\/de\/download\/infografiken\/","og_site_name":"E-MAX","article_modified_time":"2026-04-20T11:59:53+00:00","twitter_card":"summary_large_image","twitter_misc":{"Gesch\u00e4tzte Lesezeit":"1\u00a0Minute"},"schema":{"@context":"https:\/\/schema.org","@graph":[{"@type":"WebPage","@id":"https:\/\/e-max.eu\/de\/download\/infografiken\/","url":"https:\/\/e-max.eu\/de\/download\/infografiken\/","name":"Laden Sie unsere Infografiken - E-MAX","isPartOf":{"@id":"https:\/\/e-max.eu\/#website"},"datePublished":"2023-06-07T11:22:50+00:00","dateModified":"2026-04-20T11:59:53+00:00","description":"Laden Sie unsere Infografik \u00fcber nachhaltiges Aluminium herunter und entdecken Sie E-MAX.","breadcrumb":{"@id":"https:\/\/e-max.eu\/de\/download\/infografiken\/#breadcrumb"},"inLanguage":"de","potentialAction":[{"@type":"ReadAction","target":["https:\/\/e-max.eu\/de\/download\/infografiken\/"]}]},{"@type":"BreadcrumbList","@id":"https:\/\/e-max.eu\/de\/download\/infografiken\/#breadcrumb","itemListElement":[{"@type":"ListItem","position":1,"name":"Home","item":"https:\/\/e-max.eu\/de\/"},{"@type":"ListItem","position":2,"name":"Downloads von E-Max","item":"https:\/\/e-max.eu\/de\/download\/"},{"@type":"ListItem","position":3,"name":"Infografiken"}]},{"@type":"WebSite","@id":"https:\/\/e-max.eu\/#website","url":"https:\/\/e-max.eu\/","name":"E-MAX","description":"Gerecycleerd aluminium met laagste carbon footprint","publisher":{"@id":"https:\/\/e-max.eu\/#organization"},"potentialAction":[{"@type":"SearchAction","target":{"@type":"EntryPoint","urlTemplate":"https:\/\/e-max.eu\/?s={search_term_string}"},"query-input":{"@type":"PropertyValueSpecification","valueRequired":true,"valueName":"search_term_string"}}],"inLanguage":"de"},{"@type":"Organization","@id":"https:\/\/e-max.eu\/#organization","name":"E-MAX Aluminium N.V.","url":"https:\/\/e-max.eu\/","logo":{"@type":"ImageObject","inLanguage":"de","@id":"https:\/\/e-max.eu\/#\/schema\/logo\/image\/","url":"https:\/\/i0.wp.com\/e-max.eu\/wp-content\/uploads\/2023\/04\/mb-EMAX-logo-Colour-Screen-RGB.png?fit=137%2C46&ssl=1","contentUrl":"https:\/\/i0.wp.com\/e-max.eu\/wp-content\/uploads\/2023\/04\/mb-EMAX-logo-Colour-Screen-RGB.png?fit=137%2C46&ssl=1","width":137,"height":46,"caption":"E-MAX Aluminium N.V."},"image":{"@id":"https:\/\/e-max.eu\/#\/schema\/logo\/image\/"}}]}},"_links":{"self":[{"href":"https:\/\/e-max.eu\/de\/wp-json\/wp\/v2\/pages\/9397","targetHints":{"allow":["GET"]}}],"collection":[{"href":"https:\/\/e-max.eu\/de\/wp-json\/wp\/v2\/pages"}],"about":[{"href":"https:\/\/e-max.eu\/de\/wp-json\/wp\/v2\/types\/page"}],"author":[{"embeddable":true,"href":"https:\/\/e-max.eu\/de\/wp-json\/wp\/v2\/users\/1"}],"replies":[{"embeddable":true,"href":"https:\/\/e-max.eu\/de\/wp-json\/wp\/v2\/comments?post=9397"}],"version-history":[{"count":4,"href":"https:\/\/e-max.eu\/de\/wp-json\/wp\/v2\/pages\/9397\/revisions"}],"predecessor-version":[{"id":15281,"href":"https:\/\/e-max.eu\/de\/wp-json\/wp\/v2\/pages\/9397\/revisions\/15281"}],"up":[{"embeddable":true,"href":"https:\/\/e-max.eu\/de\/wp-json\/wp\/v2\/pages\/9382"}],"wp:attachment":[{"href":"https:\/\/e-max.eu\/de\/wp-json\/wp\/v2\/media?parent=9397"}],"curies":[{"name":"wp","href":"https:\/\/api.w.org\/{rel}","templated":true}]}}