{"id":9487,"date":"2023-05-23T14:18:12","date_gmt":"2023-05-23T12:18:12","guid":{"rendered":"https:\/\/migrate.e-max.eu\/over-ons\/"},"modified":"2025-01-10T16:33:40","modified_gmt":"2025-01-10T15:33:40","slug":"ueber-uns","status":"publish","type":"page","link":"https:\/\/e-max.eu\/de\/ueber-uns\/","title":{"rendered":"\u00dcber uns"},"content":{"rendered":"\n<section id=\"photo-info-overlay-block_6cd5b0d2017aa9207d80d4f9ef7901ff\" class=\" col-12 photo-info-overlay  d-flex align-items-stretch top-defaultpadding bottom-defaultpadding\">\n  <div id=\"photo-info-overlay-block_6cd5b0d2017aa9207d80d4f9ef7901ff-hook\" class=\"hook\"><\/div>  <style>\n          @media (min-width: 992px) {\n        #photo-info-overlay-block_6cd5b0d2017aa9207d80d4f9ef7901ff {\n          height: auto;\n          min-height: 320px;\n        }\n      }\n              @media (max-width: 991px) {\n        #photo-info-overlay-block_6cd5b0d2017aa9207d80d4f9ef7901ff {\n            height: auto;\n            min-height: 120px;\n        }\n      }\n              @media (min-width: 1199.99px) {\n        #photo-info-overlay-block_6cd5b0d2017aa9207d80d4f9ef7901ff .wrapper h1,\n        #photo-info-overlay-block_6cd5b0d2017aa9207d80d4f9ef7901ff .wrapper h2 {\n          font-size: 3.125rem;\n        }\n      }\n              @media (min-width: 575.99px) and (max-width: 1199.98px) {\n        #photo-info-overlay-block_6cd5b0d2017aa9207d80d4f9ef7901ff .wrapper h1,\n        #photo-info-overlay-block_6cd5b0d2017aa9207d80d4f9ef7901ff .wrapper h2 {\n          font-size: 2.1875rem;\n        }\n      }\n              @media (max-width: 575.98px) {\n        #photo-info-overlay-block_6cd5b0d2017aa9207d80d4f9ef7901ff .wrapper h1,\n        #photo-info-overlay-block_6cd5b0d2017aa9207d80d4f9ef7901ff .wrapper h2 {\n          font-size: 1.5625rem;\n        }\n      }\n              @media (min-width: 1199.99px) {\n        #photo-info-overlay-block_6cd5b0d2017aa9207d80d4f9ef7901ff .wrapper p,\n        #photo-info-overlay-block_6cd5b0d2017aa9207d80d4f9ef7901ff .wrapper p {\n          font-size: 1rem;\n        }\n      }\n              @media (min-width: 575.99px) and (max-width: 1199.98px) {\n        #photo-info-overlay-block_6cd5b0d2017aa9207d80d4f9ef7901ff .wrapper p,\n        #photo-info-overlay-block_6cd5b0d2017aa9207d80d4f9ef7901ff .wrapper p {\n          font-size: 1rem;\n        }\n      }\n              @media (max-width: 575.98px) {\n        #photo-info-overlay-block_6cd5b0d2017aa9207d80d4f9ef7901ff .wrapper p,\n        #photo-info-overlay-block_6cd5b0d2017aa9207d80d4f9ef7901ff .wrapper p {\n          font-size: 0.875rem;\n        }\n      }\n      <\/style>\n\n      <div class=\"background\" style=\"background-image: url(https:\/\/i0.wp.com\/e-max.eu\/wp-content\/uploads\/2023\/04\/header-scaled.jpg?fit=2048%2C415&#038;ssl=1)\"><\/div>\n      <div class=\"container d-flex flex-column justify-content-start\">\n    <div class=\"row d-flex flex-column align-items-start\">\n      <div class=\"col-12 col-lg-1\">\n        <div class=\"content \" >\n          <div class=\"color white\" style=\"opacity: calc(0\/100);\"><\/div>\n                    <div class=\"wrapper\">\n\n            \n            <div class=\"text\" style=\"color: var(--black)\">\n              \n            <\/div>\n\n                      <\/div>\n        <\/div>\n      <\/div>\n    <\/div>\n  <\/div>\n<\/section>\n\n\n\n<section id=\"intro-block_af7ef8b493cf8189173a129866bcfd48\" class=\"col-12 white intro top-defaultpadding bottom-space-md\">\n  <div id=\"intro-block_af7ef8b493cf8189173a129866bcfd48-hook\" class=\"hook\"><\/div>      <style>\n      @media (max-width: 768px) {\n        #intro-block_af7ef8b493cf8189173a129866bcfd48 .title * {\n          text-align: left!important;\n        }\n\n        #intro-block_af7ef8b493cf8189173a129866bcfd48 .desc * {\n          text-align: left!important;\n        }\n      }\n    <\/style>\n    \n            \n    \n  <div class=\"container\">\n    <div class=\"row column-direction   \">\n      <div class=\"col-12 col-md-6 description  \">\n                                    <div class=\"title\" style=\"color: var(--black)\">\n                              <h1><span>\u00dcBER UNS<\/span>\n<\/h1>\n                            <\/div>\n                      \n                      <div class=\"desc\" style=\"color: var(--black)\">\n              <p>Im Mittelpunkt der Historie von E-MAX stehen echter Unternehmergeist: die Schaffung und Umsetzung von Chancen. So haben wir uns zu einem zuverl\u00e4ssigen Partner f\u00fcr die Entwicklung nachhaltiger Aluminiuml\u00f6sungen entwickelt.<\/p>\n<p>E-MAX ist als kompromissloser Akteur in der aluminiumverarbeitenden Industrie bekannt. Wir halten, was wir versprechen. Beste Qualit\u00e4t zu g\u00fcnstigen Preisen. Ihre W\u00fcnsche stehen im Mittelpunkt. Erkundigen Sie sich, was m\u00f6glich ist. Suchen Sie die besten Halbfabrikate? Oder suchen Sie einen Partner, der Entwicklungen und intelligente Sparoptionen ber\u00fccksichtigt? Dann ist E-MAX Ihr Partner.<\/p>\n\n            <\/div>\n                                <div class=\"buttons justify-content-start\">\n                              \n  \n  <a\n    href=\"\/de\/download\/\"     class=\"button primary-button\n                        \"\n    style=' \n            color: var(--white);      border-radius: 4px;      font-weight: 600;      font-family: Barlow;      '\n    title=\"LADEN SIE HIER UNSERE BROSCH\u00dcRE\" id=\"intro-block_af7ef8b493cf8189173a129866bcfd48-cta-1\"\n    >\n        <div class=\"text\">\n      LADEN SIE HIER UNSERE BROSCH\u00dcRE\n    <\/div>\n  <\/a>\n                          <\/div>\n                <\/div>\n      <div class=\"col-12 col-md-6  \">\n                    <img decoding=\"async\"\n              src=\"https:\/\/i0.wp.com\/e-max.eu\/wp-content\/uploads\/2023\/04\/office-test-mid-hor.jpg?fit=1024%2C496&#038;ssl=1\"\n              alt=\"Voorzijde van de locatie in Gullegem. Metalen frame grote ramen met een productiehal aan de zijkant voorzien van een groot spandoek met het logo van EMAX erop.\"\n              title=\"office-test-mid-hor\"\n              class=\"img-responsive\"\n              srcset=\"https:\/\/i0.wp.com\/e-max.eu\/wp-content\/uploads\/2023\/04\/office-test-mid-hor.jpg?fit=450%2C218&#038;ssl=1 480w,\n                      https:\/\/i0.wp.com\/e-max.eu\/wp-content\/uploads\/2023\/04\/office-test-mid-hor.jpg?fit=1024%2C496&#038;ssl=1 2048w\"\n              sizes=\"(max-width: 480px) 480px\"\n              width=\"470\"\n                          \/>\n              <\/div>\n    <\/div>\n  <\/div>\n<\/section>\n\n\n\n<section id=\"intro-block_dd26bb8af8160d874fadbb592cba116c\" class=\"col-12 white intro top-space-md bottom-space-xs\">\n  <div id=\"intro-block_dd26bb8af8160d874fadbb592cba116c-hook\" class=\"hook\"><\/div>      <style>\n      @media (max-width: 768px) {\n        #intro-block_dd26bb8af8160d874fadbb592cba116c .title * {\n          text-align: left!important;\n        }\n\n        #intro-block_dd26bb8af8160d874fadbb592cba116c .desc * {\n          text-align: left!important;\n        }\n      }\n    <\/style>\n    \n            \n          \n  <div class=\"container\">\n    <div class=\"row column-direction  reverse-mobile \">\n      <div class=\"col-12 col-md-7 description  \">\n          \n                      <div class=\"desc\" style=\"color: var(--black)\">\n              <p>Bestes Beispiel daf\u00fcr ist unsere eigene Legierung aus nachhaltigem, kohlenstoffarmem Aluminium: X-ECO. Aber auch unser gesamter Arbeitsalltag ist nachhaltig. Gute Beispiele daf\u00fcr sind unser eigenes Logistikzentrum mit wiederverwendbaren Verpackungen und unser Transport mit dem niedrigsten CO2-Aussto\u00df. Aber auch die Art und Weise, wie wir unseren Energieverbrauch durch unsere eigene Windm\u00fchle und Solarmodule abdecken, ist beispielhaft. Innovation und nachhaltige L\u00f6sungen sind Standard bei E-MAX.<\/p>\n<p>&nbsp;<\/p>\n\n            <\/div>\n                          <\/div>\n      <div class=\"col-12 col-md-5  \">\n        \n                          <div style=\"color: var(--black)\">\n                              <h2 class=\"\">WIR ARBEITEN NACHHALTIG UND BELASTEN DIE UMWELT SO WENIG WIE M\u00d6GLICH\n<\/h2>\n                            <\/div>\n            \n              <\/div>\n    <\/div>\n  <\/div>\n<\/section>\n\n\n\n<section id=\"intro-block_8b2a104ade9566ac3bd6c95afe57dafc\" class=\"col-12 white intro top-space-xs bottom-space-md\">\n  <div id=\"intro-block_8b2a104ade9566ac3bd6c95afe57dafc-hook\" class=\"hook\"><\/div>      <style>\n      @media (max-width: 768px) {\n        #intro-block_8b2a104ade9566ac3bd6c95afe57dafc .title * {\n          text-align: left!important;\n        }\n\n        #intro-block_8b2a104ade9566ac3bd6c95afe57dafc .desc * {\n          text-align: left!important;\n        }\n      }\n    <\/style>\n    \n            \n    \n  <div class=\"container\">\n    <div class=\"row column-direction   \">\n      <div class=\"col-12 col-md-6 description  \">\n                                    <div class=\"title\" style=\"color: var(--black)\">\n                              <h2>NACHHALTIG SIND AUCH UNSERE KUNDENBEZIEHUNGEN<\/h2>\n                            <\/div>\n                      \n                      <div class=\"desc\" style=\"color: var(--black)\">\n              <p>Unsere Berater tun tagt\u00e4glich alles, um unsere Kunden optimal zufrieden zu stellen und ihre W\u00fcnsche noch zu \u00fcbertreffen. Dank unserer umfangreichen Erfahrung und unserer Kenntnisse k\u00f6nnen wir unseren Kunden optimale Beratung bieten. Bei E-MAX finden Sie immer einen Ansprechpartner.<\/p>\n\n            <\/div>\n                          <\/div>\n      <div class=\"col-12 col-md-6  \">\n                              <iframe id=\"ytplayer-block_8b2a104ade9566ac3bd6c95afe57dafc\"\n              src=\"https:\/\/www.youtube-nocookie.com\/embed\/c2vshAVt9QI?rel=0&#038;modestbranding=1&#038;autohide=1&#038;mute=1&#038;showinfo=0&#038;controls=0&#038;autoplay=1\"\n              allow=\"accelerometer; autoplay; clipboard-write; encrypted-media; gyroscope; picture-in-picture\"\n              allowfullscreen\n              title=\"NACHHALTIG SIND AUCH UNSERE KUNDENBEZIEHUNGEN\"\n                        ><\/iframe>\n          \n              <\/div>\n    <\/div>\n  <\/div>\n<\/section>\n\n\n\n<section id=\"intro-block_cfa809e2d86c0b64c739fb25f9bbbd36\" class=\"col-12 white intro top-space-md bottom-defaultpadding\">\n  <div id=\"intro-block_cfa809e2d86c0b64c739fb25f9bbbd36-hook\" class=\"hook\"><\/div>      <style>\n      @media (max-width: 768px) {\n        #intro-block_cfa809e2d86c0b64c739fb25f9bbbd36 .title * {\n          text-align: left!important;\n        }\n\n        #intro-block_cfa809e2d86c0b64c739fb25f9bbbd36 .desc * {\n          text-align: left!important;\n        }\n      }\n    <\/style>\n    \n            \n    \n  <div class=\"container\">\n    <div class=\"row column-direction reverse reverse-mobile \">\n      <div class=\"col-12 col-md-6 description  \">\n                                    <div class=\"title\" style=\"color: var(--black)\">\n                              <h2><span>EINE ZUSAMMENARBEIT E-MAX BIETET ZAHLREICHE VORTEILE<\/span>\n<\/h2>\n                            <\/div>\n                      \n                      <div class=\"desc\" style=\"color: var(--black)\">\n              <p>Mit unseren sieben Standorten, einer eigenen Gie\u00dferei und einem eigenen Logistikzentrum liefern wir beste Qualit\u00e4t. E-MAX verf\u00fcgt \u00fcber eine moderne Infrastruktur sowie \u00fcber einen modernen nachhaltigen Maschinenpark. Unsere Kunden kommen aus verschiedenen Branchen. Unter anderem beliefern wir Kunden aus den Branchen Bau, Transport, Architektur, Innenarchitektur, Maschinenbau und Gartenbau. Als Teil von Vaessen Industries sind wir flexibel, unabh\u00e4ngig und finanziell gesund.<\/p>\n<ul>\n<li>Nachhaltige, kohlenstoffarme L\u00f6sungen stehen im Mittelpunkt<\/li>\n<li>Kundenorientiert und zuverl\u00e4ssig<\/li>\n<li>Umfangreiche Erfahrung und Kenntnisse<\/li>\n<li>Ideale Lage unserer Produktionsstandorte<\/li>\n<li>Zertifizierte Qualit\u00e4t<\/li>\n<li>Unabh\u00e4ngig, da die Anlieferung von Rohstoffen gesichert ist<\/li>\n<li>Moderne Infrastruktur und moderner Maschinenpark<\/li>\n<li>Hohe Wachstumsziele<\/li>\n<li>Flexibel<\/li>\n<li>Kostensparende Innovation<\/li>\n<\/ul>\n\n            <\/div>\n                          <\/div>\n      <div class=\"col-12 col-md-6  \">\n                    <img decoding=\"async\"\n              src=\"https:\/\/i0.wp.com\/e-max.eu\/wp-content\/uploads\/2023\/07\/4-tabs-1.jpg?fit=800%2C800&#038;ssl=1\"\n              alt=\"Emax logo uitgesneden metalen bord buiten\"\n              title=\"4-tabs-1\"\n              class=\"img-responsive\"\n              srcset=\"https:\/\/i0.wp.com\/e-max.eu\/wp-content\/uploads\/2023\/07\/4-tabs-1.jpg?fit=450%2C450&#038;ssl=1 480w,\n                      https:\/\/i0.wp.com\/e-max.eu\/wp-content\/uploads\/2023\/07\/4-tabs-1.jpg?fit=800%2C800&#038;ssl=1 2048w\"\n              sizes=\"(max-width: 480px) 480px\"\n              width=\"470\"\n                          \/>\n              <\/div>\n    <\/div>\n  <\/div>\n<\/section>\n","protected":false},"excerpt":{"rendered":"","protected":false},"author":1,"featured_media":0,"parent":0,"menu_order":0,"comment_status":"closed","ping_status":"closed","template":"","meta":{"_acf_changed":false,"footnotes":""},"class_list":["post-9487","page","type-page","status-publish","hentry"],"acf":[],"yoast_head":"<!-- This site is optimized with the Yoast SEO plugin v27.1.1 - https:\/\/yoast.com\/product\/yoast-seo-wordpress\/ -->\n<title>\u00dcber uns - E-MAX<\/title>\n<meta name=\"description\" content=\"Sie suchen nach dem besten nachhaltigen Aluminium-Halbzeug? E-MAX ist der zuverl\u00e4ssige Partner bei der Entwicklung von Kreislaufl\u00f6sungen f\u00fcr Aluminium\" \/>\n<meta name=\"robots\" content=\"index, follow, max-snippet:-1, max-image-preview:large, max-video-preview:-1\" \/>\n<link rel=\"canonical\" href=\"https:\/\/e-max.eu\/de\/ueber-uns\/\" \/>\n<meta property=\"og:locale\" content=\"de_DE\" \/>\n<meta property=\"og:type\" content=\"article\" \/>\n<meta property=\"og:title\" content=\"\u00dcber uns - E-MAX\" \/>\n<meta property=\"og:description\" content=\"Sie suchen nach dem besten nachhaltigen Aluminium-Halbzeug? E-MAX ist der zuverl\u00e4ssige Partner bei der Entwicklung von Kreislaufl\u00f6sungen f\u00fcr Aluminium\" \/>\n<meta property=\"og:url\" content=\"https:\/\/e-max.eu\/de\/ueber-uns\/\" \/>\n<meta property=\"og:site_name\" content=\"E-MAX\" \/>\n<meta property=\"article:modified_time\" content=\"2025-01-10T15:33:40+00:00\" \/>\n<meta name=\"twitter:card\" content=\"summary_large_image\" \/>\n<script type=\"application\/ld+json\" class=\"yoast-schema-graph\">{\"@context\":\"https:\/\/schema.org\",\"@graph\":[{\"@type\":\"WebPage\",\"@id\":\"https:\/\/e-max.eu\/de\/ueber-uns\/\",\"url\":\"https:\/\/e-max.eu\/de\/ueber-uns\/\",\"name\":\"\u00dcber uns - E-MAX\",\"isPartOf\":{\"@id\":\"https:\/\/e-max.eu\/#website\"},\"datePublished\":\"2023-05-23T12:18:12+00:00\",\"dateModified\":\"2025-01-10T15:33:40+00:00\",\"description\":\"Sie suchen nach dem besten nachhaltigen Aluminium-Halbzeug? E-MAX ist der zuverl\u00e4ssige Partner bei der Entwicklung von Kreislaufl\u00f6sungen f\u00fcr Aluminium\",\"breadcrumb\":{\"@id\":\"https:\/\/e-max.eu\/de\/ueber-uns\/#breadcrumb\"},\"inLanguage\":\"de\",\"potentialAction\":[{\"@type\":\"ReadAction\",\"target\":[\"https:\/\/e-max.eu\/de\/ueber-uns\/\"]}]},{\"@type\":\"BreadcrumbList\",\"@id\":\"https:\/\/e-max.eu\/de\/ueber-uns\/#breadcrumb\",\"itemListElement\":[{\"@type\":\"ListItem\",\"position\":1,\"name\":\"Home\",\"item\":\"https:\/\/e-max.eu\/de\/\"},{\"@type\":\"ListItem\",\"position\":2,\"name\":\"\u00dcber uns\"}]},{\"@type\":\"WebSite\",\"@id\":\"https:\/\/e-max.eu\/#website\",\"url\":\"https:\/\/e-max.eu\/\",\"name\":\"E-MAX\",\"description\":\"Gerecycleerd aluminium met laagste carbon footprint\",\"publisher\":{\"@id\":\"https:\/\/e-max.eu\/#organization\"},\"potentialAction\":[{\"@type\":\"SearchAction\",\"target\":{\"@type\":\"EntryPoint\",\"urlTemplate\":\"https:\/\/e-max.eu\/?s={search_term_string}\"},\"query-input\":{\"@type\":\"PropertyValueSpecification\",\"valueRequired\":true,\"valueName\":\"search_term_string\"}}],\"inLanguage\":\"de\"},{\"@type\":\"Organization\",\"@id\":\"https:\/\/e-max.eu\/#organization\",\"name\":\"E-MAX Aluminium N.V.\",\"url\":\"https:\/\/e-max.eu\/\",\"logo\":{\"@type\":\"ImageObject\",\"inLanguage\":\"de\",\"@id\":\"https:\/\/e-max.eu\/#\/schema\/logo\/image\/\",\"url\":\"https:\/\/i0.wp.com\/e-max.eu\/wp-content\/uploads\/2023\/04\/mb-EMAX-logo-Colour-Screen-RGB.png?fit=137%2C46&ssl=1\",\"contentUrl\":\"https:\/\/i0.wp.com\/e-max.eu\/wp-content\/uploads\/2023\/04\/mb-EMAX-logo-Colour-Screen-RGB.png?fit=137%2C46&ssl=1\",\"width\":137,\"height\":46,\"caption\":\"E-MAX Aluminium N.V.\"},\"image\":{\"@id\":\"https:\/\/e-max.eu\/#\/schema\/logo\/image\/\"}}]}<\/script>\n<!-- \/ Yoast SEO plugin. -->","yoast_head_json":{"title":"\u00dcber uns - E-MAX","description":"Sie suchen nach dem besten nachhaltigen Aluminium-Halbzeug? E-MAX ist der zuverl\u00e4ssige Partner bei der Entwicklung von Kreislaufl\u00f6sungen f\u00fcr Aluminium","robots":{"index":"index","follow":"follow","max-snippet":"max-snippet:-1","max-image-preview":"max-image-preview:large","max-video-preview":"max-video-preview:-1"},"canonical":"https:\/\/e-max.eu\/de\/ueber-uns\/","og_locale":"de_DE","og_type":"article","og_title":"\u00dcber uns - E-MAX","og_description":"Sie suchen nach dem besten nachhaltigen Aluminium-Halbzeug? E-MAX ist der zuverl\u00e4ssige Partner bei der Entwicklung von Kreislaufl\u00f6sungen f\u00fcr Aluminium","og_url":"https:\/\/e-max.eu\/de\/ueber-uns\/","og_site_name":"E-MAX","article_modified_time":"2025-01-10T15:33:40+00:00","twitter_card":"summary_large_image","schema":{"@context":"https:\/\/schema.org","@graph":[{"@type":"WebPage","@id":"https:\/\/e-max.eu\/de\/ueber-uns\/","url":"https:\/\/e-max.eu\/de\/ueber-uns\/","name":"\u00dcber uns - E-MAX","isPartOf":{"@id":"https:\/\/e-max.eu\/#website"},"datePublished":"2023-05-23T12:18:12+00:00","dateModified":"2025-01-10T15:33:40+00:00","description":"Sie suchen nach dem besten nachhaltigen Aluminium-Halbzeug? E-MAX ist der zuverl\u00e4ssige Partner bei der Entwicklung von Kreislaufl\u00f6sungen f\u00fcr Aluminium","breadcrumb":{"@id":"https:\/\/e-max.eu\/de\/ueber-uns\/#breadcrumb"},"inLanguage":"de","potentialAction":[{"@type":"ReadAction","target":["https:\/\/e-max.eu\/de\/ueber-uns\/"]}]},{"@type":"BreadcrumbList","@id":"https:\/\/e-max.eu\/de\/ueber-uns\/#breadcrumb","itemListElement":[{"@type":"ListItem","position":1,"name":"Home","item":"https:\/\/e-max.eu\/de\/"},{"@type":"ListItem","position":2,"name":"\u00dcber uns"}]},{"@type":"WebSite","@id":"https:\/\/e-max.eu\/#website","url":"https:\/\/e-max.eu\/","name":"E-MAX","description":"Gerecycleerd aluminium met laagste carbon footprint","publisher":{"@id":"https:\/\/e-max.eu\/#organization"},"potentialAction":[{"@type":"SearchAction","target":{"@type":"EntryPoint","urlTemplate":"https:\/\/e-max.eu\/?s={search_term_string}"},"query-input":{"@type":"PropertyValueSpecification","valueRequired":true,"valueName":"search_term_string"}}],"inLanguage":"de"},{"@type":"Organization","@id":"https:\/\/e-max.eu\/#organization","name":"E-MAX Aluminium N.V.","url":"https:\/\/e-max.eu\/","logo":{"@type":"ImageObject","inLanguage":"de","@id":"https:\/\/e-max.eu\/#\/schema\/logo\/image\/","url":"https:\/\/i0.wp.com\/e-max.eu\/wp-content\/uploads\/2023\/04\/mb-EMAX-logo-Colour-Screen-RGB.png?fit=137%2C46&ssl=1","contentUrl":"https:\/\/i0.wp.com\/e-max.eu\/wp-content\/uploads\/2023\/04\/mb-EMAX-logo-Colour-Screen-RGB.png?fit=137%2C46&ssl=1","width":137,"height":46,"caption":"E-MAX Aluminium N.V."},"image":{"@id":"https:\/\/e-max.eu\/#\/schema\/logo\/image\/"}}]}},"_links":{"self":[{"href":"https:\/\/e-max.eu\/de\/wp-json\/wp\/v2\/pages\/9487","targetHints":{"allow":["GET"]}}],"collection":[{"href":"https:\/\/e-max.eu\/de\/wp-json\/wp\/v2\/pages"}],"about":[{"href":"https:\/\/e-max.eu\/de\/wp-json\/wp\/v2\/types\/page"}],"author":[{"embeddable":true,"href":"https:\/\/e-max.eu\/de\/wp-json\/wp\/v2\/users\/1"}],"replies":[{"embeddable":true,"href":"https:\/\/e-max.eu\/de\/wp-json\/wp\/v2\/comments?post=9487"}],"version-history":[{"count":3,"href":"https:\/\/e-max.eu\/de\/wp-json\/wp\/v2\/pages\/9487\/revisions"}],"predecessor-version":[{"id":15106,"href":"https:\/\/e-max.eu\/de\/wp-json\/wp\/v2\/pages\/9487\/revisions\/15106"}],"wp:attachment":[{"href":"https:\/\/e-max.eu\/de\/wp-json\/wp\/v2\/media?parent=9487"}],"curies":[{"name":"wp","href":"https:\/\/api.w.org\/{rel}","templated":true}]}}