{"id":9530,"date":"2023-05-22T11:08:02","date_gmt":"2023-05-22T09:08:02","guid":{"rendered":"https:\/\/migrate.e-max.eu\/sales-team\/"},"modified":"2025-10-10T08:53:01","modified_gmt":"2025-10-10T06:53:01","slug":"unser-verkaufsteam","status":"publish","type":"page","link":"https:\/\/e-max.eu\/de\/unser-verkaufsteam\/","title":{"rendered":"Unser Verkaufsteam"},"content":{"rendered":"\n<section id=\"photo-info-overlay-block_7523d87c91f8143fdee9fa411f087e2b\" class=\" col-12 photo-info-overlay  d-flex align-items-stretch top-defaultpadding bottom-defaultpadding\">\n  <div id=\"photo-info-overlay-block_7523d87c91f8143fdee9fa411f087e2b-hook\" class=\"hook\"><\/div>  <style>\n          @media (min-width: 992px) {\n        #photo-info-overlay-block_7523d87c91f8143fdee9fa411f087e2b {\n          height: auto;\n          min-height: 320px;\n        }\n      }\n              @media (max-width: 991px) {\n        #photo-info-overlay-block_7523d87c91f8143fdee9fa411f087e2b {\n            height: auto;\n            min-height: 120px;\n        }\n      }\n              @media (min-width: 1199.99px) {\n        #photo-info-overlay-block_7523d87c91f8143fdee9fa411f087e2b .wrapper h1,\n        #photo-info-overlay-block_7523d87c91f8143fdee9fa411f087e2b .wrapper h2 {\n          font-size: 3.125rem;\n        }\n      }\n              @media (min-width: 575.99px) and (max-width: 1199.98px) {\n        #photo-info-overlay-block_7523d87c91f8143fdee9fa411f087e2b .wrapper h1,\n        #photo-info-overlay-block_7523d87c91f8143fdee9fa411f087e2b .wrapper h2 {\n          font-size: 2.1875rem;\n        }\n      }\n              @media (max-width: 575.98px) {\n        #photo-info-overlay-block_7523d87c91f8143fdee9fa411f087e2b .wrapper h1,\n        #photo-info-overlay-block_7523d87c91f8143fdee9fa411f087e2b .wrapper h2 {\n          font-size: 1.5625rem;\n        }\n      }\n              @media (min-width: 1199.99px) {\n        #photo-info-overlay-block_7523d87c91f8143fdee9fa411f087e2b .wrapper p,\n        #photo-info-overlay-block_7523d87c91f8143fdee9fa411f087e2b .wrapper p {\n          font-size: 1rem;\n        }\n      }\n              @media (min-width: 575.99px) and (max-width: 1199.98px) {\n        #photo-info-overlay-block_7523d87c91f8143fdee9fa411f087e2b .wrapper p,\n        #photo-info-overlay-block_7523d87c91f8143fdee9fa411f087e2b .wrapper p {\n          font-size: 1rem;\n        }\n      }\n              @media (max-width: 575.98px) {\n        #photo-info-overlay-block_7523d87c91f8143fdee9fa411f087e2b .wrapper p,\n        #photo-info-overlay-block_7523d87c91f8143fdee9fa411f087e2b .wrapper p {\n          font-size: 0.875rem;\n        }\n      }\n      <\/style>\n\n      <div class=\"background\" style=\"background-image: url(https:\/\/i0.wp.com\/e-max.eu\/wp-content\/uploads\/2023\/04\/header-scaled.jpg?fit=2048%2C415&#038;ssl=1)\"><\/div>\n      <div class=\"container d-flex flex-column justify-content-start\">\n    <div class=\"row d-flex flex-column align-items-start\">\n      <div class=\"col-12 col-lg-1\">\n        <div class=\"content \" >\n          <div class=\"color white\" style=\"opacity: calc(0\/100);\"><\/div>\n                    <div class=\"wrapper\">\n\n            \n            <div class=\"text\" style=\"color: var(--black)\">\n              \n            <\/div>\n\n                      <\/div>\n        <\/div>\n      <\/div>\n    <\/div>\n  <\/div>\n<\/section>\n\n\n\n<section id=\"intro-block_ddfc4b591ebb7523bbf2d0f311f73103\" class=\"col-12 white intro top-defaultpadding bottom-defaultpadding\">\n  <div id=\"intro-block_ddfc4b591ebb7523bbf2d0f311f73103-hook\" class=\"hook\"><\/div>      <style>\n      @media (max-width: 768px) {\n        #intro-block_ddfc4b591ebb7523bbf2d0f311f73103 .title * {\n          text-align: left!important;\n        }\n\n        #intro-block_ddfc4b591ebb7523bbf2d0f311f73103 .desc * {\n          text-align: left!important;\n        }\n      }\n    <\/style>\n    \n            \n    \n  <div class=\"container\">\n    <div class=\"row column-direction   \">\n      <div class=\"col-12 col-md-6 description  \">\n                                    <div class=\"title\" style=\"color: var(--black)\">\n                              <h1><span>UNSER VERKAUFSTEAM<\/span>\n<\/h1>\n                            <\/div>\n                      \n                      <div class=\"desc\" style=\"color: var(--black)\">\n              <p>Sollten Sie Fragen haben oder weitere Informationen ben\u00f6tigen, stehen wir Ihnen gerne zur Verf\u00fcgung.<\/p>\n<p><strong>ALLGEMEINES<\/strong><\/p>\n<p>Director Sales Profiles<br \/>\n<strong>Robert Zegveld<\/strong><br \/>\nM <a href=\"tel:+32499539823\">+32 499 539823<\/a><\/p>\n<p><a href=\"mailto:Robert.Zegveld@e-max.eu\">E-Mail senden<\/a><\/p>\n\n            <\/div>\n                          <\/div>\n      <div class=\"col-12 col-md-6  \">\n                    <img decoding=\"async\"\n              src=\"https:\/\/i0.wp.com\/e-max.eu\/wp-content\/uploads\/2023\/05\/iStock-618453528-verloop-1920-zwart.jpg?fit=1024%2C684&#038;ssl=1\"\n              alt=\"Zwart-wit foto van persoon achter een bureau wat op een kladblok aan het schrijven is\"\n              title=\"iStock-618453528-verloop-1920-zwart\"\n              class=\"img-responsive\"\n              srcset=\"https:\/\/i0.wp.com\/e-max.eu\/wp-content\/uploads\/2023\/05\/iStock-618453528-verloop-1920-zwart.jpg?fit=450%2C300&#038;ssl=1 480w,\n                      https:\/\/i0.wp.com\/e-max.eu\/wp-content\/uploads\/2023\/05\/iStock-618453528-verloop-1920-zwart.jpg?fit=1024%2C684&#038;ssl=1 2048w\"\n              sizes=\"(max-width: 480px) 480px\"\n              width=\"470\"\n                          \/>\n              <\/div>\n    <\/div>\n  <\/div>\n<\/section>\n\n\n\n<section class=\"container-block light-grey\" id=\"container-block-block_f130e8a4b9517084504f3cf160e4bb81\">\n  <div id=\"container-block-block_f130e8a4b9517084504f3cf160e4bb81-hook\" class=\"hook\"><\/div>  \n  <div class=\"container\">\n    <div class=\"row\">\n      <div class=\"col-12\">\n        \n\n<div style=\"height:50px\" aria-hidden=\"true\" class=\"wp-block-spacer\"><\/div>\n\n\n\n<h2 class=\"wp-block-heading has-large-font-size\">BELGIEN<\/h2>\n\n\n\n<div class=\"wp-block-columns is-layout-flex wp-container-core-columns-is-layout-9d6595d7 wp-block-columns-is-layout-flex\">\n<div class=\"wp-block-column is-layout-flow wp-block-column-is-layout-flow\">\n<h4 class=\"wp-block-heading\">Director Sales Profiles<\/h4>\n\n\n\n<p><strong>Robert Zegveld<\/strong><br>M <a href=\"tel:+32499539823\">+32 499 539823<\/a><\/p>\n\n\n\n<p><a href=\"mailto:Robert.Zegveld@e-max.eu\">E-Mail senden<\/a><\/p>\n\n\n\n<p><\/p>\n<\/div>\n\n\n\n<div class=\"wp-block-column is-layout-flow wp-block-column-is-layout-flow\">\n<h4 class=\"wp-block-heading\"><\/h4>\n<\/div>\n\n\n\n<div class=\"wp-block-column is-layout-flow wp-block-column-is-layout-flow\">\n<h4 class=\"wp-block-heading\"><\/h4>\n\n\n\n<p><\/p>\n<\/div>\n<\/div>\n\n\n\n<div style=\"height:50px\" aria-hidden=\"true\" class=\"wp-block-spacer\"><\/div>\n\n\n      <\/div>\n    <\/div>\n  <\/div>\n<\/section>\n\n\n\n<section class=\"container-block white\" id=\"container-block-block_8f9bda4d234a8bc80b55d81c90d64e1e\">\n  <div id=\"container-block-block_8f9bda4d234a8bc80b55d81c90d64e1e-hook\" class=\"hook\"><\/div>  \n  <div class=\"container\">\n    <div class=\"row\">\n      <div class=\"col-12\">\n        \n\n<div style=\"height:50px\" aria-hidden=\"true\" class=\"wp-block-spacer\"><\/div>\n\n\n\n<h2 class=\"wp-block-heading has-large-font-size\">DIE NIEDERLANDE<\/h2>\n\n\n\n<div class=\"wp-block-columns is-layout-flex wp-container-core-columns-is-layout-9d6595d7 wp-block-columns-is-layout-flex\">\n<div class=\"wp-block-column is-layout-flow wp-block-column-is-layout-flow\">\n<h4 class=\"wp-block-heading\">Area Sales Manager<\/h4>\n\n\n\n<p><strong>Vincent Evers<\/strong><br>M <a href=\"tel:+31622883249\">+31 622 883249<\/a><br><br><a href=\"mailto:Vincent.Evers@e-max.eu\">E-Mail senden<\/a><\/p>\n<\/div>\n\n\n\n<div class=\"wp-block-column is-layout-flow wp-block-column-is-layout-flow\">\n<h4 class=\"wp-block-heading\"><\/h4>\n\n\n\n<p><br><\/p>\n\n\n\n<p><\/p>\n<\/div>\n\n\n\n<div class=\"wp-block-column is-layout-flow wp-block-column-is-layout-flow\">\n<h4 class=\"wp-block-heading\"><\/h4>\n\n\n\n<p><\/p>\n<\/div>\n<\/div>\n\n\n\n<div style=\"height:50px\" aria-hidden=\"true\" class=\"wp-block-spacer\"><\/div>\n\n\n      <\/div>\n    <\/div>\n  <\/div>\n<\/section>\n\n\n\n<section class=\"container-block light-grey\" id=\"container-block-block_f130e8a4b9517084504f3cf160e4bb81\">\n  <div id=\"container-block-block_f130e8a4b9517084504f3cf160e4bb81-hook\" class=\"hook\"><\/div>  \n  <div class=\"container\">\n    <div class=\"row\">\n      <div class=\"col-12\">\n        \n\n<div style=\"height:50px\" aria-hidden=\"true\" class=\"wp-block-spacer\"><\/div>\n\n\n\n<h2 class=\"wp-block-heading has-large-font-size\">DEUTSCHLAND<\/h2>\n\n\n\n<div class=\"wp-block-columns is-layout-flex wp-container-core-columns-is-layout-9d6595d7 wp-block-columns-is-layout-flex\">\n<div class=\"wp-block-column is-layout-flow wp-block-column-is-layout-flow\">\n<h4 class=\"wp-block-heading\">Manager Sales Profiles<\/h4>\n\n\n\n<p><strong>Ralph Vromen<\/strong><br>M <a href=\"tel:+32493312552\">+32 493 312552<\/a><\/p>\n\n\n\n<p><a href=\"mailto:Ralph.Vromen@e-max.eu\" target=\"_blank\" rel=\"noreferrer noopener\">E-mail senden<\/a><\/p>\n<\/div>\n\n\n\n<div class=\"wp-block-column is-layout-flow wp-block-column-is-layout-flow\">\n<h4 class=\"wp-block-heading\">Director Sales Germany<\/h4>\n\n\n\n<p><strong>Rainer Swidrak<\/strong><br>M <a href=\"tel:+491721421282\">+49 172 142 12 82<\/a><\/p>\n\n\n\n<p><a href=\"mailto:Rainer.Swidrak@e-max.eu\" target=\"_blank\" rel=\"noreferrer noopener\">E-Mail senden<\/a><\/p>\n<\/div>\n\n\n\n<div class=\"wp-block-column is-layout-flow wp-block-column-is-layout-flow\">\n<h4 class=\"wp-block-heading\"><\/h4>\n\n\n\n<p><\/p>\n\n\n\n<p><\/p>\n<\/div>\n<\/div>\n\n\n\n<div style=\"height:50px\" aria-hidden=\"true\" class=\"wp-block-spacer\"><\/div>\n\n\n      <\/div>\n    <\/div>\n  <\/div>\n<\/section>\n\n\n\n<section class=\"container-block white\" id=\"container-block-block_8f9bda4d234a8bc80b55d81c90d64e1e\">\n  <div id=\"container-block-block_8f9bda4d234a8bc80b55d81c90d64e1e-hook\" class=\"hook\"><\/div>  \n  <div class=\"container\">\n    <div class=\"row\">\n      <div class=\"col-12\">\n        \n\n<div style=\"height:50px\" aria-hidden=\"true\" class=\"wp-block-spacer\"><\/div>\n\n\n\n<h2 class=\"wp-block-heading has-large-font-size\">FRANKREICH<\/h2>\n\n\n\n<div class=\"wp-block-columns is-layout-flex wp-container-core-columns-is-layout-9d6595d7 wp-block-columns-is-layout-flex\">\n<div class=\"wp-block-column is-layout-flow wp-block-column-is-layout-flow\">\n<h4 class=\"wp-block-heading\">Area Sales Manager<\/h4>\n\n\n\n<p><strong>Alain Chavana<\/strong><br>M <a href=\"tel:+33615533336\">+33 615 533336<\/a><br>T <a href=\"tel:+3256228522\">+32 56 228522<\/a><\/p>\n\n\n\n<p><a href=\"mailto:Alain.Chavana@e-max.eu\">E-Mail senden<\/a><\/p>\n<\/div>\n\n\n\n<div class=\"wp-block-column is-layout-flow wp-block-column-is-layout-flow\">\n<h4 class=\"wp-block-heading\"><\/h4>\n<\/div>\n\n\n\n<div class=\"wp-block-column is-layout-flow wp-block-column-is-layout-flow\">\n<h4 class=\"wp-block-heading\"><\/h4>\n<\/div>\n<\/div>\n\n\n\n<div style=\"height:50px\" aria-hidden=\"true\" class=\"wp-block-spacer\"><\/div>\n\n\n      <\/div>\n    <\/div>\n  <\/div>\n<\/section>\n\n\n\n<section class=\"container-block light-grey\" id=\"container-block-block_f130e8a4b9517084504f3cf160e4bb81\">\n  <div id=\"container-block-block_f130e8a4b9517084504f3cf160e4bb81-hook\" class=\"hook\"><\/div>  \n  <div class=\"container\">\n    <div class=\"row\">\n      <div class=\"col-12\">\n        \n\n<div style=\"height:50px\" aria-hidden=\"true\" class=\"wp-block-spacer\"><\/div>\n\n\n\n<h2 class=\"wp-block-heading has-large-font-size\">GROSSBRITANNIEN<\/h2>\n\n\n\n<div class=\"wp-block-columns is-layout-flex wp-container-core-columns-is-layout-9d6595d7 wp-block-columns-is-layout-flex\">\n<div class=\"wp-block-column is-layout-flow wp-block-column-is-layout-flow\">\n<h4 class=\"wp-block-heading\">Area Sales Manager<\/h4>\n\n\n\n<p><strong>Terry Ross<\/strong><br>M <a href=\"tel:+447702597680\">+44 7702 597680<\/a><br>T <a href=\"tel:+441934414255\">+44 1934 414255<\/a><\/p>\n\n\n\n<p><a href=\"mailto:terry.Ross@e-max.eu\">E-Mail senden<\/a><\/p>\n<\/div>\n\n\n\n<div class=\"wp-block-column is-layout-flow wp-block-column-is-layout-flow\">\n<h4 class=\"wp-block-heading\"><\/h4>\n\n\n\n<p><\/p>\n<\/div>\n\n\n\n<div class=\"wp-block-column is-layout-flow wp-block-column-is-layout-flow\">\n<h4 class=\"wp-block-heading\"><\/h4>\n\n\n\n<p><\/p>\n<\/div>\n<\/div>\n\n\n\n<div style=\"height:50px\" aria-hidden=\"true\" class=\"wp-block-spacer\"><\/div>\n\n\n      <\/div>\n    <\/div>\n  <\/div>\n<\/section>\n","protected":false},"excerpt":{"rendered":"","protected":false},"author":1,"featured_media":0,"parent":0,"menu_order":0,"comment_status":"closed","ping_status":"closed","template":"","meta":{"_acf_changed":false,"footnotes":""},"class_list":["post-9530","page","type-page","status-publish","hentry"],"acf":[],"yoast_head":"<!-- This site is optimized with the Yoast SEO plugin v27.1.1 - https:\/\/yoast.com\/product\/yoast-seo-wordpress\/ -->\n<title>Lernen Sie unser Vertriebsteam kennen - E-MAX<\/title>\n<meta name=\"description\" content=\"Lernen Sie das E-MAX-Verkaufsteam kennen. Experten f\u00fcr Aluminiuml\u00f6sungen, bereit f\u00fcr Ihre Projekte.\" \/>\n<meta name=\"robots\" content=\"index, follow, max-snippet:-1, max-image-preview:large, max-video-preview:-1\" \/>\n<link rel=\"canonical\" href=\"https:\/\/e-max.eu\/de\/unser-verkaufsteam\/\" \/>\n<meta property=\"og:locale\" content=\"de_DE\" \/>\n<meta property=\"og:type\" content=\"article\" \/>\n<meta property=\"og:title\" content=\"Lernen Sie unser Vertriebsteam kennen - E-MAX\" \/>\n<meta property=\"og:description\" content=\"Lernen Sie das E-MAX-Verkaufsteam kennen. Experten f\u00fcr Aluminiuml\u00f6sungen, bereit f\u00fcr Ihre Projekte.\" \/>\n<meta property=\"og:url\" content=\"https:\/\/e-max.eu\/de\/unser-verkaufsteam\/\" \/>\n<meta property=\"og:site_name\" content=\"E-MAX\" \/>\n<meta property=\"article:modified_time\" content=\"2025-10-10T06:53:01+00:00\" \/>\n<meta name=\"twitter:card\" content=\"summary_large_image\" \/>\n<script type=\"application\/ld+json\" class=\"yoast-schema-graph\">{\"@context\":\"https:\/\/schema.org\",\"@graph\":[{\"@type\":\"WebPage\",\"@id\":\"https:\/\/e-max.eu\/de\/unser-verkaufsteam\/\",\"url\":\"https:\/\/e-max.eu\/de\/unser-verkaufsteam\/\",\"name\":\"Lernen Sie unser Vertriebsteam kennen - E-MAX\",\"isPartOf\":{\"@id\":\"https:\/\/e-max.eu\/#website\"},\"datePublished\":\"2023-05-22T09:08:02+00:00\",\"dateModified\":\"2025-10-10T06:53:01+00:00\",\"description\":\"Lernen Sie das E-MAX-Verkaufsteam kennen. Experten f\u00fcr Aluminiuml\u00f6sungen, bereit f\u00fcr Ihre Projekte.\",\"breadcrumb\":{\"@id\":\"https:\/\/e-max.eu\/de\/unser-verkaufsteam\/#breadcrumb\"},\"inLanguage\":\"de\",\"potentialAction\":[{\"@type\":\"ReadAction\",\"target\":[\"https:\/\/e-max.eu\/de\/unser-verkaufsteam\/\"]}]},{\"@type\":\"BreadcrumbList\",\"@id\":\"https:\/\/e-max.eu\/de\/unser-verkaufsteam\/#breadcrumb\",\"itemListElement\":[{\"@type\":\"ListItem\",\"position\":1,\"name\":\"Home\",\"item\":\"https:\/\/e-max.eu\/de\/\"},{\"@type\":\"ListItem\",\"position\":2,\"name\":\"Unser Verkaufsteam\"}]},{\"@type\":\"WebSite\",\"@id\":\"https:\/\/e-max.eu\/#website\",\"url\":\"https:\/\/e-max.eu\/\",\"name\":\"E-MAX\",\"description\":\"Gerecycleerd aluminium met laagste carbon footprint\",\"publisher\":{\"@id\":\"https:\/\/e-max.eu\/#organization\"},\"potentialAction\":[{\"@type\":\"SearchAction\",\"target\":{\"@type\":\"EntryPoint\",\"urlTemplate\":\"https:\/\/e-max.eu\/?s={search_term_string}\"},\"query-input\":{\"@type\":\"PropertyValueSpecification\",\"valueRequired\":true,\"valueName\":\"search_term_string\"}}],\"inLanguage\":\"de\"},{\"@type\":\"Organization\",\"@id\":\"https:\/\/e-max.eu\/#organization\",\"name\":\"E-MAX Aluminium N.V.\",\"url\":\"https:\/\/e-max.eu\/\",\"logo\":{\"@type\":\"ImageObject\",\"inLanguage\":\"de\",\"@id\":\"https:\/\/e-max.eu\/#\/schema\/logo\/image\/\",\"url\":\"https:\/\/i0.wp.com\/e-max.eu\/wp-content\/uploads\/2023\/04\/mb-EMAX-logo-Colour-Screen-RGB.png?fit=137%2C46&ssl=1\",\"contentUrl\":\"https:\/\/i0.wp.com\/e-max.eu\/wp-content\/uploads\/2023\/04\/mb-EMAX-logo-Colour-Screen-RGB.png?fit=137%2C46&ssl=1\",\"width\":137,\"height\":46,\"caption\":\"E-MAX Aluminium N.V.\"},\"image\":{\"@id\":\"https:\/\/e-max.eu\/#\/schema\/logo\/image\/\"}}]}<\/script>\n<!-- \/ Yoast SEO plugin. -->","yoast_head_json":{"title":"Lernen Sie unser Vertriebsteam kennen - E-MAX","description":"Lernen Sie das E-MAX-Verkaufsteam kennen. Experten f\u00fcr Aluminiuml\u00f6sungen, bereit f\u00fcr Ihre Projekte.","robots":{"index":"index","follow":"follow","max-snippet":"max-snippet:-1","max-image-preview":"max-image-preview:large","max-video-preview":"max-video-preview:-1"},"canonical":"https:\/\/e-max.eu\/de\/unser-verkaufsteam\/","og_locale":"de_DE","og_type":"article","og_title":"Lernen Sie unser Vertriebsteam kennen - E-MAX","og_description":"Lernen Sie das E-MAX-Verkaufsteam kennen. Experten f\u00fcr Aluminiuml\u00f6sungen, bereit f\u00fcr Ihre Projekte.","og_url":"https:\/\/e-max.eu\/de\/unser-verkaufsteam\/","og_site_name":"E-MAX","article_modified_time":"2025-10-10T06:53:01+00:00","twitter_card":"summary_large_image","schema":{"@context":"https:\/\/schema.org","@graph":[{"@type":"WebPage","@id":"https:\/\/e-max.eu\/de\/unser-verkaufsteam\/","url":"https:\/\/e-max.eu\/de\/unser-verkaufsteam\/","name":"Lernen Sie unser Vertriebsteam kennen - E-MAX","isPartOf":{"@id":"https:\/\/e-max.eu\/#website"},"datePublished":"2023-05-22T09:08:02+00:00","dateModified":"2025-10-10T06:53:01+00:00","description":"Lernen Sie das E-MAX-Verkaufsteam kennen. Experten f\u00fcr Aluminiuml\u00f6sungen, bereit f\u00fcr Ihre Projekte.","breadcrumb":{"@id":"https:\/\/e-max.eu\/de\/unser-verkaufsteam\/#breadcrumb"},"inLanguage":"de","potentialAction":[{"@type":"ReadAction","target":["https:\/\/e-max.eu\/de\/unser-verkaufsteam\/"]}]},{"@type":"BreadcrumbList","@id":"https:\/\/e-max.eu\/de\/unser-verkaufsteam\/#breadcrumb","itemListElement":[{"@type":"ListItem","position":1,"name":"Home","item":"https:\/\/e-max.eu\/de\/"},{"@type":"ListItem","position":2,"name":"Unser Verkaufsteam"}]},{"@type":"WebSite","@id":"https:\/\/e-max.eu\/#website","url":"https:\/\/e-max.eu\/","name":"E-MAX","description":"Gerecycleerd aluminium met laagste carbon footprint","publisher":{"@id":"https:\/\/e-max.eu\/#organization"},"potentialAction":[{"@type":"SearchAction","target":{"@type":"EntryPoint","urlTemplate":"https:\/\/e-max.eu\/?s={search_term_string}"},"query-input":{"@type":"PropertyValueSpecification","valueRequired":true,"valueName":"search_term_string"}}],"inLanguage":"de"},{"@type":"Organization","@id":"https:\/\/e-max.eu\/#organization","name":"E-MAX Aluminium N.V.","url":"https:\/\/e-max.eu\/","logo":{"@type":"ImageObject","inLanguage":"de","@id":"https:\/\/e-max.eu\/#\/schema\/logo\/image\/","url":"https:\/\/i0.wp.com\/e-max.eu\/wp-content\/uploads\/2023\/04\/mb-EMAX-logo-Colour-Screen-RGB.png?fit=137%2C46&ssl=1","contentUrl":"https:\/\/i0.wp.com\/e-max.eu\/wp-content\/uploads\/2023\/04\/mb-EMAX-logo-Colour-Screen-RGB.png?fit=137%2C46&ssl=1","width":137,"height":46,"caption":"E-MAX Aluminium N.V."},"image":{"@id":"https:\/\/e-max.eu\/#\/schema\/logo\/image\/"}}]}},"_links":{"self":[{"href":"https:\/\/e-max.eu\/de\/wp-json\/wp\/v2\/pages\/9530","targetHints":{"allow":["GET"]}}],"collection":[{"href":"https:\/\/e-max.eu\/de\/wp-json\/wp\/v2\/pages"}],"about":[{"href":"https:\/\/e-max.eu\/de\/wp-json\/wp\/v2\/types\/page"}],"author":[{"embeddable":true,"href":"https:\/\/e-max.eu\/de\/wp-json\/wp\/v2\/users\/1"}],"replies":[{"embeddable":true,"href":"https:\/\/e-max.eu\/de\/wp-json\/wp\/v2\/comments?post=9530"}],"version-history":[{"count":7,"href":"https:\/\/e-max.eu\/de\/wp-json\/wp\/v2\/pages\/9530\/revisions"}],"predecessor-version":[{"id":16557,"href":"https:\/\/e-max.eu\/de\/wp-json\/wp\/v2\/pages\/9530\/revisions\/16557"}],"wp:attachment":[{"href":"https:\/\/e-max.eu\/de\/wp-json\/wp\/v2\/media?parent=9530"}],"curies":[{"name":"wp","href":"https:\/\/api.w.org\/{rel}","templated":true}]}}