{"id":10063,"date":"2023-06-23T11:25:17","date_gmt":"2023-06-23T09:25:17","guid":{"rendered":"https:\/\/migrate.e-max.eu\/?page_id=10063"},"modified":"2025-07-24T14:51:32","modified_gmt":"2025-07-24T12:51:32","slug":"equipement-en-hauteur-en-aluminium-durable","status":"publish","type":"page","link":"https:\/\/e-max.eu\/fr\/equipement-en-hauteur-en-aluminium-durable\/","title":{"rendered":"EQUIPEMENT EN HAUTEUR EN ALUMINIUM DURABLE"},"content":{"rendered":"\n<section id=\"photo-info-overlay-block_cd1aee28cb9e93dbaa7cdf56160dd2fe\" class=\" col-12 photo-info-overlay  d-flex align-items-stretch top-defaultpadding bottom-defaultpadding\">\n  <div id=\"photo-info-overlay-block_cd1aee28cb9e93dbaa7cdf56160dd2fe-hook\" class=\"hook\"><\/div>  <style>\n          @media (min-width: 992px) {\n        #photo-info-overlay-block_cd1aee28cb9e93dbaa7cdf56160dd2fe {\n          height: auto;\n          min-height: 320px;\n        }\n      }\n              @media (max-width: 991px) {\n        #photo-info-overlay-block_cd1aee28cb9e93dbaa7cdf56160dd2fe {\n            height: auto;\n            min-height: 120px;\n        }\n      }\n              @media (min-width: 1199.99px) {\n        #photo-info-overlay-block_cd1aee28cb9e93dbaa7cdf56160dd2fe .wrapper h1,\n        #photo-info-overlay-block_cd1aee28cb9e93dbaa7cdf56160dd2fe .wrapper h2 {\n          font-size: 3.125rem;\n        }\n      }\n              @media (min-width: 575.99px) and (max-width: 1199.98px) {\n        #photo-info-overlay-block_cd1aee28cb9e93dbaa7cdf56160dd2fe .wrapper h1,\n        #photo-info-overlay-block_cd1aee28cb9e93dbaa7cdf56160dd2fe .wrapper h2 {\n          font-size: 2.1875rem;\n        }\n      }\n              @media (max-width: 575.98px) {\n        #photo-info-overlay-block_cd1aee28cb9e93dbaa7cdf56160dd2fe .wrapper h1,\n        #photo-info-overlay-block_cd1aee28cb9e93dbaa7cdf56160dd2fe .wrapper h2 {\n          font-size: 1.5625rem;\n        }\n      }\n              @media (min-width: 1199.99px) {\n        #photo-info-overlay-block_cd1aee28cb9e93dbaa7cdf56160dd2fe .wrapper p,\n        #photo-info-overlay-block_cd1aee28cb9e93dbaa7cdf56160dd2fe .wrapper p {\n          font-size: 1rem;\n        }\n      }\n              @media (min-width: 575.99px) and (max-width: 1199.98px) {\n        #photo-info-overlay-block_cd1aee28cb9e93dbaa7cdf56160dd2fe .wrapper p,\n        #photo-info-overlay-block_cd1aee28cb9e93dbaa7cdf56160dd2fe .wrapper p {\n          font-size: 1rem;\n        }\n      }\n              @media (max-width: 575.98px) {\n        #photo-info-overlay-block_cd1aee28cb9e93dbaa7cdf56160dd2fe .wrapper p,\n        #photo-info-overlay-block_cd1aee28cb9e93dbaa7cdf56160dd2fe .wrapper p {\n          font-size: 0.875rem;\n        }\n      }\n      <\/style>\n\n      <div class=\"background\" style=\"background-image: url(https:\/\/i0.wp.com\/e-max.eu\/wp-content\/uploads\/2023\/04\/header-scaled.jpg?fit=2048%2C415&#038;ssl=1)\"><\/div>\n      <div class=\"container d-flex flex-column justify-content-start\">\n    <div class=\"row d-flex flex-column align-items-start\">\n      <div class=\"col-12 col-lg-1\">\n        <div class=\"content \" >\n          <div class=\"color white\" style=\"opacity: calc(0\/100);\"><\/div>\n                    <div class=\"wrapper\">\n\n            \n            <div class=\"text\" style=\"color: var(--black)\">\n              \n            <\/div>\n\n                      <\/div>\n        <\/div>\n      <\/div>\n    <\/div>\n  <\/div>\n<\/section>\n\n\n\n<section id=\"intro-block_c104a375169d4cdd452f604d8a0c5233\" class=\"col-12 white intro top-defaultpadding bottom-defaultpadding\">\n  <div id=\"intro-block_c104a375169d4cdd452f604d8a0c5233-hook\" class=\"hook\"><\/div>      <style>\n      @media (max-width: 768px) {\n        #intro-block_c104a375169d4cdd452f604d8a0c5233 .title * {\n          text-align: left!important;\n        }\n\n        #intro-block_c104a375169d4cdd452f604d8a0c5233 .desc * {\n          text-align: left!important;\n        }\n      }\n    <\/style>\n    \n            \n    \n  <div class=\"container\">\n    <div class=\"row column-direction   \">\n      <div class=\"col-12 col-md-7 description  \">\n                                    <div class=\"title\" style=\"color: var(--black)\">\n                              <h1><span>EQUIPEMENT EN HAUTEUR EN ALUMINIUM DURABLE<\/span>\n<\/h1>\n                            <\/div>\n                      \n                      <div class=\"desc\" style=\"color: var(--black)\">\n              <p><span style=\"color: #83b81a;\"><strong>Tr\u00e8s faible empreinte carbone<\/strong><\/span><\/p>\n<p><a href=\"https:\/\/e-max.eu\/fr\/equipe-de-vente\/\">N&rsquo;h\u00e9sitez pas \u00e0 contacter directement l&rsquo;un de nos responsables de compte<\/a><\/p>\n<p><strong>Gr\u00e2ce \u00e0 X-ECO, le travail en hauteur devient aussi durable que possible<\/strong><br \/>\nX-ECO est le nom de marque de l&rsquo;aluminium circulaire de haute qualit\u00e9 et durable produit dans la fonderie d&rsquo;aluminium d&rsquo;E-MAX \u00e0 Kerkrade (Pays-Bas). Le produit contient une grande quantit\u00e9 d&rsquo;aluminium recycl\u00e9 (au moins 80 %), est produit localement en utilisant autant de combustibles non fossiles que possible et a une tr\u00e8s faible empreinte carbone (2 \u00e0 4 tonnes de CO\u2082\/tonne d&rsquo;aluminium). L&#8217;empreinte \u00e9cologique est certifi\u00e9e par l&rsquo;organisme de certification DNV. \u00c0 titre de comparaison, la moyenne mondiale est de 18 tonnes de CO\u2082\/tonne d&rsquo;aluminium, tandis que la moyenne europ\u00e9enne est de 8 tonnes de CO\u2082\/tonne d&rsquo;aluminium.<\/p>\n<p>Quatre alliages sont propos\u00e9s :<\/p>\n<ul>\n<li>X-ECO.22 \/ EN AW 6060 : convient particuli\u00e8rement aux encadrements de fen\u00eatres et de portes, aux syst\u00e8mes de fa\u00e7ade, aux syst\u00e8mes d\u00e9coratifs et aux panneaux solaires.<\/li>\n<li>X-ECO.25 \/ EN AW 6063 : surtout pour les serres, les pi\u00e8ces de machines et d&rsquo;automobiles et le mat\u00e9riel de travail en hauteur.<\/li>\n<li>X-ECO.27 \/ EN AW 6005 : surtout pour les pi\u00e8ces automobiles, les composants de tentes, les \u00e9l\u00e9ments de construction et le mat\u00e9riel de travail en hauteur.<\/li>\n<li>X-ECO.29 \/ EN AW 6061 : surtout pour les pi\u00e8ces automobiles, les composants de tentes, les \u00e9l\u00e9ments de construction et le mat\u00e9riel de travail en hauteur.<\/li>\n<\/ul>\n<p>Tous les alliages sont conformes aux normes de qualit\u00e9 europ\u00e9ennes EN-486 et EN-573.<\/p>\n\n            <\/div>\n                          <\/div>\n      <div class=\"col-12 col-md-5  \">\n                    <img decoding=\"async\"\n              src=\"https:\/\/i0.wp.com\/e-max.eu\/wp-content\/uploads\/2023\/06\/iStock-495732240-1_0.jpg?fit=600%2C600&#038;ssl=1\"\n              alt=\"2 stijgers met gele bescherming op een blauwe achtergrond\"\n              title=\"iStock-495732240 (1)_0\"\n              class=\"img-responsive\"\n              srcset=\"https:\/\/i0.wp.com\/e-max.eu\/wp-content\/uploads\/2023\/06\/iStock-495732240-1_0.jpg?fit=450%2C450&#038;ssl=1 480w,\n                      https:\/\/i0.wp.com\/e-max.eu\/wp-content\/uploads\/2023\/06\/iStock-495732240-1_0.jpg?fit=600%2C600&#038;ssl=1 2048w\"\n              sizes=\"(max-width: 480px) 480px\"\n              width=\"470\"\n                          \/>\n              <\/div>\n    <\/div>\n  <\/div>\n<\/section>\n\n\n\n<section id=\"intro-block_b846ef22ef950e00812f58769c89e53e\" class=\"col-12 white intro top-defaultpadding bottom-defaultpadding\">\n  <div id=\"intro-block_b846ef22ef950e00812f58769c89e53e-hook\" class=\"hook\"><\/div>    \n            \n    \n  <div class=\"container\">\n    <div class=\"row column-direction reverse reverse-mobile \">\n      <div class=\"col-12 col-md-6 description  \">\n                                    <div class=\"title\" style=\"color: var(--black)\">\n                              <h2><span>DES APPLICATIONS AUSSI NOMBREUSES QUE VARI\u00c9ES<\/span>\n<\/h2>\n                            <\/div>\n                      \n                      <div class=\"desc\" style=\"color: var(--black)\">\n              <p>L\u2019entreprise E-MAX assure elle-m\u00eame la transformation de l\u2019aluminium X-ECO en profil\u00e9s. Elle peut produire de petits profil\u00e9s complexes, mais aussi des profil\u00e9s de plus grande taille en quantit\u00e9s plus importantes (de 0,150 \u00e0 18 kg\/m). Ces profil\u00e9s sont utilis\u00e9s pour la production de mat\u00e9riel de travail en hauteur, notamment des \u00e9chelles, des escaliers, des \u00e9chafaudages et des passerelles.<\/p>\n<p><a href=\"https:\/\/e-max.eu\/fr\/telecharger\/brochure\/\" target=\"_blank\" rel=\"noopener\">T\u00c9L\u00c9CHARGEZ NOTRE BROCHURE ICI<\/a><\/p>\n\n            <\/div>\n                          <\/div>\n      <div class=\"col-12 col-md-6  \">\n                    <img decoding=\"async\"\n              src=\"https:\/\/i0.wp.com\/e-max.eu\/wp-content\/uploads\/2023\/06\/iStock-172343070-scaled.jpg?fit=1024%2C685&#038;ssl=1\"\n              alt=\"uitzicht van 3 laders met een heldere blauwe lucht op de achtergrond\"\n              title=\"Aluminum ladders against sky.\"\n              class=\"img-responsive\"\n              srcset=\"https:\/\/i0.wp.com\/e-max.eu\/wp-content\/uploads\/2023\/06\/iStock-172343070-scaled.jpg?fit=450%2C301&#038;ssl=1 480w,\n                      https:\/\/i0.wp.com\/e-max.eu\/wp-content\/uploads\/2023\/06\/iStock-172343070-scaled.jpg?fit=1024%2C685&#038;ssl=1 2048w\"\n              sizes=\"(max-width: 480px) 480px\"\n              width=\"470\"\n                          \/>\n              <\/div>\n    <\/div>\n  <\/div>\n<\/section>\n\n\n\n<section id=\"intro-block_c6a46b600fa3f9076a556a05a07cdbfa\" class=\"col-12 white intro top-defaultpadding bottom-defaultpadding\">\n  <div id=\"intro-block_c6a46b600fa3f9076a556a05a07cdbfa-hook\" class=\"hook\"><\/div>    \n            \n    \n  <div class=\"container\">\n    <div class=\"row column-direction   \">\n      <div class=\"col-12 col-md-6 description  \">\n                                    <div class=\"title\" style=\"color: var(--black)\">\n                              <h2><span>SCIENTIFIQUEMENT PROUV\u00c9<\/span>\n<\/h2>\n                            <\/div>\n                      \n                      <div class=\"desc\" style=\"color: var(--black)\">\n              <p>Le nom X-ECO est d\u00e9riv\u00e9 de l&rsquo;expression latine \u00ab ex \u00e6quo \u00bb qui signifie \u00ab \u00e9gal \u00e0 \u00bb.<br \/>\nX-ECO est un aluminium circulaire riche en alliage avec une composition \u00e9quilibr\u00e9e en oligo-\u00e9l\u00e9ments. De ce fait, ses propri\u00e9t\u00e9s m\u00e9caniques et de surface sont au moins \u00e9gales \u00e0 celles de l&rsquo;aluminium classique.<\/p>\n<p>Cela fait plus de 10 ans qu&rsquo;une \u00e9tude scientifique est men\u00e9e en coop\u00e9ration avec l&rsquo;Universit\u00e9 Libre de Bruxelles sur la qualit\u00e9 de l&rsquo;aluminium circulaire. Cette \u00e9tude d\u00e9montre les bonnes performances de l&rsquo;aluminium circulaire haute qualit\u00e9 X-ECO, \u00e0 savoir :<\/p>\n<ul>\n<li>Une <a href=\"https:\/\/e-max.eu\/fr\/telecharger\/infographique\/\">structure de surface<\/a> matte et r\u00e9guli\u00e8re apr\u00e8s d\u00e9capage<\/li>\n<li>Une faible variation de <a href=\"https:\/\/e-max.eu\/fr\/telecharger\/infographique\/\">couleur<\/a> apr\u00e8s anodisation<\/li>\n<li>Une bonne r\u00e9sistance \u00e0 la <a href=\"https:\/\/e-max.eu\/fr\/telecharger\/infographique\/\">corrosion filiforme<\/a> apr\u00e8s rev\u00eatement par pulv\u00e9risation<\/li>\n<\/ul>\n<h2>D\u00e9couvrez comment vous pouvez contribuer \u00e0 une \u00e9conomie circulaire gr\u00e2ce \u00e0 X-ECO<\/h2>\n<p><a tabindex=\"-1\" href=\"https:\/\/e-max.eu\/fr\/citation-demande\/\" data-entity-substitution=\"canonical\" data-entity-type=\"node\" data-entity-uuid=\"e00506bc-9610-408c-a1e7-c581a9e02b2c\">Contactez-nous<\/a>\u00a0pour des conseils personnalis\u00e9s. Nous nous ferons un plaisir de vous aider \u00e0 trouver une solution adapt\u00e9e \u00e0 chaque situation.<\/p>\n\n            <\/div>\n                          <\/div>\n      <div class=\"col-12 col-md-6  \">\n                    <img decoding=\"async\"\n              src=\"https:\/\/i0.wp.com\/e-max.eu\/wp-content\/uploads\/2023\/05\/earth__vrijstaand_1.png?fit=507%2C424&#038;ssl=1\"\n              alt=\"Hand met daarin een ilustraie van een deel van de werkeldbol\"\n              title=\"earth__vrijstaand_1\"\n              class=\"img-responsive\"\n              srcset=\"https:\/\/i0.wp.com\/e-max.eu\/wp-content\/uploads\/2023\/05\/earth__vrijstaand_1.png?fit=450%2C376&#038;ssl=1 480w,\n                      https:\/\/i0.wp.com\/e-max.eu\/wp-content\/uploads\/2023\/05\/earth__vrijstaand_1.png?fit=507%2C424&#038;ssl=1 2048w\"\n              sizes=\"(max-width: 480px) 480px\"\n              width=\"470\"\n                          \/>\n              <\/div>\n    <\/div>\n  <\/div>\n<\/section>\n","protected":false},"excerpt":{"rendered":"","protected":false},"author":1,"featured_media":0,"parent":0,"menu_order":0,"comment_status":"closed","ping_status":"closed","template":"","meta":{"_acf_changed":false,"footnotes":""},"class_list":["post-10063","page","type-page","status-publish","hentry"],"acf":[],"yoast_head":"<!-- This site is optimized with the Yoast SEO plugin v27.1.1 - https:\/\/yoast.com\/product\/yoast-seo-wordpress\/ -->\n<title>EQUIPEMENT EN HAUTEUR EN ALUMINIUM DURABLE - E-MAX<\/title>\n<meta name=\"description\" content=\"Profil\u00e9s en aluminium durables d&#039;E-MAX pour \u00e9chelles, escaliers et \u00e9chafaudages \u00e0 faible empreinte carbone.\" \/>\n<meta name=\"robots\" content=\"index, follow, max-snippet:-1, max-image-preview:large, max-video-preview:-1\" \/>\n<link rel=\"canonical\" href=\"https:\/\/e-max.eu\/fr\/equipement-en-hauteur-en-aluminium-durable\/\" \/>\n<meta property=\"og:locale\" content=\"fr_FR\" \/>\n<meta property=\"og:type\" content=\"article\" \/>\n<meta property=\"og:title\" content=\"EQUIPEMENT EN HAUTEUR EN ALUMINIUM DURABLE - E-MAX\" \/>\n<meta property=\"og:description\" content=\"Profil\u00e9s en aluminium durables d&#039;E-MAX pour \u00e9chelles, escaliers et \u00e9chafaudages \u00e0 faible empreinte carbone.\" \/>\n<meta property=\"og:url\" content=\"https:\/\/e-max.eu\/fr\/equipement-en-hauteur-en-aluminium-durable\/\" \/>\n<meta property=\"og:site_name\" content=\"E-MAX\" \/>\n<meta property=\"article:modified_time\" content=\"2025-07-24T12:51:32+00:00\" \/>\n<meta name=\"twitter:card\" content=\"summary_large_image\" \/>\n<script type=\"application\/ld+json\" class=\"yoast-schema-graph\">{\"@context\":\"https:\/\/schema.org\",\"@graph\":[{\"@type\":\"WebPage\",\"@id\":\"https:\/\/e-max.eu\/fr\/equipement-en-hauteur-en-aluminium-durable\/\",\"url\":\"https:\/\/e-max.eu\/fr\/equipement-en-hauteur-en-aluminium-durable\/\",\"name\":\"EQUIPEMENT EN HAUTEUR EN ALUMINIUM DURABLE - E-MAX\",\"isPartOf\":{\"@id\":\"https:\/\/e-max.eu\/#website\"},\"datePublished\":\"2023-06-23T09:25:17+00:00\",\"dateModified\":\"2025-07-24T12:51:32+00:00\",\"description\":\"Profil\u00e9s en aluminium durables d'E-MAX pour \u00e9chelles, escaliers et \u00e9chafaudages \u00e0 faible empreinte carbone.\",\"breadcrumb\":{\"@id\":\"https:\/\/e-max.eu\/fr\/equipement-en-hauteur-en-aluminium-durable\/#breadcrumb\"},\"inLanguage\":\"fr-FR\",\"potentialAction\":[{\"@type\":\"ReadAction\",\"target\":[\"https:\/\/e-max.eu\/fr\/equipement-en-hauteur-en-aluminium-durable\/\"]}]},{\"@type\":\"BreadcrumbList\",\"@id\":\"https:\/\/e-max.eu\/fr\/equipement-en-hauteur-en-aluminium-durable\/#breadcrumb\",\"itemListElement\":[{\"@type\":\"ListItem\",\"position\":1,\"name\":\"Home\",\"item\":\"https:\/\/e-max.eu\/fr\/\"},{\"@type\":\"ListItem\",\"position\":2,\"name\":\"EQUIPEMENT EN HAUTEUR EN ALUMINIUM DURABLE\"}]},{\"@type\":\"WebSite\",\"@id\":\"https:\/\/e-max.eu\/#website\",\"url\":\"https:\/\/e-max.eu\/\",\"name\":\"E-MAX\",\"description\":\"Gerecycleerd aluminium met laagste carbon footprint\",\"publisher\":{\"@id\":\"https:\/\/e-max.eu\/#organization\"},\"potentialAction\":[{\"@type\":\"SearchAction\",\"target\":{\"@type\":\"EntryPoint\",\"urlTemplate\":\"https:\/\/e-max.eu\/?s={search_term_string}\"},\"query-input\":{\"@type\":\"PropertyValueSpecification\",\"valueRequired\":true,\"valueName\":\"search_term_string\"}}],\"inLanguage\":\"fr-FR\"},{\"@type\":\"Organization\",\"@id\":\"https:\/\/e-max.eu\/#organization\",\"name\":\"E-MAX Aluminium N.V.\",\"url\":\"https:\/\/e-max.eu\/\",\"logo\":{\"@type\":\"ImageObject\",\"inLanguage\":\"fr-FR\",\"@id\":\"https:\/\/e-max.eu\/#\/schema\/logo\/image\/\",\"url\":\"https:\/\/i0.wp.com\/e-max.eu\/wp-content\/uploads\/2023\/04\/mb-EMAX-logo-Colour-Screen-RGB.png?fit=137%2C46&ssl=1\",\"contentUrl\":\"https:\/\/i0.wp.com\/e-max.eu\/wp-content\/uploads\/2023\/04\/mb-EMAX-logo-Colour-Screen-RGB.png?fit=137%2C46&ssl=1\",\"width\":137,\"height\":46,\"caption\":\"E-MAX Aluminium N.V.\"},\"image\":{\"@id\":\"https:\/\/e-max.eu\/#\/schema\/logo\/image\/\"}}]}<\/script>\n<!-- \/ Yoast SEO plugin. -->","yoast_head_json":{"title":"EQUIPEMENT EN HAUTEUR EN ALUMINIUM DURABLE - E-MAX","description":"Profil\u00e9s en aluminium durables d'E-MAX pour \u00e9chelles, escaliers et \u00e9chafaudages \u00e0 faible empreinte carbone.","robots":{"index":"index","follow":"follow","max-snippet":"max-snippet:-1","max-image-preview":"max-image-preview:large","max-video-preview":"max-video-preview:-1"},"canonical":"https:\/\/e-max.eu\/fr\/equipement-en-hauteur-en-aluminium-durable\/","og_locale":"fr_FR","og_type":"article","og_title":"EQUIPEMENT EN HAUTEUR EN ALUMINIUM DURABLE - E-MAX","og_description":"Profil\u00e9s en aluminium durables d'E-MAX pour \u00e9chelles, escaliers et \u00e9chafaudages \u00e0 faible empreinte carbone.","og_url":"https:\/\/e-max.eu\/fr\/equipement-en-hauteur-en-aluminium-durable\/","og_site_name":"E-MAX","article_modified_time":"2025-07-24T12:51:32+00:00","twitter_card":"summary_large_image","schema":{"@context":"https:\/\/schema.org","@graph":[{"@type":"WebPage","@id":"https:\/\/e-max.eu\/fr\/equipement-en-hauteur-en-aluminium-durable\/","url":"https:\/\/e-max.eu\/fr\/equipement-en-hauteur-en-aluminium-durable\/","name":"EQUIPEMENT EN HAUTEUR EN ALUMINIUM DURABLE - E-MAX","isPartOf":{"@id":"https:\/\/e-max.eu\/#website"},"datePublished":"2023-06-23T09:25:17+00:00","dateModified":"2025-07-24T12:51:32+00:00","description":"Profil\u00e9s en aluminium durables d'E-MAX pour \u00e9chelles, escaliers et \u00e9chafaudages \u00e0 faible empreinte carbone.","breadcrumb":{"@id":"https:\/\/e-max.eu\/fr\/equipement-en-hauteur-en-aluminium-durable\/#breadcrumb"},"inLanguage":"fr-FR","potentialAction":[{"@type":"ReadAction","target":["https:\/\/e-max.eu\/fr\/equipement-en-hauteur-en-aluminium-durable\/"]}]},{"@type":"BreadcrumbList","@id":"https:\/\/e-max.eu\/fr\/equipement-en-hauteur-en-aluminium-durable\/#breadcrumb","itemListElement":[{"@type":"ListItem","position":1,"name":"Home","item":"https:\/\/e-max.eu\/fr\/"},{"@type":"ListItem","position":2,"name":"EQUIPEMENT EN HAUTEUR EN ALUMINIUM DURABLE"}]},{"@type":"WebSite","@id":"https:\/\/e-max.eu\/#website","url":"https:\/\/e-max.eu\/","name":"E-MAX","description":"Gerecycleerd aluminium met laagste carbon footprint","publisher":{"@id":"https:\/\/e-max.eu\/#organization"},"potentialAction":[{"@type":"SearchAction","target":{"@type":"EntryPoint","urlTemplate":"https:\/\/e-max.eu\/?s={search_term_string}"},"query-input":{"@type":"PropertyValueSpecification","valueRequired":true,"valueName":"search_term_string"}}],"inLanguage":"fr-FR"},{"@type":"Organization","@id":"https:\/\/e-max.eu\/#organization","name":"E-MAX Aluminium N.V.","url":"https:\/\/e-max.eu\/","logo":{"@type":"ImageObject","inLanguage":"fr-FR","@id":"https:\/\/e-max.eu\/#\/schema\/logo\/image\/","url":"https:\/\/i0.wp.com\/e-max.eu\/wp-content\/uploads\/2023\/04\/mb-EMAX-logo-Colour-Screen-RGB.png?fit=137%2C46&ssl=1","contentUrl":"https:\/\/i0.wp.com\/e-max.eu\/wp-content\/uploads\/2023\/04\/mb-EMAX-logo-Colour-Screen-RGB.png?fit=137%2C46&ssl=1","width":137,"height":46,"caption":"E-MAX Aluminium N.V."},"image":{"@id":"https:\/\/e-max.eu\/#\/schema\/logo\/image\/"}}]}},"_links":{"self":[{"href":"https:\/\/e-max.eu\/fr\/wp-json\/wp\/v2\/pages\/10063","targetHints":{"allow":["GET"]}}],"collection":[{"href":"https:\/\/e-max.eu\/fr\/wp-json\/wp\/v2\/pages"}],"about":[{"href":"https:\/\/e-max.eu\/fr\/wp-json\/wp\/v2\/types\/page"}],"author":[{"embeddable":true,"href":"https:\/\/e-max.eu\/fr\/wp-json\/wp\/v2\/users\/1"}],"replies":[{"embeddable":true,"href":"https:\/\/e-max.eu\/fr\/wp-json\/wp\/v2\/comments?post=10063"}],"version-history":[{"count":5,"href":"https:\/\/e-max.eu\/fr\/wp-json\/wp\/v2\/pages\/10063\/revisions"}],"predecessor-version":[{"id":16271,"href":"https:\/\/e-max.eu\/fr\/wp-json\/wp\/v2\/pages\/10063\/revisions\/16271"}],"wp:attachment":[{"href":"https:\/\/e-max.eu\/fr\/wp-json\/wp\/v2\/media?parent=10063"}],"curies":[{"name":"wp","href":"https:\/\/api.w.org\/{rel}","templated":true}]}}