{"id":17075,"date":"2026-03-23T15:31:42","date_gmt":"2026-03-23T14:31:42","guid":{"rendered":"https:\/\/e-max.eu\/telecharger\/rapport-vsme\/"},"modified":"2026-04-20T14:00:50","modified_gmt":"2026-04-20T12:00:50","slug":"rapport-vsme","status":"publish","type":"page","link":"https:\/\/e-max.eu\/fr\/telecharger\/rapport-vsme\/","title":{"rendered":"Rapport de la VSME"},"content":{"rendered":"\n<section id=\"photo-info-overlay-block_8419e5e4ceb03508420068b4c070238a\" class=\" col-12 photo-info-overlay  d-flex align-items-stretch top-defaultpadding bottom-defaultpadding\">\n  <div id=\"photo-info-overlay-block_8419e5e4ceb03508420068b4c070238a-hook\" class=\"hook\"><\/div>  <style>\n          @media (min-width: 992px) {\n        #photo-info-overlay-block_8419e5e4ceb03508420068b4c070238a {\n          height: auto;\n          min-height: 320px;\n        }\n      }\n              @media (max-width: 991px) {\n        #photo-info-overlay-block_8419e5e4ceb03508420068b4c070238a {\n            height: auto;\n            min-height: 120px;\n        }\n      }\n              @media (min-width: 1199.99px) {\n        #photo-info-overlay-block_8419e5e4ceb03508420068b4c070238a .wrapper h1,\n        #photo-info-overlay-block_8419e5e4ceb03508420068b4c070238a .wrapper h2 {\n          font-size: 3.125rem;\n        }\n      }\n              @media (min-width: 575.99px) and (max-width: 1199.98px) {\n        #photo-info-overlay-block_8419e5e4ceb03508420068b4c070238a .wrapper h1,\n        #photo-info-overlay-block_8419e5e4ceb03508420068b4c070238a .wrapper h2 {\n          font-size: 2.1875rem;\n        }\n      }\n              @media (max-width: 575.98px) {\n        #photo-info-overlay-block_8419e5e4ceb03508420068b4c070238a .wrapper h1,\n        #photo-info-overlay-block_8419e5e4ceb03508420068b4c070238a .wrapper h2 {\n          font-size: 1.5625rem;\n        }\n      }\n              @media (min-width: 1199.99px) {\n        #photo-info-overlay-block_8419e5e4ceb03508420068b4c070238a .wrapper p,\n        #photo-info-overlay-block_8419e5e4ceb03508420068b4c070238a .wrapper p {\n          font-size: 1rem;\n        }\n      }\n              @media (min-width: 575.99px) and (max-width: 1199.98px) {\n        #photo-info-overlay-block_8419e5e4ceb03508420068b4c070238a .wrapper p,\n        #photo-info-overlay-block_8419e5e4ceb03508420068b4c070238a .wrapper p {\n          font-size: 1rem;\n        }\n      }\n              @media (max-width: 575.98px) {\n        #photo-info-overlay-block_8419e5e4ceb03508420068b4c070238a .wrapper p,\n        #photo-info-overlay-block_8419e5e4ceb03508420068b4c070238a .wrapper p {\n          font-size: 0.875rem;\n        }\n      }\n      <\/style>\n\n      <div class=\"background\" style=\"background-image: url(https:\/\/i0.wp.com\/e-max.eu\/wp-content\/uploads\/2023\/04\/header-scaled.jpg?fit=2048%2C415&#038;ssl=1)\"><\/div>\n      <div class=\"container d-flex flex-column justify-content-start\">\n    <div class=\"row d-flex flex-column align-items-start<br><br>\u00ab\u00a0>\n      <div class=\"col-12 col-lg-1\">\n        <div class=\"content \" >\n          <div class=\"color white\" style=\"opacity: calc(0\/100);\"><\/div>\n                    <div class=\"wrapper\">\n\n            \n            <div class=\"text\" style=\"color: var(--black)\">\n              \n            <\/div>\n\n                      <\/div>\n        <\/div>\n      <\/div>\n    <\/div>\n  <\/div>\n<\/section>\n\n<section class=\"container-block white\" id=\"container-block-block_21dd1407677d4c23a31dbdb1ca59d46e\">\n  <div id=\"container-block-block_21dd1407677d4c23a31dbdb1ca59d46e-hook\" class=\"hook\"><\/div>  \n  <div class=\"container\">\n    <div class=\"row\">\n      <div class=\"col-12\">\n        \n\n<div style=\"height:100px\" aria-hidden=\"true\" class=\"wp-block-spacer\"><\/div>\n\n\n\n<h1 class=\"wp-block-heading\">T\u00c9L\u00c9CHARGEZ NOTRE RAPPORT VSME<\/h1>\n\n\n\n<p>Vous souhaitez d\u00e9couvrir comment E-MAX met en \u0153uvre la durabilit\u00e9, la responsabilit\u00e9 sociale et l\u2019\u00e9thique dans ses activit\u00e9s ? Dans notre rapport VSME, nous pr\u00e9sentons en toute transparence nos performances en mati\u00e8re d\u2019environnement, de ressources humaines et d\u2019int\u00e9grit\u00e9. Ce rapport, \u00e9labor\u00e9 selon la norme VSME, offre une vision honn\u00eate et compl\u00e8te de la situation actuelle d\u2019E-MAX ainsi que de ses ambitions futures. Vous pouvez t\u00e9l\u00e9charger le rapport sur cette page :   <\/p>\n\n\n\n<ul class=\"wp-block-list\">\n<li><strong>Rapport VSME 2024<\/strong><br\/>D\u00e9couvrez comment E-MAX agit en faveur de la r\u00e9duction des \u00e9missions de CO\u2082, de l\u2019utilisation d\u2019aluminium durable, des \u00e9nergies renouvelables et d\u2019un environnement de travail s\u00fbr pour l\u2019ensemble de ses collaborateurs.<\/li>\n<\/ul>\n\n\n\n<p>Le rapport refl\u00e8te notre conviction que l\u2019excellence op\u00e9rationnelle et un impact positif sur les personnes et l\u2019environnement vont de pair. T\u00e9l\u00e9chargez-le d\u00e8s maintenant et d\u00e9couvrez comment E-MAX contribue \u00e0 un avenir plus durable et responsable ! <\/p>\n\n\n      <\/div>\n    <\/div>\n  <\/div>\n<\/section>\n\n<section class=\"contact col-12 white top-defaultpadding bottom-defaultpadding\" id=\"vacancy-anchor\" style=\"color: var(--black);\">\n  <div id=\"contact--hook\" class=\"hook\"><\/div>    <div class=\"container\">\n      <div class=\"col-12 nopadding\">\n            <\/div>\n      <div class=\"col-12 nopadding\">\n          <div class=\"row\">\n                      <\/div>\n      <\/div>\n      <div class=\"col-12 nopadding\">\n        <div class=\"row\">\n                      <script type=\"text\/javascript\">\n\/* <![CDATA[ *\/\nvar gform;gform||(document.addEventListener(\"gform_main_scripts_loaded\",function(){gform.scriptsLoaded=!0}),document.addEventListener(\"gform\/theme\/scripts_loaded\",function(){gform.themeScriptsLoaded=!0}),window.addEventListener(\"DOMContentLoaded\",function(){gform.domLoaded=!0}),gform={domLoaded:!1,scriptsLoaded:!1,themeScriptsLoaded:!1,isFormEditor:()=>\"function\"==typeof InitializeEditor,callIfLoaded:function(o){return!(!gform.domLoaded||!gform.scriptsLoaded||!gform.themeScriptsLoaded&&!gform.isFormEditor()||(gform.isFormEditor()&&console.warn(\"The use of gform.initializeOnLoaded() is deprecated in the form editor context and will be removed in Gravity Forms 3.1.\"),o(),0))},initializeOnLoaded:function(o){gform.callIfLoaded(o)||(document.addEventListener(\"gform_main_scripts_loaded\",()=>{gform.scriptsLoaded=!0,gform.callIfLoaded(o)}),document.addEventListener(\"gform\/theme\/scripts_loaded\",()=>{gform.themeScriptsLoaded=!0,gform.callIfLoaded(o)}),window.addEventListener(\"DOMContentLoaded\",()=>{gform.domLoaded=!0,gform.callIfLoaded(o)}))},hooks:{action:{},filter:{}},addAction:function(o,r,e,t){gform.addHook(\"action\",o,r,e,t)},addFilter:function(o,r,e,t){gform.addHook(\"filter\",o,r,e,t)},doAction:function(o){gform.doHook(\"action\",o,arguments)},applyFilters:function(o){return gform.doHook(\"filter\",o,arguments)},removeAction:function(o,r){gform.removeHook(\"action\",o,r)},removeFilter:function(o,r,e){gform.removeHook(\"filter\",o,r,e)},addHook:function(o,r,e,t,n){null==gform.hooks[o][r]&&(gform.hooks[o][r]=[]);var d=gform.hooks[o][r];null==n&&(n=r+\"_\"+d.length),gform.hooks[o][r].push({tag:n,callable:e,priority:t=null==t?10:t})},doHook:function(r,o,e){var t;if(e=Array.prototype.slice.call(e,1),null!=gform.hooks[r][o]&&((o=gform.hooks[r][o]).sort(function(o,r){return o.priority-r.priority}),o.forEach(function(o){\"function\"!=typeof(t=o.callable)&&(t=window[t]),\"action\"==r?t.apply(null,e):e[0]=t.apply(null,e)})),\"filter\"==r)return e[0]},removeHook:function(o,r,t,n){var e;null!=gform.hooks[o][r]&&(e=(e=gform.hooks[o][r]).filter(function(o,r,e){return!!(null!=n&&n!=o.tag||null!=t&&t!=o.priority)}),gform.hooks[o][r]=e)}});\n\/* ]]> *\/\n<\/script>\n\n                <div class='gf_browser_gecko gform_wrapper gravity-theme gform-theme--no-framework' data-form-theme='gravity-theme' data-form-index='0' id='gform_wrapper_14' ><form method='post' enctype='multipart\/form-data'  id='gform_14'  action='\/fr\/wp-json\/wp\/v2\/pages\/17075' data-formid='14' novalidate><div class='gf_invisible ginput_recaptchav3' data-sitekey='6LfVj7oqAAAAAABleM7wlq3Eu6UWay6n2KrhiYgL' data-tabindex='0'><input id=\"input_59df92329d286a5eea14c73eef94a162\" class=\"gfield_recaptcha_response\" type=\"hidden\" name=\"input_59df92329d286a5eea14c73eef94a162\" value=\"\"\/><\/div>\n                        <div class='gform-body gform_body'><div id='gform_fields_14' class='gform_fields top_label form_sublabel_below description_below validation_below'><div id=\"field_14_25\" class=\"gfield gfield--type-honeypot gform_validation_container field_sublabel_below gfield--has-description field_description_below field_validation_below gfield_visibility_visible\"  ><label class='gfield_label gform-field-label' for='input_14_25'>Comments<\/label><div class='ginput_container'><input name='input_25' id='input_14_25' type='text' value='' autocomplete='new-password'\/><\/div><div class='gfield_description' id='gfield_description_14_25'>Ce champ n\u2019est utilis\u00e9 qu\u2019\u00e0 des fins de validation et devrait rester inchang\u00e9.<\/div><\/div><li class=\"gfmc-column gfmc-column100 gfmc-row-1-column gfmc-row-1-col-1-of-1\"><ul class=\"flex-wrapper flex-wrapper-1\"><div id=\"field_14_1\" class=\"gfield gfield--type-text gfield--input-type-text gfield--width-full gfield_contains_required field_sublabel_below gfield--no-description field_description_below hidden_label field_validation_below gfield_visibility_visible\"  ><label class='gfield_label gform-field-label' for='input_14_1'>Votre nom<span class=\"gfield_required\"><span class=\"gfield_required gfield_required_text\">(N\u00e9cessaire)<\/span><\/span><\/label><div class='ginput_container ginput_container_text'><input name='input_1' id='input_14_1' type='text' value='' class='large'    placeholder='Votre nom*' aria-required=\"true\" aria-invalid=\"false\"   \/><\/div><\/div><div id=\"field_14_7\" class=\"gfield gfield--type-email gfield--input-type-email gfield--width-full gfield_contains_required field_sublabel_below gfield--no-description field_description_below hidden_label field_validation_below gfield_visibility_visible\"  ><label class='gfield_label gform-field-label' for='input_14_7'>Votre adresse e-mail<span class=\"gfield_required\"><span class=\"gfield_required gfield_required_text\">(N\u00e9cessaire)<\/span><\/span><\/label><div class='ginput_container ginput_container_email'>\n                            <input name='input_7' id='input_14_7' type='email' value='' class='large'   placeholder='Votre adresse e-mail*' aria-required=\"true\" aria-invalid=\"false\"  \/>\n                        <\/div><\/div><fieldset id=\"field_14_24\" class=\"gfield gfield--type-checkbox gfield--type-choice gfield--input-type-checkbox gfield--width-full field_sublabel_below gfield--no-description field_description_below field_validation_below gfield_visibility_visible\"  ><legend class='gfield_label gform-field-label gfield_label_before_complex' >Type de t\u00e9l\u00e9chargement<\/legend><div class='ginput_container ginput_container_checkbox'><div class='gfield_checkbox ' id='input_14_24'><div class='gchoice gchoice_14_24_1'>\n\t\t\t\t\t\t\t\t<input class='gfield-choice-input' name='input_24.1' type='checkbox'  value='DEMANDER LE RAPPORT VSME 2024'  id='choice_14_24_1'   \/>\n\t\t\t\t\t\t\t\t<label for='choice_14_24_1' id='label_14_24_1' class='gform-field-label gform-field-label--type-inline'>DEMANDER LE RAPPORT VSME 2024<\/label>\n\t\t\t\t\t\t\t<\/div><\/div><\/div><\/fieldset><\/ul><\/li><\/div><\/div>\n        <div class='gform-footer gform_footer top_label'> <input type='submit' id='gform_submit_button_14' class='gform_button button' onclick='gform.submission.handleButtonClick(this);' data-submission-type='submit' value='Envoyer'  \/> \n            <input type='hidden' class='gform_hidden' name='gform_submission_method' data-js='gform_submission_method_14' value='postback' \/>\n            <input type='hidden' class='gform_hidden' name='gform_theme' data-js='gform_theme_14' id='gform_theme_14' value='gravity-theme' \/>\n            <input type='hidden' class='gform_hidden' name='gform_style_settings' data-js='gform_style_settings_14' id='gform_style_settings_14' value='' \/>\n            <input type='hidden' class='gform_hidden' name='is_submit_14' value='1' \/>\n            <input type='hidden' class='gform_hidden' name='gform_submit' value='14' \/>\n            \n            <input type='hidden' class='gform_hidden' name='gform_currency' data-currency='EUR' value='WS\/N7\/TF0Hmi7MaGh2hm6yn3Tf+bGj7VusuEAruD0NKoUifDZhi9QxT3PPGTXzYJzzoyghTU6KQgqXOsplReZSxsUcf7yoEsvylTKJHh0KLECaE=' \/>\n            <input type='hidden' class='gform_hidden' name='gform_unique_id' value='' \/>\n            <input type='hidden' class='gform_hidden' name='state_14' value='WyJ7XCIyNC4xXCI6XCJkZjE3MTc0YzM1ZTA2NDNhNGM2YjUyZThhOTE5MjMxN1wifSIsIjAyNmZkNTI4MmEyY2M5YzE4ZWY5NWUzZmM2ODFlNzAyIl0=' \/>\n            <input type='hidden' autocomplete='off' class='gform_hidden' name='gform_target_page_number_14' id='gform_target_page_number_14' value='0' \/>\n            <input type='hidden' autocomplete='off' class='gform_hidden' name='gform_source_page_number_14' id='gform_source_page_number_14' value='1' \/>\n            <input type='hidden' name='gform_field_values' value='' \/>\n            \n        <\/div>\n                        <\/form>\n                        <\/div><script type=\"text\/javascript\">\n\/* <![CDATA[ *\/\n gform.initializeOnLoaded( function() {gformInitSpinner( 14, 'https:\/\/e-max.eu\/wp-content\/plugins\/gravityforms\/images\/spinner.svg', true );jQuery('#gform_ajax_frame_14').on('load',function(){var contents = jQuery(this).contents().find('*').html();var is_postback = contents.indexOf('GF_AJAX_POSTBACK') >= 0;if(!is_postback){return;}var form_content = jQuery(this).contents().find('#gform_wrapper_14');var is_confirmation = jQuery(this).contents().find('#gform_confirmation_wrapper_14').length > 0;var is_redirect = contents.indexOf('gformRedirect(){') >= 0;var is_form = form_content.length > 0 && ! is_redirect && ! is_confirmation;var mt = parseInt(jQuery('html').css('margin-top'), 10) + parseInt(jQuery('body').css('margin-top'), 10) + 100;if(is_form){jQuery('#gform_wrapper_14').html(form_content.html());if(form_content.hasClass('gform_validation_error')){jQuery('#gform_wrapper_14').addClass('gform_validation_error');} else {jQuery('#gform_wrapper_14').removeClass('gform_validation_error');}setTimeout( function() { \/* delay the scroll by 50 milliseconds to fix a bug in chrome *\/  }, 50 );if(window['gformInitDatepicker']) {gformInitDatepicker();}if(window['gformInitPriceFields']) {gformInitPriceFields();}var current_page = jQuery('#gform_source_page_number_14').val();gformInitSpinner( 14, 'https:\/\/e-max.eu\/wp-content\/plugins\/gravityforms\/images\/spinner.svg', true );jQuery(document).trigger('gform_page_loaded', [14, current_page]);window['gf_submitting_14'] = false;}else if(!is_redirect){var confirmation_content = jQuery(this).contents().find('.GF_AJAX_POSTBACK').html();if(!confirmation_content){confirmation_content = contents;}jQuery('#gform_wrapper_14').replaceWith(confirmation_content);jQuery(document).trigger('gform_confirmation_loaded', [14]);window['gf_submitting_14'] = false;wp.a11y.speak(jQuery('#gform_confirmation_message_14').text());}else{jQuery('#gform_14').append(contents);if(window['gformRedirect']) {gformRedirect();}}jQuery(document).trigger(\"gform_pre_post_render\", [{ formId: \"14\", currentPage: \"current_page\", abort: function() { this.preventDefault(); } }]);        if (event && event.defaultPrevented) {                return;        }        const gformWrapperDiv = document.getElementById( \"gform_wrapper_14\" );        if ( gformWrapperDiv ) {            const visibilitySpan = document.createElement( \"span\" );            visibilitySpan.id = \"gform_visibility_test_14\";            gformWrapperDiv.insertAdjacentElement( \"afterend\", visibilitySpan );        }        const visibilityTestDiv = document.getElementById( \"gform_visibility_test_14\" );        let postRenderFired = false;        function triggerPostRender() {            if ( postRenderFired ) {                return;            }            postRenderFired = true;            gform.core.triggerPostRenderEvents( 14, current_page );            if ( visibilityTestDiv ) {                visibilityTestDiv.parentNode.removeChild( visibilityTestDiv );            }        }        function debounce( func, wait, immediate ) {            var timeout;            return function() {                var context = this, args = arguments;                var later = function() {                    timeout = null;                    if ( !immediate ) func.apply( context, args );                };                var callNow = immediate && !timeout;                clearTimeout( timeout );                timeout = setTimeout( later, wait );                if ( callNow ) func.apply( context, args );            };        }        const debouncedTriggerPostRender = debounce( function() {            triggerPostRender();        }, 200 );        if ( visibilityTestDiv && visibilityTestDiv.offsetParent === null ) {            const observer = new MutationObserver( ( mutations ) => {                mutations.forEach( ( mutation ) => {                    if ( mutation.type === 'attributes' && visibilityTestDiv.offsetParent !== null ) {                        debouncedTriggerPostRender();                        observer.disconnect();                    }                });            });            observer.observe( document.body, {                attributes: true,                childList: false,                subtree: true,                attributeFilter: [ 'style', 'class' ],            });        } else {            triggerPostRender();        }    } );} ); \n\/* ]]> *\/\n<\/script>\n\n                  <\/div>\n      <\/div>\n  <\/div>\n<\/section>\n","protected":false},"excerpt":{"rendered":"","protected":false},"author":1,"featured_media":0,"parent":9666,"menu_order":0,"comment_status":"closed","ping_status":"closed","template":"","meta":{"_acf_changed":false,"footnotes":""},"class_list":["post-17075","page","type-page","status-publish","hentry"],"acf":[],"yoast_head":"<!-- This site is optimized with the Yoast SEO plugin v27.1.1 - https:\/\/yoast.com\/product\/yoast-seo-wordpress\/ -->\n<title>T\u00e9l\u00e9chargez notre rapport VSME et d\u00e9couvrez l\u2019approche durable d\u2019E-MAX<\/title>\n<meta name=\"description\" content=\"T\u00e9l\u00e9chargez le rapport VSME 2024 d\u2019E-MAX et d\u00e9couvrez comment nous agissons en faveur de la durabilit\u00e9, de la responsabilit\u00e9 sociale et de pratiques \u00e9thiques.\" \/>\n<meta name=\"robots\" content=\"index, follow, max-snippet:-1, max-image-preview:large, max-video-preview:-1\" \/>\n<link rel=\"canonical\" href=\"https:\/\/e-max.eu\/fr\/telecharger\/rapport-vsme\/\" \/>\n<meta property=\"og:locale\" content=\"fr_FR\" \/>\n<meta property=\"og:type\" content=\"article\" \/>\n<meta property=\"og:title\" content=\"T\u00e9l\u00e9chargez notre rapport VSME et d\u00e9couvrez l\u2019approche durable d\u2019E-MAX\" \/>\n<meta property=\"og:description\" content=\"T\u00e9l\u00e9chargez le rapport VSME 2024 d\u2019E-MAX et d\u00e9couvrez comment nous agissons en faveur de la durabilit\u00e9, de la responsabilit\u00e9 sociale et de pratiques \u00e9thiques.\" \/>\n<meta property=\"og:url\" content=\"https:\/\/e-max.eu\/fr\/telecharger\/rapport-vsme\/\" \/>\n<meta property=\"og:site_name\" content=\"E-MAX\" \/>\n<meta property=\"article:modified_time\" content=\"2026-04-20T12:00:50+00:00\" \/>\n<meta name=\"twitter:card\" content=\"summary_large_image\" \/>\n<meta name=\"twitter:label1\" content=\"Dur\u00e9e de lecture estim\u00e9e\" \/>\n\t<meta name=\"twitter:data1\" content=\"1 minute\" \/>\n<script type=\"application\/ld+json\" class=\"yoast-schema-graph\">{\"@context\":\"https:\/\/schema.org\",\"@graph\":[{\"@type\":\"WebPage\",\"@id\":\"https:\/\/e-max.eu\/fr\/telecharger\/rapport-vsme\/\",\"url\":\"https:\/\/e-max.eu\/fr\/telecharger\/rapport-vsme\/\",\"name\":\"T\u00e9l\u00e9chargez notre rapport VSME et d\u00e9couvrez l\u2019approche durable d\u2019E-MAX\",\"isPartOf\":{\"@id\":\"https:\/\/e-max.eu\/#website\"},\"datePublished\":\"2026-03-23T14:31:42+00:00\",\"dateModified\":\"2026-04-20T12:00:50+00:00\",\"description\":\"T\u00e9l\u00e9chargez le rapport VSME 2024 d\u2019E-MAX et d\u00e9couvrez comment nous agissons en faveur de la durabilit\u00e9, de la responsabilit\u00e9 sociale et de pratiques \u00e9thiques.\",\"breadcrumb\":{\"@id\":\"https:\/\/e-max.eu\/fr\/telecharger\/rapport-vsme\/#breadcrumb\"},\"inLanguage\":\"fr-FR\",\"potentialAction\":[{\"@type\":\"ReadAction\",\"target\":[\"https:\/\/e-max.eu\/fr\/telecharger\/rapport-vsme\/\"]}]},{\"@type\":\"BreadcrumbList\",\"@id\":\"https:\/\/e-max.eu\/fr\/telecharger\/rapport-vsme\/#breadcrumb\",\"itemListElement\":[{\"@type\":\"ListItem\",\"position\":1,\"name\":\"Home\",\"item\":\"https:\/\/e-max.eu\/fr\/\"},{\"@type\":\"ListItem\",\"position\":2,\"name\":\"T\u00e9l\u00e9chargements d&#8217;E-Max\",\"item\":\"https:\/\/e-max.eu\/fr\/telecharger\/\"},{\"@type\":\"ListItem\",\"position\":3,\"name\":\"Rapport de la VSME\"}]},{\"@type\":\"WebSite\",\"@id\":\"https:\/\/e-max.eu\/#website\",\"url\":\"https:\/\/e-max.eu\/\",\"name\":\"E-MAX\",\"description\":\"Gerecycleerd aluminium met laagste carbon footprint\",\"publisher\":{\"@id\":\"https:\/\/e-max.eu\/#organization\"},\"potentialAction\":[{\"@type\":\"SearchAction\",\"target\":{\"@type\":\"EntryPoint\",\"urlTemplate\":\"https:\/\/e-max.eu\/?s={search_term_string}\"},\"query-input\":{\"@type\":\"PropertyValueSpecification\",\"valueRequired\":true,\"valueName\":\"search_term_string\"}}],\"inLanguage\":\"fr-FR\"},{\"@type\":\"Organization\",\"@id\":\"https:\/\/e-max.eu\/#organization\",\"name\":\"E-MAX Aluminium N.V.\",\"url\":\"https:\/\/e-max.eu\/\",\"logo\":{\"@type\":\"ImageObject\",\"inLanguage\":\"fr-FR\",\"@id\":\"https:\/\/e-max.eu\/#\/schema\/logo\/image\/\",\"url\":\"https:\/\/i0.wp.com\/e-max.eu\/wp-content\/uploads\/2023\/04\/mb-EMAX-logo-Colour-Screen-RGB.png?fit=137%2C46&ssl=1\",\"contentUrl\":\"https:\/\/i0.wp.com\/e-max.eu\/wp-content\/uploads\/2023\/04\/mb-EMAX-logo-Colour-Screen-RGB.png?fit=137%2C46&ssl=1\",\"width\":137,\"height\":46,\"caption\":\"E-MAX Aluminium N.V.\"},\"image\":{\"@id\":\"https:\/\/e-max.eu\/#\/schema\/logo\/image\/\"}}]}<\/script>\n<!-- \/ Yoast SEO plugin. -->","yoast_head_json":{"title":"T\u00e9l\u00e9chargez notre rapport VSME et d\u00e9couvrez l\u2019approche durable d\u2019E-MAX","description":"T\u00e9l\u00e9chargez le rapport VSME 2024 d\u2019E-MAX et d\u00e9couvrez comment nous agissons en faveur de la durabilit\u00e9, de la responsabilit\u00e9 sociale et de pratiques \u00e9thiques.","robots":{"index":"index","follow":"follow","max-snippet":"max-snippet:-1","max-image-preview":"max-image-preview:large","max-video-preview":"max-video-preview:-1"},"canonical":"https:\/\/e-max.eu\/fr\/telecharger\/rapport-vsme\/","og_locale":"fr_FR","og_type":"article","og_title":"T\u00e9l\u00e9chargez notre rapport VSME et d\u00e9couvrez l\u2019approche durable d\u2019E-MAX","og_description":"T\u00e9l\u00e9chargez le rapport VSME 2024 d\u2019E-MAX et d\u00e9couvrez comment nous agissons en faveur de la durabilit\u00e9, de la responsabilit\u00e9 sociale et de pratiques \u00e9thiques.","og_url":"https:\/\/e-max.eu\/fr\/telecharger\/rapport-vsme\/","og_site_name":"E-MAX","article_modified_time":"2026-04-20T12:00:50+00:00","twitter_card":"summary_large_image","twitter_misc":{"Dur\u00e9e de lecture estim\u00e9e":"1 minute"},"schema":{"@context":"https:\/\/schema.org","@graph":[{"@type":"WebPage","@id":"https:\/\/e-max.eu\/fr\/telecharger\/rapport-vsme\/","url":"https:\/\/e-max.eu\/fr\/telecharger\/rapport-vsme\/","name":"T\u00e9l\u00e9chargez notre rapport VSME et d\u00e9couvrez l\u2019approche durable d\u2019E-MAX","isPartOf":{"@id":"https:\/\/e-max.eu\/#website"},"datePublished":"2026-03-23T14:31:42+00:00","dateModified":"2026-04-20T12:00:50+00:00","description":"T\u00e9l\u00e9chargez le rapport VSME 2024 d\u2019E-MAX et d\u00e9couvrez comment nous agissons en faveur de la durabilit\u00e9, de la responsabilit\u00e9 sociale et de pratiques \u00e9thiques.","breadcrumb":{"@id":"https:\/\/e-max.eu\/fr\/telecharger\/rapport-vsme\/#breadcrumb"},"inLanguage":"fr-FR","potentialAction":[{"@type":"ReadAction","target":["https:\/\/e-max.eu\/fr\/telecharger\/rapport-vsme\/"]}]},{"@type":"BreadcrumbList","@id":"https:\/\/e-max.eu\/fr\/telecharger\/rapport-vsme\/#breadcrumb","itemListElement":[{"@type":"ListItem","position":1,"name":"Home","item":"https:\/\/e-max.eu\/fr\/"},{"@type":"ListItem","position":2,"name":"T\u00e9l\u00e9chargements d&#8217;E-Max","item":"https:\/\/e-max.eu\/fr\/telecharger\/"},{"@type":"ListItem","position":3,"name":"Rapport de la VSME"}]},{"@type":"WebSite","@id":"https:\/\/e-max.eu\/#website","url":"https:\/\/e-max.eu\/","name":"E-MAX","description":"Gerecycleerd aluminium met laagste carbon footprint","publisher":{"@id":"https:\/\/e-max.eu\/#organization"},"potentialAction":[{"@type":"SearchAction","target":{"@type":"EntryPoint","urlTemplate":"https:\/\/e-max.eu\/?s={search_term_string}"},"query-input":{"@type":"PropertyValueSpecification","valueRequired":true,"valueName":"search_term_string"}}],"inLanguage":"fr-FR"},{"@type":"Organization","@id":"https:\/\/e-max.eu\/#organization","name":"E-MAX Aluminium N.V.","url":"https:\/\/e-max.eu\/","logo":{"@type":"ImageObject","inLanguage":"fr-FR","@id":"https:\/\/e-max.eu\/#\/schema\/logo\/image\/","url":"https:\/\/i0.wp.com\/e-max.eu\/wp-content\/uploads\/2023\/04\/mb-EMAX-logo-Colour-Screen-RGB.png?fit=137%2C46&ssl=1","contentUrl":"https:\/\/i0.wp.com\/e-max.eu\/wp-content\/uploads\/2023\/04\/mb-EMAX-logo-Colour-Screen-RGB.png?fit=137%2C46&ssl=1","width":137,"height":46,"caption":"E-MAX Aluminium N.V."},"image":{"@id":"https:\/\/e-max.eu\/#\/schema\/logo\/image\/"}}]}},"_links":{"self":[{"href":"https:\/\/e-max.eu\/fr\/wp-json\/wp\/v2\/pages\/17075","targetHints":{"allow":["GET"]}}],"collection":[{"href":"https:\/\/e-max.eu\/fr\/wp-json\/wp\/v2\/pages"}],"about":[{"href":"https:\/\/e-max.eu\/fr\/wp-json\/wp\/v2\/types\/page"}],"author":[{"embeddable":true,"href":"https:\/\/e-max.eu\/fr\/wp-json\/wp\/v2\/users\/1"}],"replies":[{"embeddable":true,"href":"https:\/\/e-max.eu\/fr\/wp-json\/wp\/v2\/comments?post=17075"}],"version-history":[{"count":1,"href":"https:\/\/e-max.eu\/fr\/wp-json\/wp\/v2\/pages\/17075\/revisions"}],"predecessor-version":[{"id":17076,"href":"https:\/\/e-max.eu\/fr\/wp-json\/wp\/v2\/pages\/17075\/revisions\/17076"}],"up":[{"embeddable":true,"href":"https:\/\/e-max.eu\/fr\/wp-json\/wp\/v2\/pages\/9666"}],"wp:attachment":[{"href":"https:\/\/e-max.eu\/fr\/wp-json\/wp\/v2\/media?parent=17075"}],"curies":[{"name":"wp","href":"https:\/\/api.w.org\/{rel}","templated":true}]}}