{"id":9585,"date":"2023-05-24T12:24:45","date_gmt":"2023-05-24T10:24:45","guid":{"rendered":"https:\/\/migrate.e-max.eu\/werken-bij-e-max\/"},"modified":"2025-04-03T08:29:29","modified_gmt":"2025-04-03T06:29:29","slug":"offres-demploi","status":"publish","type":"page","link":"https:\/\/e-max.eu\/fr\/offres-demploi\/","title":{"rendered":"Offres D&#8217;emploi"},"content":{"rendered":"\n<section id=\"photo-info-overlay-block_9c243303dd3a5f101b1aa77e5ca8713d\" class=\" col-12 photo-info-overlay  d-flex align-items-stretch top-defaultpadding bottom-defaultpadding\">\n  <div id=\"photo-info-overlay-block_9c243303dd3a5f101b1aa77e5ca8713d-hook\" class=\"hook\"><\/div>  <style>\n          @media (min-width: 992px) {\n        #photo-info-overlay-block_9c243303dd3a5f101b1aa77e5ca8713d {\n          height: auto;\n          min-height: 320px;\n        }\n      }\n              @media (max-width: 991px) {\n        #photo-info-overlay-block_9c243303dd3a5f101b1aa77e5ca8713d {\n            height: auto;\n            min-height: 120px;\n        }\n      }\n              @media (min-width: 1199.99px) {\n        #photo-info-overlay-block_9c243303dd3a5f101b1aa77e5ca8713d .wrapper h1,\n        #photo-info-overlay-block_9c243303dd3a5f101b1aa77e5ca8713d .wrapper h2 {\n          font-size: 3.125rem;\n        }\n      }\n              @media (min-width: 575.99px) and (max-width: 1199.98px) {\n        #photo-info-overlay-block_9c243303dd3a5f101b1aa77e5ca8713d .wrapper h1,\n        #photo-info-overlay-block_9c243303dd3a5f101b1aa77e5ca8713d .wrapper h2 {\n          font-size: 2.1875rem;\n        }\n      }\n              @media (max-width: 575.98px) {\n        #photo-info-overlay-block_9c243303dd3a5f101b1aa77e5ca8713d .wrapper h1,\n        #photo-info-overlay-block_9c243303dd3a5f101b1aa77e5ca8713d .wrapper h2 {\n          font-size: 1.5625rem;\n        }\n      }\n              @media (min-width: 1199.99px) {\n        #photo-info-overlay-block_9c243303dd3a5f101b1aa77e5ca8713d .wrapper p,\n        #photo-info-overlay-block_9c243303dd3a5f101b1aa77e5ca8713d .wrapper p {\n          font-size: 1rem;\n        }\n      }\n              @media (min-width: 575.99px) and (max-width: 1199.98px) {\n        #photo-info-overlay-block_9c243303dd3a5f101b1aa77e5ca8713d .wrapper p,\n        #photo-info-overlay-block_9c243303dd3a5f101b1aa77e5ca8713d .wrapper p {\n          font-size: 1rem;\n        }\n      }\n              @media (max-width: 575.98px) {\n        #photo-info-overlay-block_9c243303dd3a5f101b1aa77e5ca8713d .wrapper p,\n        #photo-info-overlay-block_9c243303dd3a5f101b1aa77e5ca8713d .wrapper p {\n          font-size: 0.875rem;\n        }\n      }\n      <\/style>\n\n      <div class=\"background\" style=\"background-image: url(https:\/\/i0.wp.com\/e-max.eu\/wp-content\/uploads\/2023\/04\/header-scaled.jpg?fit=2048%2C415&#038;ssl=1)\"><\/div>\n      <div class=\"container d-flex flex-column justify-content-start\">\n    <div class=\"row d-flex flex-column align-items-start\">\n      <div class=\"col-12 col-lg-1\">\n        <div class=\"content \" >\n          <div class=\"color white\" style=\"opacity: calc(0\/100);\"><\/div>\n                    <div class=\"wrapper\">\n\n            \n            <div class=\"text\" style=\"color: var(--black)\">\n              \n            <\/div>\n\n                      <\/div>\n        <\/div>\n      <\/div>\n    <\/div>\n  <\/div>\n<\/section>\n\n\n\n<section id=\"intro-block_a434a1c5ef941ac22ed26c51c5b80f58\" class=\"col-12 white intro top-defaultpadding bottom-space-xs\">\n  <div id=\"intro-block_a434a1c5ef941ac22ed26c51c5b80f58-hook\" class=\"hook\"><\/div>      <style>\n      @media (max-width: 768px) {\n        #intro-block_a434a1c5ef941ac22ed26c51c5b80f58 .title * {\n          text-align: left!important;\n        }\n\n        #intro-block_a434a1c5ef941ac22ed26c51c5b80f58 .desc * {\n          text-align: left!important;\n        }\n      }\n    <\/style>\n    \n            \n    \n  <div class=\"container\">\n    <div class=\"row column-direction   \">\n      <div class=\"col-12 col-md-6 description  \">\n                                    <div class=\"title\" style=\"color: var(--black)\">\n                              <h1>CHOISISSEZ DE TRAVAILLER CHEZ E-MAX; BECAUSE WE CARE<\/h1>\n                            <\/div>\n                      \n                      <div class=\"desc\" style=\"color: var(--black)\">\n              <p>Contribuez \u00e0 la production d\u2019un aluminium circulaire et \u00e0 faible empreinte carbone. Tel est l&rsquo;objectif que nous poursuivons depuis des ann\u00e9es chez E-MAX.<\/p>\n<p>Cela signifie que nous investissons dans des solutions sup\u00e9rieures et durables, bien s\u00fbr, dans le domaine de l\u2019aluminium et de l&rsquo;environnement, mais nous investissons aussi dans des relations durables avec nos clients, nos fournisseurs et la soci\u00e9t\u00e9, sans oublier nos propres employ\u00e9s. Pourquoi ?<\/p>\n<p>Because we care.<\/p>\n\n            <\/div>\n                          <\/div>\n      <div class=\"col-12 col-md-6  \">\n                              <iframe id=\"vimeoplayer-block_a434a1c5ef941ac22ed26c51c5b80f58\"\n                              src=\"https:\/\/player.vimeo.com\/video\/638597191?autoplay=0&#038;title=CHOISISSEZ DE TRAVAILLER CHEZ E-MAX; BECAUSE WE CARE&#038;byline=0&#038;muted=0&#038;controls=1&#038;autopause=0&#038;dnt=1\"\n                            allow=\"autoplay; fullscreen; picture-in-picture\"\n              data-origwidth=\"\"\n              data-origheight=\"\"\n              title=\"CHOISISSEZ DE TRAVAILLER CHEZ E-MAX; BECAUSE WE CARE\"\n                        ><\/iframe>\n          \n              <\/div>\n    <\/div>\n  <\/div>\n<\/section>\n\n\n\n<section id=\"archive-block-block_b57c9e4b4f2607d13a9e19dff4ad86d0\" class=\"archive archive-block top-space-xs bottom-defaultpadding white\">\n  <div id=\"archive-block-block_b57c9e4b4f2607d13a9e19dff4ad86d0-hook\" class=\"hook\"><\/div>    <div class=\"container\">\n          <h2>OFFRES D&rsquo;EMPLOI ACTUELLES\n<\/h2>\n        <div class=\"archive-list\">\n              <style>\n      @media (min-width: 1199.99px) {\n      #archive-block-block_b57c9e4b4f2607d13a9e19dff4ad86d0 .card-title {\n        font-size: 1rem;\n        font-weight: 400;\n      }\n    }\n  \n      @media (min-width: 575.99px) and (max-width: 1199.98px) {\n      #archive-block-block_b57c9e4b4f2607d13a9e19dff4ad86d0 .card-title {\n        font-size: 1rem;\n        font-weight: 400;\n      }\n    }\n  \n      @media (max-width: 575.98px) {\n      #archive-block-block_b57c9e4b4f2607d13a9e19dff4ad86d0 .card-title {\n        font-size: 1rem;\n        font-weight: 400;\n      }\n    }\n  \n      @media (min-width: 1199.99px) {\n      #archive-block-block_b57c9e4b4f2607d13a9e19dff4ad86d0 .card:hover {\n        background: var(--white);\n      }\n\n      #archive-block-block_b57c9e4b4f2607d13a9e19dff4ad86d0 .card:hover .card-content {\n        color: var(--black);\n      }\n\n      #archive-block-block_b57c9e4b4f2607d13a9e19dff4ad86d0 .card:hover h2,\n      #archive-block-block_b57c9e4b4f2607d13a9e19dff4ad86d0 .card:hover .card-title {\n        color: var(--black) !important;\n      }\n    }\n  <\/style>\n<article\n  class=\"card light-grey\"\n  style=\"color: var(--black); \"\n  id=\"card-10339\"\n    >\n  <a href=\"https:\/\/e-max.eu\/fr\/offres-demploi\/application-ouverte\/\">\n          <div class=\"thumbnail\" >\n                  <img decoding=\"async\" src=\"https:\/\/i0.wp.com\/e-max.eu\/wp-content\/uploads\/2023\/07\/PhilipDriessen-E-Max-Dilsen-20240411-017-scaled.jpg?fit=450%2C300&#038;ssl=1\" loading=\"lazy\" alt=\"Man met baard die precisie werk aan het verichten is aan metaal. Met\" title=\"foto: Philip Driessen &#8211; E-Max Dilsen\" width=\"450\" height=\"300\" \/>\n              <\/div>\n      <div class=\"card-content\">\n                  <span class=\"card-title\" style=\"color: var(--primary);\">APPLICATION OUVERTE<\/span>\n        \n                  <p>E-MAX est un acteur empirique incontournable du secteur de l\u2019aluminium, mais nous sommes ambitieux. Surtout quand il s\u2019agit de la\u2026<\/p>\n        \n        \n                                        <div class=\"categories\">\n              Dilsen-Stokkem, Kerkrade, Moorsele en Gullegem\n            <\/div>\n                  \n                                    \n        \n        \n        \n                  <span class=\"link-text\" style=\"color: var(--black); border-color: var(--transparent)\">\n            LIRE LA SUITE\n                          <div class=\"icon\" style=\"background: var(--transparent); color: var(--primary)\">\n                <i class=\"fa-classic fa-solid fa-chevron-right\" aria-hidden=\"true\"><\/i>\n              <\/div>\n                      <\/span>\n        \n                  <\/div>\n  <\/a>\n<\/article>\n          <\/div>\n  <\/div>\n\n  <div class=\"pagination-block\">\n\t<ul class=\"pagination\">\n    \t\t    \t<\/ul>\n<\/div><\/section>\n\n\n<section id=\"photo-info-overlay-block_d217db19e3234e506d4b26c968ec9c05\" class=\" col-12 photo-info-overlay  d-flex align-items-stretch top-defaultpadding bottom-defaultpadding\">\n  <div id=\"photo-info-overlay-block_d217db19e3234e506d4b26c968ec9c05-hook\" class=\"hook\"><\/div>  <style>\n          @media (min-width: 992px) {\n        #photo-info-overlay-block_d217db19e3234e506d4b26c968ec9c05 {\n          height: auto;\n          min-height: 620px;\n        }\n      }\n              @media (max-width: 991px) {\n        #photo-info-overlay-block_d217db19e3234e506d4b26c968ec9c05 {\n            height: auto;\n            min-height: 420px;\n        }\n      }\n              @media (min-width: 1199.99px) {\n        #photo-info-overlay-block_d217db19e3234e506d4b26c968ec9c05 .wrapper h1,\n        #photo-info-overlay-block_d217db19e3234e506d4b26c968ec9c05 .wrapper h2 {\n          font-size: 3.125rem;\n        }\n      }\n              @media (min-width: 575.99px) and (max-width: 1199.98px) {\n        #photo-info-overlay-block_d217db19e3234e506d4b26c968ec9c05 .wrapper h1,\n        #photo-info-overlay-block_d217db19e3234e506d4b26c968ec9c05 .wrapper h2 {\n          font-size: 2.1875rem;\n        }\n      }\n              @media (max-width: 575.98px) {\n        #photo-info-overlay-block_d217db19e3234e506d4b26c968ec9c05 .wrapper h1,\n        #photo-info-overlay-block_d217db19e3234e506d4b26c968ec9c05 .wrapper h2 {\n          font-size: 1.5625rem;\n        }\n      }\n              @media (min-width: 1199.99px) {\n        #photo-info-overlay-block_d217db19e3234e506d4b26c968ec9c05 .wrapper p,\n        #photo-info-overlay-block_d217db19e3234e506d4b26c968ec9c05 .wrapper p {\n          font-size: 1rem;\n        }\n      }\n              @media (min-width: 575.99px) and (max-width: 1199.98px) {\n        #photo-info-overlay-block_d217db19e3234e506d4b26c968ec9c05 .wrapper p,\n        #photo-info-overlay-block_d217db19e3234e506d4b26c968ec9c05 .wrapper p {\n          font-size: 1rem;\n        }\n      }\n              @media (max-width: 575.98px) {\n        #photo-info-overlay-block_d217db19e3234e506d4b26c968ec9c05 .wrapper p,\n        #photo-info-overlay-block_d217db19e3234e506d4b26c968ec9c05 .wrapper p {\n          font-size: 0.875rem;\n        }\n      }\n      <\/style>\n\n      <div class=\"background\" style=\"background-image: url(https:\/\/i0.wp.com\/e-max.eu\/wp-content\/uploads\/2023\/05\/iStock-618453528-verloop-1920-zwart.jpg?fit=1920%2C1282&#038;ssl=1)\"><\/div>\n      <div class=\"container d-flex flex-column justify-content-center\">\n    <div class=\"row d-flex flex-column align-items-end\">\n      <div class=\"col-12 col-lg-6\">\n        <div class=\"content \" >\n          <div class=\"color white\" style=\"opacity: calc(100\/100);\"><\/div>\n                    <div class=\"wrapper\">\n\n            \n            <div class=\"text\" style=\"color: var(--black)\">\n              <p><strong>Si vous travaillez en tant qu\u2019employ\u00e9 administratif, vous suivez un horaire flottant. Dans le secteur de la production, il est question de travail post\u00e9 au sein d\u2019\u00e9quipes bien huil\u00e9es. Vous recevez, bien s\u00fbr, une prime de travail post\u00e9 mais aussi lorsque vous devez travailler pendant le week-end. Suivant la fonction que vous occupez, il existe une possibilit\u00e9 de t\u00e9l\u00e9travail.<\/strong><\/p>\n<p><strong>\u00cates-vous pr\u00eat \u00e0 vous investir \u00e0 100 % et sommes-nous sur la m\u00eame longueur d\u2019onde ? Dans ce cas, E-MAX vous propose un emploi pour la vie.<\/strong><\/p>\n\n            <\/div>\n\n                      <\/div>\n        <\/div>\n      <\/div>\n    <\/div>\n  <\/div>\n<\/section>\n\n\n\n<section id=\"intro-block_c1ff13832e6bd4546e715439fca8ec9e\" class=\"col-12 white intro top-defaultpadding bottom-defaultpadding\">\n  <div id=\"intro-block_c1ff13832e6bd4546e715439fca8ec9e-hook\" class=\"hook\"><\/div>      <style>\n      @media (max-width: 768px) {\n        #intro-block_c1ff13832e6bd4546e715439fca8ec9e .title * {\n          text-align: left!important;\n        }\n\n        #intro-block_c1ff13832e6bd4546e715439fca8ec9e .desc * {\n          text-align: left!important;\n        }\n      }\n    <\/style>\n    \n            \n    \n  <div class=\"container\">\n    <div class=\"row column-direction   \">\n      <div class=\"col-12 col-md-6 description  \">\n                                    <div class=\"title\" style=\"color: var(--black)\">\n                              <h2>CONDITIONS DE TRAVAIL<\/h2>\n                            <\/div>\n                      \n                      <div class=\"desc\" style=\"color: var(--black)\">\n              <p><span style=\"color: #83b81a;\"><strong>Pour nous, il est tout \u00e0 fait normal de prendre soin de nos employ\u00e9s.<\/strong><\/span><br \/>\nNous nous conformons bien s\u00fbr aux exigences sectorielles, mais parfois nous faisons aussi plus que cela. Nous vous proposons:<\/p>\n<p>&#8211; Un bon salaire &#8211; Un treizi\u00e8me mois<br \/>\n&#8211; Une CCT 90 ; un plan de bonus qui entre en vigueur lorsque l\u2019entreprise a de bons r\u00e9sultats<br \/>\n&#8211; Des ch\u00e8ques-repas<br \/>\n&#8211; Une semaine de travail de 39 ou 40 heures<br \/>\n&#8211; De 6 \u00e0 12 jours RTT selon un contrat de 39 ou 40 heures<br \/>\n&#8211; Des jours et cadeaux d\u2019anciennet\u00e9<br \/>\n&#8211; Une prime de travail post\u00e9 et de week-end<br \/>\n&#8211; Une \u00e9pargne-pension<\/p>\n\n            <\/div>\n                          <\/div>\n      <div class=\"col-12 col-md-6  \">\n                              <iframe id=\"vimeoplayer-block_c1ff13832e6bd4546e715439fca8ec9e\"\n                              src=\"https:\/\/player.vimeo.com\/video\/638597317?autoplay=0&#038;title=CONDITIONS DE TRAVAIL&#038;byline=0&#038;muted=0&#038;controls=1&#038;autopause=0&#038;dnt=1\"\n                            allow=\"autoplay; fullscreen; picture-in-picture\"\n              data-origwidth=\"\"\n              data-origheight=\"\"\n              title=\"CONDITIONS DE TRAVAIL\"\n                        ><\/iframe>\n          \n              <\/div>\n    <\/div>\n  <\/div>\n<\/section>\n","protected":false},"excerpt":{"rendered":"","protected":false},"author":1,"featured_media":0,"parent":0,"menu_order":0,"comment_status":"closed","ping_status":"closed","template":"","meta":{"_acf_changed":false,"footnotes":""},"class_list":["post-9585","page","type-page","status-publish","hentry"],"acf":[],"yoast_head":"<!-- This site is optimized with the Yoast SEO plugin v27.1.1 - https:\/\/yoast.com\/product\/yoast-seo-wordpress\/ -->\n<title>Travailler chez E-MAX : contribuer \u00e0 un avenir circulaire - E-MAX<\/title>\n<meta name=\"description\" content=\"Vous souhaitez collaborer \u00e0 la construction d&#039;un avenir durable ? Consultez les offres d&#039;emploi ou contactez-nous.\" \/>\n<meta name=\"robots\" content=\"index, follow, max-snippet:-1, max-image-preview:large, max-video-preview:-1\" \/>\n<link rel=\"canonical\" href=\"https:\/\/e-max.eu\/fr\/offres-demploi\/\" \/>\n<meta property=\"og:locale\" content=\"fr_FR\" \/>\n<meta property=\"og:type\" content=\"article\" \/>\n<meta property=\"og:title\" content=\"Travailler chez E-MAX : contribuer \u00e0 un avenir circulaire - E-MAX\" \/>\n<meta property=\"og:description\" content=\"Vous souhaitez collaborer \u00e0 la construction d&#039;un avenir durable ? Consultez les offres d&#039;emploi ou contactez-nous.\" \/>\n<meta property=\"og:url\" content=\"https:\/\/e-max.eu\/fr\/offres-demploi\/\" \/>\n<meta property=\"og:site_name\" content=\"E-MAX\" \/>\n<meta property=\"article:modified_time\" content=\"2025-04-03T06:29:29+00:00\" \/>\n<meta name=\"twitter:card\" content=\"summary_large_image\" \/>\n<script type=\"application\/ld+json\" class=\"yoast-schema-graph\">{\"@context\":\"https:\/\/schema.org\",\"@graph\":[{\"@type\":\"WebPage\",\"@id\":\"https:\/\/e-max.eu\/fr\/offres-demploi\/\",\"url\":\"https:\/\/e-max.eu\/fr\/offres-demploi\/\",\"name\":\"Travailler chez E-MAX : contribuer \u00e0 un avenir circulaire - E-MAX\",\"isPartOf\":{\"@id\":\"https:\/\/e-max.eu\/#website\"},\"datePublished\":\"2023-05-24T10:24:45+00:00\",\"dateModified\":\"2025-04-03T06:29:29+00:00\",\"description\":\"Vous souhaitez collaborer \u00e0 la construction d'un avenir durable ? Consultez les offres d'emploi ou contactez-nous.\",\"breadcrumb\":{\"@id\":\"https:\/\/e-max.eu\/fr\/offres-demploi\/#breadcrumb\"},\"inLanguage\":\"fr-FR\",\"potentialAction\":[{\"@type\":\"ReadAction\",\"target\":[\"https:\/\/e-max.eu\/fr\/offres-demploi\/\"]}]},{\"@type\":\"BreadcrumbList\",\"@id\":\"https:\/\/e-max.eu\/fr\/offres-demploi\/#breadcrumb\",\"itemListElement\":[{\"@type\":\"ListItem\",\"position\":1,\"name\":\"Home\",\"item\":\"https:\/\/e-max.eu\/fr\/\"},{\"@type\":\"ListItem\",\"position\":2,\"name\":\"Offres D&#8217;emploi\"}]},{\"@type\":\"WebSite\",\"@id\":\"https:\/\/e-max.eu\/#website\",\"url\":\"https:\/\/e-max.eu\/\",\"name\":\"E-MAX\",\"description\":\"Gerecycleerd aluminium met laagste carbon footprint\",\"publisher\":{\"@id\":\"https:\/\/e-max.eu\/#organization\"},\"potentialAction\":[{\"@type\":\"SearchAction\",\"target\":{\"@type\":\"EntryPoint\",\"urlTemplate\":\"https:\/\/e-max.eu\/?s={search_term_string}\"},\"query-input\":{\"@type\":\"PropertyValueSpecification\",\"valueRequired\":true,\"valueName\":\"search_term_string\"}}],\"inLanguage\":\"fr-FR\"},{\"@type\":\"Organization\",\"@id\":\"https:\/\/e-max.eu\/#organization\",\"name\":\"E-MAX Aluminium N.V.\",\"url\":\"https:\/\/e-max.eu\/\",\"logo\":{\"@type\":\"ImageObject\",\"inLanguage\":\"fr-FR\",\"@id\":\"https:\/\/e-max.eu\/#\/schema\/logo\/image\/\",\"url\":\"https:\/\/i0.wp.com\/e-max.eu\/wp-content\/uploads\/2023\/04\/mb-EMAX-logo-Colour-Screen-RGB.png?fit=137%2C46&ssl=1\",\"contentUrl\":\"https:\/\/i0.wp.com\/e-max.eu\/wp-content\/uploads\/2023\/04\/mb-EMAX-logo-Colour-Screen-RGB.png?fit=137%2C46&ssl=1\",\"width\":137,\"height\":46,\"caption\":\"E-MAX Aluminium N.V.\"},\"image\":{\"@id\":\"https:\/\/e-max.eu\/#\/schema\/logo\/image\/\"}}]}<\/script>\n<!-- \/ Yoast SEO plugin. -->","yoast_head_json":{"title":"Travailler chez E-MAX : contribuer \u00e0 un avenir circulaire - E-MAX","description":"Vous souhaitez collaborer \u00e0 la construction d'un avenir durable ? Consultez les offres d'emploi ou contactez-nous.","robots":{"index":"index","follow":"follow","max-snippet":"max-snippet:-1","max-image-preview":"max-image-preview:large","max-video-preview":"max-video-preview:-1"},"canonical":"https:\/\/e-max.eu\/fr\/offres-demploi\/","og_locale":"fr_FR","og_type":"article","og_title":"Travailler chez E-MAX : contribuer \u00e0 un avenir circulaire - E-MAX","og_description":"Vous souhaitez collaborer \u00e0 la construction d'un avenir durable ? Consultez les offres d'emploi ou contactez-nous.","og_url":"https:\/\/e-max.eu\/fr\/offres-demploi\/","og_site_name":"E-MAX","article_modified_time":"2025-04-03T06:29:29+00:00","twitter_card":"summary_large_image","schema":{"@context":"https:\/\/schema.org","@graph":[{"@type":"WebPage","@id":"https:\/\/e-max.eu\/fr\/offres-demploi\/","url":"https:\/\/e-max.eu\/fr\/offres-demploi\/","name":"Travailler chez E-MAX : contribuer \u00e0 un avenir circulaire - E-MAX","isPartOf":{"@id":"https:\/\/e-max.eu\/#website"},"datePublished":"2023-05-24T10:24:45+00:00","dateModified":"2025-04-03T06:29:29+00:00","description":"Vous souhaitez collaborer \u00e0 la construction d'un avenir durable ? Consultez les offres d'emploi ou contactez-nous.","breadcrumb":{"@id":"https:\/\/e-max.eu\/fr\/offres-demploi\/#breadcrumb"},"inLanguage":"fr-FR","potentialAction":[{"@type":"ReadAction","target":["https:\/\/e-max.eu\/fr\/offres-demploi\/"]}]},{"@type":"BreadcrumbList","@id":"https:\/\/e-max.eu\/fr\/offres-demploi\/#breadcrumb","itemListElement":[{"@type":"ListItem","position":1,"name":"Home","item":"https:\/\/e-max.eu\/fr\/"},{"@type":"ListItem","position":2,"name":"Offres D&#8217;emploi"}]},{"@type":"WebSite","@id":"https:\/\/e-max.eu\/#website","url":"https:\/\/e-max.eu\/","name":"E-MAX","description":"Gerecycleerd aluminium met laagste carbon footprint","publisher":{"@id":"https:\/\/e-max.eu\/#organization"},"potentialAction":[{"@type":"SearchAction","target":{"@type":"EntryPoint","urlTemplate":"https:\/\/e-max.eu\/?s={search_term_string}"},"query-input":{"@type":"PropertyValueSpecification","valueRequired":true,"valueName":"search_term_string"}}],"inLanguage":"fr-FR"},{"@type":"Organization","@id":"https:\/\/e-max.eu\/#organization","name":"E-MAX Aluminium N.V.","url":"https:\/\/e-max.eu\/","logo":{"@type":"ImageObject","inLanguage":"fr-FR","@id":"https:\/\/e-max.eu\/#\/schema\/logo\/image\/","url":"https:\/\/i0.wp.com\/e-max.eu\/wp-content\/uploads\/2023\/04\/mb-EMAX-logo-Colour-Screen-RGB.png?fit=137%2C46&ssl=1","contentUrl":"https:\/\/i0.wp.com\/e-max.eu\/wp-content\/uploads\/2023\/04\/mb-EMAX-logo-Colour-Screen-RGB.png?fit=137%2C46&ssl=1","width":137,"height":46,"caption":"E-MAX Aluminium N.V."},"image":{"@id":"https:\/\/e-max.eu\/#\/schema\/logo\/image\/"}}]}},"_links":{"self":[{"href":"https:\/\/e-max.eu\/fr\/wp-json\/wp\/v2\/pages\/9585","targetHints":{"allow":["GET"]}}],"collection":[{"href":"https:\/\/e-max.eu\/fr\/wp-json\/wp\/v2\/pages"}],"about":[{"href":"https:\/\/e-max.eu\/fr\/wp-json\/wp\/v2\/types\/page"}],"author":[{"embeddable":true,"href":"https:\/\/e-max.eu\/fr\/wp-json\/wp\/v2\/users\/1"}],"replies":[{"embeddable":true,"href":"https:\/\/e-max.eu\/fr\/wp-json\/wp\/v2\/comments?post=9585"}],"version-history":[{"count":5,"href":"https:\/\/e-max.eu\/fr\/wp-json\/wp\/v2\/pages\/9585\/revisions"}],"predecessor-version":[{"id":15534,"href":"https:\/\/e-max.eu\/fr\/wp-json\/wp\/v2\/pages\/9585\/revisions\/15534"}],"wp:attachment":[{"href":"https:\/\/e-max.eu\/fr\/wp-json\/wp\/v2\/media?parent=9585"}],"curies":[{"name":"wp","href":"https:\/\/api.w.org\/{rel}","templated":true}]}}