{"id":9592,"date":"2023-05-24T10:13:17","date_gmt":"2023-05-24T08:13:17","guid":{"rendered":"https:\/\/migrate.e-max.eu\/vision-values\/"},"modified":"2025-01-09T17:15:48","modified_gmt":"2025-01-09T16:15:48","slug":"vision-et-valeurs","status":"publish","type":"page","link":"https:\/\/e-max.eu\/fr\/vision-et-valeurs\/","title":{"rendered":"Vision et valeurs"},"content":{"rendered":"\n<section id=\"photo-info-overlay-block_907715de1a1fafacf1f3cd9884f843e5\" class=\" col-12 photo-info-overlay  d-flex align-items-stretch top-defaultpadding bottom-defaultpadding\">\n  <div id=\"photo-info-overlay-block_907715de1a1fafacf1f3cd9884f843e5-hook\" class=\"hook\"><\/div>  <style>\n          @media (min-width: 992px) {\n        #photo-info-overlay-block_907715de1a1fafacf1f3cd9884f843e5 {\n          height: auto;\n          min-height: 320px;\n        }\n      }\n              @media (max-width: 991px) {\n        #photo-info-overlay-block_907715de1a1fafacf1f3cd9884f843e5 {\n            height: auto;\n            min-height: 120px;\n        }\n      }\n              @media (min-width: 1199.99px) {\n        #photo-info-overlay-block_907715de1a1fafacf1f3cd9884f843e5 .wrapper h1,\n        #photo-info-overlay-block_907715de1a1fafacf1f3cd9884f843e5 .wrapper h2 {\n          font-size: 3.125rem;\n        }\n      }\n              @media (min-width: 575.99px) and (max-width: 1199.98px) {\n        #photo-info-overlay-block_907715de1a1fafacf1f3cd9884f843e5 .wrapper h1,\n        #photo-info-overlay-block_907715de1a1fafacf1f3cd9884f843e5 .wrapper h2 {\n          font-size: 2.1875rem;\n        }\n      }\n              @media (max-width: 575.98px) {\n        #photo-info-overlay-block_907715de1a1fafacf1f3cd9884f843e5 .wrapper h1,\n        #photo-info-overlay-block_907715de1a1fafacf1f3cd9884f843e5 .wrapper h2 {\n          font-size: 1.5625rem;\n        }\n      }\n              @media (min-width: 1199.99px) {\n        #photo-info-overlay-block_907715de1a1fafacf1f3cd9884f843e5 .wrapper p,\n        #photo-info-overlay-block_907715de1a1fafacf1f3cd9884f843e5 .wrapper p {\n          font-size: 1rem;\n        }\n      }\n              @media (min-width: 575.99px) and (max-width: 1199.98px) {\n        #photo-info-overlay-block_907715de1a1fafacf1f3cd9884f843e5 .wrapper p,\n        #photo-info-overlay-block_907715de1a1fafacf1f3cd9884f843e5 .wrapper p {\n          font-size: 1rem;\n        }\n      }\n              @media (max-width: 575.98px) {\n        #photo-info-overlay-block_907715de1a1fafacf1f3cd9884f843e5 .wrapper p,\n        #photo-info-overlay-block_907715de1a1fafacf1f3cd9884f843e5 .wrapper p {\n          font-size: 0.875rem;\n        }\n      }\n      <\/style>\n\n      <div class=\"background\" style=\"background-image: url(https:\/\/i0.wp.com\/e-max.eu\/wp-content\/uploads\/2023\/04\/header-scaled.jpg?fit=2048%2C415&#038;ssl=1)\"><\/div>\n      <div class=\"container d-flex flex-column justify-content-start\">\n    <div class=\"row d-flex flex-column align-items-start\">\n      <div class=\"col-12 col-lg-1\">\n        <div class=\"content \" >\n          <div class=\"color white\" style=\"opacity: calc(0\/100);\"><\/div>\n                    <div class=\"wrapper\">\n\n            \n            <div class=\"text\" style=\"color: var(--black)\">\n              \n            <\/div>\n\n                      <\/div>\n        <\/div>\n      <\/div>\n    <\/div>\n  <\/div>\n<\/section>\n\n\n\n<section id=\"intro-block_c8d922f0bce98b8651c8adc71e213307\" class=\"col-12 white intro top-defaultpadding bottom-defaultpadding\">\n  <div id=\"intro-block_c8d922f0bce98b8651c8adc71e213307-hook\" class=\"hook\"><\/div>      <style>\n      @media (max-width: 768px) {\n        #intro-block_c8d922f0bce98b8651c8adc71e213307 .title * {\n          text-align: left!important;\n        }\n\n        #intro-block_c8d922f0bce98b8651c8adc71e213307 .desc * {\n          text-align: left!important;\n        }\n      }\n    <\/style>\n    \n            \n    \n  <div class=\"container\">\n    <div class=\"row column-direction   \">\n      <div class=\"col-12 col-md-6 description  \">\n                                    <div class=\"title\" style=\"color: var(--black)\">\n                              <h1><span>VISION &amp; VALEURS<\/span>\n<\/h1>\n                            <\/div>\n                      \n                      <div class=\"desc\" style=\"color: var(--black)\">\n              <p>E-MAX vise \u00e0 devenir le leader du march\u00e9 de la transformation de l&rsquo;aluminium recycl\u00e9 pour les applications d&rsquo;extrusion en Europe occidentale, en offrant \u00e0 ses clients des solutions sup\u00e9rieures avec une tr\u00e8s faible empreinte carbone. Par cons\u00e9quent, nous sommes pr\u00eats \u00e0 relever tous les d\u00e9fis dans le domaine du d\u00e9veloppement et de la mise en place <strong>de solutions durables pour l&rsquo;aluminium<\/strong>.<\/p>\n<p>Et ce, tant en termes \u00e9conomiques et \u00e9cologiques qu&rsquo;en partenariat avec nos clients et nos fournisseurs. Gr\u00e2ce \u00e0 l&rsquo;\u00e9volution de notre entreprise au fil des ans, nous avons r\u00e9ussi \u00e0 combiner le professionnalisme d&rsquo;un groupe multinational avec la flexibilit\u00e9 et l&rsquo;orientation client d&rsquo;une PME (petite et moyenne entreprise).<\/p>\n<p>Nous sommes ainsi devenus un acteur <strong>international de premier plan<\/strong>.<\/p>\n\n            <\/div>\n                          <\/div>\n      <div class=\"col-12 col-md-6  \">\n                    <img decoding=\"async\"\n              src=\"https:\/\/i0.wp.com\/e-max.eu\/wp-content\/uploads\/2023\/04\/hands-test-mid-hor.jpg?fit=1024%2C496&#038;ssl=1\"\n              alt=\"Stockfoto waarop een tablet zichtbaar is die vastgehouden wordt door een persoon waarnaast er een persoon is die met een pen naar het scherm wijst.\"\n              title=\"hands-test-mid-hor\"\n              class=\"img-responsive\"\n              srcset=\"https:\/\/i0.wp.com\/e-max.eu\/wp-content\/uploads\/2023\/04\/hands-test-mid-hor.jpg?fit=450%2C218&#038;ssl=1 480w,\n                      https:\/\/i0.wp.com\/e-max.eu\/wp-content\/uploads\/2023\/04\/hands-test-mid-hor.jpg?fit=1024%2C496&#038;ssl=1 2048w\"\n              sizes=\"(max-width: 480px) 480px\"\n              width=\"470\"\n                          \/>\n              <\/div>\n    <\/div>\n  <\/div>\n<\/section>\n\n\n\n<section id=\"photo-info-overlay-block_7a0a63d017984c6ffac5423a6ef0f2ae\" class=\" col-12 photo-info-overlay  d-flex align-items-stretch top-defaultpadding bottom-defaultpadding\">\n  <div id=\"photo-info-overlay-block_7a0a63d017984c6ffac5423a6ef0f2ae-hook\" class=\"hook\"><\/div>  <style>\n          @media (min-width: 992px) {\n        #photo-info-overlay-block_7a0a63d017984c6ffac5423a6ef0f2ae {\n          height: auto;\n          min-height: 420px;\n        }\n      }\n              @media (max-width: 991px) {\n        #photo-info-overlay-block_7a0a63d017984c6ffac5423a6ef0f2ae {\n            height: auto;\n            min-height: 420px;\n        }\n      }\n              @media (min-width: 1199.99px) {\n        #photo-info-overlay-block_7a0a63d017984c6ffac5423a6ef0f2ae .wrapper h1,\n        #photo-info-overlay-block_7a0a63d017984c6ffac5423a6ef0f2ae .wrapper h2 {\n          font-size: 3.125rem;\n        }\n      }\n              @media (min-width: 575.99px) and (max-width: 1199.98px) {\n        #photo-info-overlay-block_7a0a63d017984c6ffac5423a6ef0f2ae .wrapper h1,\n        #photo-info-overlay-block_7a0a63d017984c6ffac5423a6ef0f2ae .wrapper h2 {\n          font-size: 2.1875rem;\n        }\n      }\n              @media (max-width: 575.98px) {\n        #photo-info-overlay-block_7a0a63d017984c6ffac5423a6ef0f2ae .wrapper h1,\n        #photo-info-overlay-block_7a0a63d017984c6ffac5423a6ef0f2ae .wrapper h2 {\n          font-size: 1.5625rem;\n        }\n      }\n              @media (min-width: 1199.99px) {\n        #photo-info-overlay-block_7a0a63d017984c6ffac5423a6ef0f2ae .wrapper p,\n        #photo-info-overlay-block_7a0a63d017984c6ffac5423a6ef0f2ae .wrapper p {\n          font-size: 1rem;\n        }\n      }\n              @media (min-width: 575.99px) and (max-width: 1199.98px) {\n        #photo-info-overlay-block_7a0a63d017984c6ffac5423a6ef0f2ae .wrapper p,\n        #photo-info-overlay-block_7a0a63d017984c6ffac5423a6ef0f2ae .wrapper p {\n          font-size: 1rem;\n        }\n      }\n              @media (max-width: 575.98px) {\n        #photo-info-overlay-block_7a0a63d017984c6ffac5423a6ef0f2ae .wrapper p,\n        #photo-info-overlay-block_7a0a63d017984c6ffac5423a6ef0f2ae .wrapper p {\n          font-size: 0.875rem;\n        }\n      }\n      <\/style>\n\n      <div class=\"background\" style=\"background-image: url(https:\/\/i0.wp.com\/e-max.eu\/wp-content\/uploads\/2023\/04\/vrachtwagen_emax.jpg?fit=1600%2C823&#038;ssl=1)\"><\/div>\n      <div class=\"container d-flex flex-column justify-content-start\">\n    <div class=\"row d-flex flex-column align-items-end\">\n      <div class=\"col-12 col-lg-6\">\n        <div class=\"content \" >\n          <div class=\"color white\" style=\"opacity: calc(100\/100);\"><\/div>\n                    <div class=\"wrapper\">\n\n            \n            <div class=\"text\" style=\"color: var(--black)\">\n              <p><strong>La s\u00e9curit\u00e9, la sant\u00e9, l&rsquo;environnement, l&rsquo;\u00e9nergie et la qualit\u00e9<\/strong> sont la responsabilit\u00e9 de chaque employ\u00e9 de E-MAX ainsi que la condition d&#8217;embauche. Il est de la responsabilit\u00e9 de la direction de fournir \u00e0 tous les employ\u00e9s les informations, les comp\u00e9tences et les ressources n\u00e9cessaires pour un lieu de travail sans incident, sain, efficace sur le plan \u00e9nerg\u00e9tique, garantissant la qualit\u00e9, la pr\u00e9vention de la pollution et la protection de l&rsquo;environnement. E-MAX poursuivra ces valeurs par le biais de processus de conception et d&rsquo;achat pour tous ses contractants, fournisseurs et clients.<\/p>\n\n            <\/div>\n\n                      <\/div>\n        <\/div>\n      <\/div>\n    <\/div>\n  <\/div>\n<\/section>\n\n\n\n<section id=\"intro-block_a759719047e580d2bd52035a27f89cff\" class=\"col-12 white intro top-defaultpadding bottom-defaultpadding\">\n  <div id=\"intro-block_a759719047e580d2bd52035a27f89cff-hook\" class=\"hook\"><\/div>      <style>\n      @media (max-width: 768px) {\n        #intro-block_a759719047e580d2bd52035a27f89cff .title * {\n          text-align: left!important;\n        }\n\n        #intro-block_a759719047e580d2bd52035a27f89cff .desc * {\n          text-align: left!important;\n        }\n      }\n    <\/style>\n    \n            \n    \n  <div class=\"container\">\n    <div class=\"row column-direction   \">\n      <div class=\"col-12 col-md-6 description  \">\n                                    <div class=\"title\" style=\"color: var(--black)\">\n                              <h2><span>S&rsquo;EFFORCER D&rsquo;ATTEINDRE LE PLUS HAUT NIVEAU<\/span>\n<\/h2>\n                            <\/div>\n                      \n                      <div class=\"desc\" style=\"color: var(--black)\">\n              <p>E-MAX ne compromettra pas ces mandats pour le profit ou la production et respectera toutes les lois et l\u00e9gislations en vigueur. Nous visons un niveau de qualit\u00e9 toujours plus \u00e9lev\u00e9 de nos produits et processus, une meilleure s\u00e9curit\u00e9 environnementale, une plus grande efficacit\u00e9 \u00e9nerg\u00e9tique et une meilleure performance en utilisant le principe de l&rsquo;am\u00e9lioration continue.<\/p>\n<p>En tant qu&rsquo;entreprise de taille moyenne, E-MAX est un acteur financi\u00e8rement solide et robuste au sein de Vaessen Industries. Cela signifie que nous sommes en mesure de continuer \u00e0 investir dans une qualit\u00e9 toujours plus \u00e9lev\u00e9e au sein de nos business units E-MAX <a href=\"https:\/\/e-max.eu\/fr\/produits\/profiles-en-aluminium\/\">PROFIL\u00c9S<\/a> et E-MAX <a href=\"https:\/\/e-max.eu\/fr\/produits\/billettes\/\">BILLETTES<\/a>.<\/p>\n\n            <\/div>\n                          <\/div>\n      <div class=\"col-12 col-md-6  \">\n                    <img decoding=\"async\"\n              src=\"https:\/\/i0.wp.com\/e-max.eu\/wp-content\/uploads\/2023\/04\/office-test-mid-hor.jpg?fit=1024%2C496&#038;ssl=1\"\n              alt=\"Voorzijde van de locatie in Gullegem. Metalen frame grote ramen met een productiehal aan de zijkant voorzien van een groot spandoek met het logo van EMAX erop.\"\n              title=\"office-test-mid-hor\"\n              class=\"img-responsive\"\n              srcset=\"https:\/\/i0.wp.com\/e-max.eu\/wp-content\/uploads\/2023\/04\/office-test-mid-hor.jpg?fit=450%2C218&#038;ssl=1 480w,\n                      https:\/\/i0.wp.com\/e-max.eu\/wp-content\/uploads\/2023\/04\/office-test-mid-hor.jpg?fit=1024%2C496&#038;ssl=1 2048w\"\n              sizes=\"(max-width: 480px) 480px\"\n              width=\"470\"\n                          \/>\n              <\/div>\n    <\/div>\n  <\/div>\n<\/section>\n","protected":false},"excerpt":{"rendered":"","protected":false},"author":1,"featured_media":0,"parent":0,"menu_order":0,"comment_status":"closed","ping_status":"closed","template":"","meta":{"_acf_changed":false,"footnotes":""},"class_list":["post-9592","page","type-page","status-publish","hentry"],"acf":[],"yoast_head":"<!-- This site is optimized with the Yoast SEO plugin v27.1.1 - https:\/\/yoast.com\/product\/yoast-seo-wordpress\/ -->\n<title>Vision et valeurs pour un avenir meilleur de l\u2019aluminium - E-MAX<\/title>\n<meta name=\"description\" content=\"Vision et valeurs d&#039;E-MAX: durabilit\u00e9, innovation et qualit\u00e9 pour un avenir plus responsable.\" \/>\n<meta name=\"robots\" content=\"index, follow, max-snippet:-1, max-image-preview:large, max-video-preview:-1\" \/>\n<link rel=\"canonical\" href=\"https:\/\/e-max.eu\/fr\/vision-et-valeurs\/\" \/>\n<meta property=\"og:locale\" content=\"fr_FR\" \/>\n<meta property=\"og:type\" content=\"article\" \/>\n<meta property=\"og:title\" content=\"Vision et valeurs pour un avenir meilleur de l\u2019aluminium - E-MAX\" \/>\n<meta property=\"og:description\" content=\"Vision et valeurs d&#039;E-MAX: durabilit\u00e9, innovation et qualit\u00e9 pour un avenir plus responsable.\" \/>\n<meta property=\"og:url\" content=\"https:\/\/e-max.eu\/fr\/vision-et-valeurs\/\" \/>\n<meta property=\"og:site_name\" content=\"E-MAX\" \/>\n<meta property=\"article:modified_time\" content=\"2025-01-09T16:15:48+00:00\" \/>\n<meta name=\"twitter:card\" content=\"summary_large_image\" \/>\n<script type=\"application\/ld+json\" class=\"yoast-schema-graph\">{\"@context\":\"https:\/\/schema.org\",\"@graph\":[{\"@type\":\"WebPage\",\"@id\":\"https:\/\/e-max.eu\/fr\/vision-et-valeurs\/\",\"url\":\"https:\/\/e-max.eu\/fr\/vision-et-valeurs\/\",\"name\":\"Vision et valeurs pour un avenir meilleur de l\u2019aluminium - E-MAX\",\"isPartOf\":{\"@id\":\"https:\/\/e-max.eu\/#website\"},\"datePublished\":\"2023-05-24T08:13:17+00:00\",\"dateModified\":\"2025-01-09T16:15:48+00:00\",\"description\":\"Vision et valeurs d'E-MAX: durabilit\u00e9, innovation et qualit\u00e9 pour un avenir plus responsable.\",\"breadcrumb\":{\"@id\":\"https:\/\/e-max.eu\/fr\/vision-et-valeurs\/#breadcrumb\"},\"inLanguage\":\"fr-FR\",\"potentialAction\":[{\"@type\":\"ReadAction\",\"target\":[\"https:\/\/e-max.eu\/fr\/vision-et-valeurs\/\"]}]},{\"@type\":\"BreadcrumbList\",\"@id\":\"https:\/\/e-max.eu\/fr\/vision-et-valeurs\/#breadcrumb\",\"itemListElement\":[{\"@type\":\"ListItem\",\"position\":1,\"name\":\"Home\",\"item\":\"https:\/\/e-max.eu\/fr\/\"},{\"@type\":\"ListItem\",\"position\":2,\"name\":\"Vision et valeurs\"}]},{\"@type\":\"WebSite\",\"@id\":\"https:\/\/e-max.eu\/#website\",\"url\":\"https:\/\/e-max.eu\/\",\"name\":\"E-MAX\",\"description\":\"Gerecycleerd aluminium met laagste carbon footprint\",\"publisher\":{\"@id\":\"https:\/\/e-max.eu\/#organization\"},\"potentialAction\":[{\"@type\":\"SearchAction\",\"target\":{\"@type\":\"EntryPoint\",\"urlTemplate\":\"https:\/\/e-max.eu\/?s={search_term_string}\"},\"query-input\":{\"@type\":\"PropertyValueSpecification\",\"valueRequired\":true,\"valueName\":\"search_term_string\"}}],\"inLanguage\":\"fr-FR\"},{\"@type\":\"Organization\",\"@id\":\"https:\/\/e-max.eu\/#organization\",\"name\":\"E-MAX Aluminium N.V.\",\"url\":\"https:\/\/e-max.eu\/\",\"logo\":{\"@type\":\"ImageObject\",\"inLanguage\":\"fr-FR\",\"@id\":\"https:\/\/e-max.eu\/#\/schema\/logo\/image\/\",\"url\":\"https:\/\/i0.wp.com\/e-max.eu\/wp-content\/uploads\/2023\/04\/mb-EMAX-logo-Colour-Screen-RGB.png?fit=137%2C46&ssl=1\",\"contentUrl\":\"https:\/\/i0.wp.com\/e-max.eu\/wp-content\/uploads\/2023\/04\/mb-EMAX-logo-Colour-Screen-RGB.png?fit=137%2C46&ssl=1\",\"width\":137,\"height\":46,\"caption\":\"E-MAX Aluminium N.V.\"},\"image\":{\"@id\":\"https:\/\/e-max.eu\/#\/schema\/logo\/image\/\"}}]}<\/script>\n<!-- \/ Yoast SEO plugin. -->","yoast_head_json":{"title":"Vision et valeurs pour un avenir meilleur de l\u2019aluminium - E-MAX","description":"Vision et valeurs d'E-MAX: durabilit\u00e9, innovation et qualit\u00e9 pour un avenir plus responsable.","robots":{"index":"index","follow":"follow","max-snippet":"max-snippet:-1","max-image-preview":"max-image-preview:large","max-video-preview":"max-video-preview:-1"},"canonical":"https:\/\/e-max.eu\/fr\/vision-et-valeurs\/","og_locale":"fr_FR","og_type":"article","og_title":"Vision et valeurs pour un avenir meilleur de l\u2019aluminium - E-MAX","og_description":"Vision et valeurs d'E-MAX: durabilit\u00e9, innovation et qualit\u00e9 pour un avenir plus responsable.","og_url":"https:\/\/e-max.eu\/fr\/vision-et-valeurs\/","og_site_name":"E-MAX","article_modified_time":"2025-01-09T16:15:48+00:00","twitter_card":"summary_large_image","schema":{"@context":"https:\/\/schema.org","@graph":[{"@type":"WebPage","@id":"https:\/\/e-max.eu\/fr\/vision-et-valeurs\/","url":"https:\/\/e-max.eu\/fr\/vision-et-valeurs\/","name":"Vision et valeurs pour un avenir meilleur de l\u2019aluminium - E-MAX","isPartOf":{"@id":"https:\/\/e-max.eu\/#website"},"datePublished":"2023-05-24T08:13:17+00:00","dateModified":"2025-01-09T16:15:48+00:00","description":"Vision et valeurs d'E-MAX: durabilit\u00e9, innovation et qualit\u00e9 pour un avenir plus responsable.","breadcrumb":{"@id":"https:\/\/e-max.eu\/fr\/vision-et-valeurs\/#breadcrumb"},"inLanguage":"fr-FR","potentialAction":[{"@type":"ReadAction","target":["https:\/\/e-max.eu\/fr\/vision-et-valeurs\/"]}]},{"@type":"BreadcrumbList","@id":"https:\/\/e-max.eu\/fr\/vision-et-valeurs\/#breadcrumb","itemListElement":[{"@type":"ListItem","position":1,"name":"Home","item":"https:\/\/e-max.eu\/fr\/"},{"@type":"ListItem","position":2,"name":"Vision et valeurs"}]},{"@type":"WebSite","@id":"https:\/\/e-max.eu\/#website","url":"https:\/\/e-max.eu\/","name":"E-MAX","description":"Gerecycleerd aluminium met laagste carbon footprint","publisher":{"@id":"https:\/\/e-max.eu\/#organization"},"potentialAction":[{"@type":"SearchAction","target":{"@type":"EntryPoint","urlTemplate":"https:\/\/e-max.eu\/?s={search_term_string}"},"query-input":{"@type":"PropertyValueSpecification","valueRequired":true,"valueName":"search_term_string"}}],"inLanguage":"fr-FR"},{"@type":"Organization","@id":"https:\/\/e-max.eu\/#organization","name":"E-MAX Aluminium N.V.","url":"https:\/\/e-max.eu\/","logo":{"@type":"ImageObject","inLanguage":"fr-FR","@id":"https:\/\/e-max.eu\/#\/schema\/logo\/image\/","url":"https:\/\/i0.wp.com\/e-max.eu\/wp-content\/uploads\/2023\/04\/mb-EMAX-logo-Colour-Screen-RGB.png?fit=137%2C46&ssl=1","contentUrl":"https:\/\/i0.wp.com\/e-max.eu\/wp-content\/uploads\/2023\/04\/mb-EMAX-logo-Colour-Screen-RGB.png?fit=137%2C46&ssl=1","width":137,"height":46,"caption":"E-MAX Aluminium N.V."},"image":{"@id":"https:\/\/e-max.eu\/#\/schema\/logo\/image\/"}}]}},"_links":{"self":[{"href":"https:\/\/e-max.eu\/fr\/wp-json\/wp\/v2\/pages\/9592","targetHints":{"allow":["GET"]}}],"collection":[{"href":"https:\/\/e-max.eu\/fr\/wp-json\/wp\/v2\/pages"}],"about":[{"href":"https:\/\/e-max.eu\/fr\/wp-json\/wp\/v2\/types\/page"}],"author":[{"embeddable":true,"href":"https:\/\/e-max.eu\/fr\/wp-json\/wp\/v2\/users\/1"}],"replies":[{"embeddable":true,"href":"https:\/\/e-max.eu\/fr\/wp-json\/wp\/v2\/comments?post=9592"}],"version-history":[{"count":4,"href":"https:\/\/e-max.eu\/fr\/wp-json\/wp\/v2\/pages\/9592\/revisions"}],"predecessor-version":[{"id":14784,"href":"https:\/\/e-max.eu\/fr\/wp-json\/wp\/v2\/pages\/9592\/revisions\/14784"}],"wp:attachment":[{"href":"https:\/\/e-max.eu\/fr\/wp-json\/wp\/v2\/media?parent=9592"}],"curies":[{"name":"wp","href":"https:\/\/api.w.org\/{rel}","templated":true}]}}