{"id":9608,"date":"2023-05-24T11:06:26","date_gmt":"2023-05-24T09:06:26","guid":{"rendered":"https:\/\/migrate.e-max.eu\/privacy-en-cookiebeleid\/"},"modified":"2025-01-03T15:08:48","modified_gmt":"2025-01-03T14:08:48","slug":"politique-de-confidentialite-et-relative-a-lutilisation-de-cookies","status":"publish","type":"page","link":"https:\/\/e-max.eu\/fr\/politique-de-confidentialite-et-relative-a-lutilisation-de-cookies\/","title":{"rendered":"Politique de confidentialite et relative a lutilisation de cookies"},"content":{"rendered":"\n<section id=\"photo-info-overlay-block_4aae14684d85178a605f8bcd5356fca3\" class=\" col-12 photo-info-overlay  d-flex align-items-stretch top-defaultpadding bottom-defaultpadding\">\n  <div id=\"photo-info-overlay-block_4aae14684d85178a605f8bcd5356fca3-hook\" class=\"hook\"><\/div>  <style>\n          @media (min-width: 992px) {\n        #photo-info-overlay-block_4aae14684d85178a605f8bcd5356fca3 {\n          height: auto;\n          min-height: 320px;\n        }\n      }\n              @media (max-width: 991px) {\n        #photo-info-overlay-block_4aae14684d85178a605f8bcd5356fca3 {\n            height: auto;\n            min-height: 120px;\n        }\n      }\n              @media (min-width: 1199.99px) {\n        #photo-info-overlay-block_4aae14684d85178a605f8bcd5356fca3 .wrapper h1,\n        #photo-info-overlay-block_4aae14684d85178a605f8bcd5356fca3 .wrapper h2 {\n          font-size: 3.125rem;\n        }\n      }\n              @media (min-width: 575.99px) and (max-width: 1199.98px) {\n        #photo-info-overlay-block_4aae14684d85178a605f8bcd5356fca3 .wrapper h1,\n        #photo-info-overlay-block_4aae14684d85178a605f8bcd5356fca3 .wrapper h2 {\n          font-size: 2.1875rem;\n        }\n      }\n              @media (max-width: 575.98px) {\n        #photo-info-overlay-block_4aae14684d85178a605f8bcd5356fca3 .wrapper h1,\n        #photo-info-overlay-block_4aae14684d85178a605f8bcd5356fca3 .wrapper h2 {\n          font-size: 1.5625rem;\n        }\n      }\n              @media (min-width: 1199.99px) {\n        #photo-info-overlay-block_4aae14684d85178a605f8bcd5356fca3 .wrapper p,\n        #photo-info-overlay-block_4aae14684d85178a605f8bcd5356fca3 .wrapper p {\n          font-size: 1rem;\n        }\n      }\n              @media (min-width: 575.99px) and (max-width: 1199.98px) {\n        #photo-info-overlay-block_4aae14684d85178a605f8bcd5356fca3 .wrapper p,\n        #photo-info-overlay-block_4aae14684d85178a605f8bcd5356fca3 .wrapper p {\n          font-size: 1rem;\n        }\n      }\n              @media (max-width: 575.98px) {\n        #photo-info-overlay-block_4aae14684d85178a605f8bcd5356fca3 .wrapper p,\n        #photo-info-overlay-block_4aae14684d85178a605f8bcd5356fca3 .wrapper p {\n          font-size: 0.875rem;\n        }\n      }\n      <\/style>\n\n      <div class=\"background\" style=\"background-image: url(https:\/\/i0.wp.com\/e-max.eu\/wp-content\/uploads\/2023\/04\/header-scaled.jpg?fit=2048%2C415&#038;ssl=1)\"><\/div>\n      <div class=\"container d-flex flex-column justify-content-start\">\n    <div class=\"row d-flex flex-column align-items-start\">\n      <div class=\"col-12 col-lg-1\">\n        <div class=\"content \" >\n          <div class=\"color white\" style=\"opacity: calc(0\/100);\"><\/div>\n                    <div class=\"wrapper\">\n\n            \n            <div class=\"text\" style=\"color: var(--black)\">\n              \n            <\/div>\n\n                      <\/div>\n        <\/div>\n      <\/div>\n    <\/div>\n  <\/div>\n<\/section>\n\n\n\n<section id=\"intro-block_fdbbbc0a62a3ea8666490262eaf489f2\" class=\"col-12 white intro top-defaultpadding bottom-defaultpadding\">\n  <div id=\"intro-block_fdbbbc0a62a3ea8666490262eaf489f2-hook\" class=\"hook\"><\/div>      <style>\n      @media (max-width: 768px) {\n        #intro-block_fdbbbc0a62a3ea8666490262eaf489f2 .title * {\n          text-align: left!important;\n        }\n\n        #intro-block_fdbbbc0a62a3ea8666490262eaf489f2 .desc * {\n          text-align: left!important;\n        }\n      }\n    <\/style>\n    \n            \n    \n  <div class=\"container\">\n    <div class=\"row column-direction   \">\n      <div class=\"col-12 col-md-7 description  \">\n                                    <div class=\"title\" style=\"color: var(--black)\">\n                              <h1><span>POLITIQUE DE CONFIDENTIALIT\u00c9 ET RELATIVE \u00c0 L&rsquo;UTILISATION DE COOKIES<\/span>\n<\/h1>\n                            <\/div>\n                      \n                      <div class=\"desc\" style=\"color: var(--black)\">\n              <div id=\"block-emax-content\" class=\"block\">\n<article class=\"node node--type-product node--view-mode-full\" role=\"article\" data-history-node-id=\"55\">\n<div class=\"node__content\">\n<div class=\"clearfix text-formatted field__item\">\n<p>E-MAX est responsable du traitement de toutes les donn\u00e9es personnelles collect\u00e9es sur ce site. E-MAX respecte votre vie priv\u00e9e et se conforme aux dispositions de la loi sur la protection des donn\u00e9es personnelles. E-MAX ne collecte ni ne traite aucune donn\u00e9e personnelle via les cookies plac\u00e9s par E-MAX. E-MAX ne traite que les donn\u00e9es personnelles qu&rsquo;un utilisateur fournit volontairement \u00e0 E-MAX via son enregistrement sur le site Internet pour un service fourni par le site Internet. Le but principal de la collecte et du traitement par E-MAX de ces donn\u00e9es personnelles est de fournir \u00e0 l&rsquo;utilisateur tous les services du site Internet et de facilit\u00e9 sa navigation sur le site Internet<\/p>\n<div id=\"block-emax-content\" class=\"block\">\n<article class=\"node node--type-product node--view-mode-full\" role=\"article\" data-history-node-id=\"55\">\n<div class=\"node__content\">\n<div class=\"clearfix text-formatted field__item\">\n<p><strong>Transmission, stockage et traitement des donn\u00e9es<\/strong><br \/>\nLa transmission, le stockage et le traitement des donn\u00e9es collect\u00e9es par ce site sont prot\u00e9g\u00e9s par les mesures techniques habituelles. E-MAX peut transmettre vos donn\u00e9es personnelles \u00e0 d&rsquo;autres soci\u00e9t\u00e9s du groupe. En outre, E-MAX peut fournir vos donn\u00e9es personnelles \u00e0 des tiers, qui les traitent conform\u00e9ment aux instructions fournies par E-MAX et sous la responsabilit\u00e9 de E-MAX. E-MAX ne communiquera pas vos donn\u00e9es personnelles \u00e0 des tiers, sauf si E-MAX est l\u00e9galement tenu de le faire.<\/p>\n<p><strong>Consultation, correction et suppression<\/strong><br \/>\nVous pouvez demander \u00e0 tout moment \u00e0 E-MAX de consulter les donn\u00e9es personnelles collect\u00e9es par E-MAX aupr\u00e8s de vous. Vous pouvez \u00e9galement demander \u00e0 E-MAX de corriger ou de supprimer ces donn\u00e9es personnelles. Si vous avez des questions sur les informations publi\u00e9es sur cette page, vous pouvez envoyer un courrier \u00e9lectronique \u00e0 <a href=\"https:\/\/e-max.eu\/fr\/propos-de-nous\/info@e-max.be\">info@e-max.be\u00a0<\/a><\/p>\n<p>Des modifications peuvent \u00eatre apport\u00e9es \u00e0 cette politique de confidentialit\u00e9 au fil du temps. Ces modifications entreront en vigueur imm\u00e9diatement apr\u00e8s la publication de la politique de confidentialit\u00e9 modifi\u00e9e. Les utilisateurs du site Internet sont invit\u00e9s \u00e0 consulter r\u00e9guli\u00e8rement la politique de confidentialit\u00e9 pour prendre en compte les \u00e9ventuelles modifications.<\/p>\n<\/div>\n<\/div>\n<\/article>\n<\/div>\n<div id=\"block-cookiedeclaration\" class=\"block\">\n<h2>D\u00c9CLARATION DE COOKIE<\/h2>\n<\/div>\n<\/div>\n<\/div>\n<\/article>\n<\/div>\n\n            <\/div>\n                          <\/div>\n      <div class=\"col-12 col-md-5 d-none d-md-block \">\n                    <img decoding=\"async\"\n              src=\"https:\/\/i0.wp.com\/e-max.eu\/wp-content\/uploads\/2023\/05\/E-Max-icon-Privacy-Policy-TRANSPARANT-600x600px.png?fit=600%2C600&#038;ssl=1\"\n              alt=\"Privacy policy schild icon\"\n              title=\"E-Max-icon-Privacy Policy-TRANSPARANT-600x600px\"\n              class=\"img-responsive\"\n              srcset=\"https:\/\/i0.wp.com\/e-max.eu\/wp-content\/uploads\/2023\/05\/E-Max-icon-Privacy-Policy-TRANSPARANT-600x600px.png?fit=450%2C450&#038;ssl=1 480w,\n                      https:\/\/i0.wp.com\/e-max.eu\/wp-content\/uploads\/2023\/05\/E-Max-icon-Privacy-Policy-TRANSPARANT-600x600px.png?fit=600%2C600&#038;ssl=1 2048w\"\n              sizes=\"(max-width: 480px) 480px\"\n              width=\"470\"\n                          \/>\n              <\/div>\n    <\/div>\n  <\/div>\n<\/section>\n","protected":false},"excerpt":{"rendered":"","protected":false},"author":1,"featured_media":0,"parent":0,"menu_order":0,"comment_status":"closed","ping_status":"open","template":"","meta":{"_acf_changed":false,"footnotes":""},"class_list":["post-9608","page","type-page","status-publish","hentry"],"acf":[],"yoast_head":"<!-- This site is optimized with the Yoast SEO plugin v27.1.1 - https:\/\/yoast.com\/product\/yoast-seo-wordpress\/ -->\n<title>Politique de confidentialit\u00e9 et d\u2019utilisation des cookies \u2013 E-MAX<\/title>\n<meta name=\"description\" content=\"Politique de confidentialit\u00e9 et cookies: consultez comment E-MAX prot\u00e8ge vos donn\u00e9es et votre exp\u00e9rience utilisateur.\" \/>\n<meta name=\"robots\" content=\"index, follow, max-snippet:-1, max-image-preview:large, max-video-preview:-1\" \/>\n<link rel=\"canonical\" href=\"https:\/\/e-max.eu\/fr\/politique-de-confidentialite-et-relative-a-lutilisation-de-cookies\/\" \/>\n<meta property=\"og:locale\" content=\"fr_FR\" \/>\n<meta property=\"og:type\" content=\"article\" \/>\n<meta property=\"og:title\" content=\"Politique de confidentialit\u00e9 et d\u2019utilisation des cookies \u2013 E-MAX\" \/>\n<meta property=\"og:description\" content=\"Politique de confidentialit\u00e9 et cookies: consultez comment E-MAX prot\u00e8ge vos donn\u00e9es et votre exp\u00e9rience utilisateur.\" \/>\n<meta property=\"og:url\" content=\"https:\/\/e-max.eu\/fr\/politique-de-confidentialite-et-relative-a-lutilisation-de-cookies\/\" \/>\n<meta property=\"og:site_name\" content=\"E-MAX\" \/>\n<meta property=\"article:modified_time\" content=\"2025-01-03T14:08:48+00:00\" \/>\n<meta name=\"twitter:card\" content=\"summary_large_image\" \/>\n<script type=\"application\/ld+json\" class=\"yoast-schema-graph\">{\"@context\":\"https:\/\/schema.org\",\"@graph\":[{\"@type\":\"WebPage\",\"@id\":\"https:\/\/e-max.eu\/fr\/politique-de-confidentialite-et-relative-a-lutilisation-de-cookies\/\",\"url\":\"https:\/\/e-max.eu\/fr\/politique-de-confidentialite-et-relative-a-lutilisation-de-cookies\/\",\"name\":\"Politique de confidentialit\u00e9 et d\u2019utilisation des cookies \u2013 E-MAX\",\"isPartOf\":{\"@id\":\"https:\/\/e-max.eu\/#website\"},\"datePublished\":\"2023-05-24T09:06:26+00:00\",\"dateModified\":\"2025-01-03T14:08:48+00:00\",\"description\":\"Politique de confidentialit\u00e9 et cookies: consultez comment E-MAX prot\u00e8ge vos donn\u00e9es et votre exp\u00e9rience utilisateur.\",\"breadcrumb\":{\"@id\":\"https:\/\/e-max.eu\/fr\/politique-de-confidentialite-et-relative-a-lutilisation-de-cookies\/#breadcrumb\"},\"inLanguage\":\"fr-FR\",\"potentialAction\":[{\"@type\":\"ReadAction\",\"target\":[\"https:\/\/e-max.eu\/fr\/politique-de-confidentialite-et-relative-a-lutilisation-de-cookies\/\"]}]},{\"@type\":\"BreadcrumbList\",\"@id\":\"https:\/\/e-max.eu\/fr\/politique-de-confidentialite-et-relative-a-lutilisation-de-cookies\/#breadcrumb\",\"itemListElement\":[{\"@type\":\"ListItem\",\"position\":1,\"name\":\"Home\",\"item\":\"https:\/\/e-max.eu\/fr\/\"},{\"@type\":\"ListItem\",\"position\":2,\"name\":\"Politique de confidentialite et relative a lutilisation de cookies\"}]},{\"@type\":\"WebSite\",\"@id\":\"https:\/\/e-max.eu\/#website\",\"url\":\"https:\/\/e-max.eu\/\",\"name\":\"E-MAX\",\"description\":\"Gerecycleerd aluminium met laagste carbon footprint\",\"publisher\":{\"@id\":\"https:\/\/e-max.eu\/#organization\"},\"potentialAction\":[{\"@type\":\"SearchAction\",\"target\":{\"@type\":\"EntryPoint\",\"urlTemplate\":\"https:\/\/e-max.eu\/?s={search_term_string}\"},\"query-input\":{\"@type\":\"PropertyValueSpecification\",\"valueRequired\":true,\"valueName\":\"search_term_string\"}}],\"inLanguage\":\"fr-FR\"},{\"@type\":\"Organization\",\"@id\":\"https:\/\/e-max.eu\/#organization\",\"name\":\"E-MAX Aluminium N.V.\",\"url\":\"https:\/\/e-max.eu\/\",\"logo\":{\"@type\":\"ImageObject\",\"inLanguage\":\"fr-FR\",\"@id\":\"https:\/\/e-max.eu\/#\/schema\/logo\/image\/\",\"url\":\"https:\/\/i0.wp.com\/e-max.eu\/wp-content\/uploads\/2023\/04\/mb-EMAX-logo-Colour-Screen-RGB.png?fit=137%2C46&ssl=1\",\"contentUrl\":\"https:\/\/i0.wp.com\/e-max.eu\/wp-content\/uploads\/2023\/04\/mb-EMAX-logo-Colour-Screen-RGB.png?fit=137%2C46&ssl=1\",\"width\":137,\"height\":46,\"caption\":\"E-MAX Aluminium N.V.\"},\"image\":{\"@id\":\"https:\/\/e-max.eu\/#\/schema\/logo\/image\/\"}}]}<\/script>\n<!-- \/ Yoast SEO plugin. -->","yoast_head_json":{"title":"Politique de confidentialit\u00e9 et d\u2019utilisation des cookies \u2013 E-MAX","description":"Politique de confidentialit\u00e9 et cookies: consultez comment E-MAX prot\u00e8ge vos donn\u00e9es et votre exp\u00e9rience utilisateur.","robots":{"index":"index","follow":"follow","max-snippet":"max-snippet:-1","max-image-preview":"max-image-preview:large","max-video-preview":"max-video-preview:-1"},"canonical":"https:\/\/e-max.eu\/fr\/politique-de-confidentialite-et-relative-a-lutilisation-de-cookies\/","og_locale":"fr_FR","og_type":"article","og_title":"Politique de confidentialit\u00e9 et d\u2019utilisation des cookies \u2013 E-MAX","og_description":"Politique de confidentialit\u00e9 et cookies: consultez comment E-MAX prot\u00e8ge vos donn\u00e9es et votre exp\u00e9rience utilisateur.","og_url":"https:\/\/e-max.eu\/fr\/politique-de-confidentialite-et-relative-a-lutilisation-de-cookies\/","og_site_name":"E-MAX","article_modified_time":"2025-01-03T14:08:48+00:00","twitter_card":"summary_large_image","schema":{"@context":"https:\/\/schema.org","@graph":[{"@type":"WebPage","@id":"https:\/\/e-max.eu\/fr\/politique-de-confidentialite-et-relative-a-lutilisation-de-cookies\/","url":"https:\/\/e-max.eu\/fr\/politique-de-confidentialite-et-relative-a-lutilisation-de-cookies\/","name":"Politique de confidentialit\u00e9 et d\u2019utilisation des cookies \u2013 E-MAX","isPartOf":{"@id":"https:\/\/e-max.eu\/#website"},"datePublished":"2023-05-24T09:06:26+00:00","dateModified":"2025-01-03T14:08:48+00:00","description":"Politique de confidentialit\u00e9 et cookies: consultez comment E-MAX prot\u00e8ge vos donn\u00e9es et votre exp\u00e9rience utilisateur.","breadcrumb":{"@id":"https:\/\/e-max.eu\/fr\/politique-de-confidentialite-et-relative-a-lutilisation-de-cookies\/#breadcrumb"},"inLanguage":"fr-FR","potentialAction":[{"@type":"ReadAction","target":["https:\/\/e-max.eu\/fr\/politique-de-confidentialite-et-relative-a-lutilisation-de-cookies\/"]}]},{"@type":"BreadcrumbList","@id":"https:\/\/e-max.eu\/fr\/politique-de-confidentialite-et-relative-a-lutilisation-de-cookies\/#breadcrumb","itemListElement":[{"@type":"ListItem","position":1,"name":"Home","item":"https:\/\/e-max.eu\/fr\/"},{"@type":"ListItem","position":2,"name":"Politique de confidentialite et relative a lutilisation de cookies"}]},{"@type":"WebSite","@id":"https:\/\/e-max.eu\/#website","url":"https:\/\/e-max.eu\/","name":"E-MAX","description":"Gerecycleerd aluminium met laagste carbon footprint","publisher":{"@id":"https:\/\/e-max.eu\/#organization"},"potentialAction":[{"@type":"SearchAction","target":{"@type":"EntryPoint","urlTemplate":"https:\/\/e-max.eu\/?s={search_term_string}"},"query-input":{"@type":"PropertyValueSpecification","valueRequired":true,"valueName":"search_term_string"}}],"inLanguage":"fr-FR"},{"@type":"Organization","@id":"https:\/\/e-max.eu\/#organization","name":"E-MAX Aluminium N.V.","url":"https:\/\/e-max.eu\/","logo":{"@type":"ImageObject","inLanguage":"fr-FR","@id":"https:\/\/e-max.eu\/#\/schema\/logo\/image\/","url":"https:\/\/i0.wp.com\/e-max.eu\/wp-content\/uploads\/2023\/04\/mb-EMAX-logo-Colour-Screen-RGB.png?fit=137%2C46&ssl=1","contentUrl":"https:\/\/i0.wp.com\/e-max.eu\/wp-content\/uploads\/2023\/04\/mb-EMAX-logo-Colour-Screen-RGB.png?fit=137%2C46&ssl=1","width":137,"height":46,"caption":"E-MAX Aluminium N.V."},"image":{"@id":"https:\/\/e-max.eu\/#\/schema\/logo\/image\/"}}]}},"_links":{"self":[{"href":"https:\/\/e-max.eu\/fr\/wp-json\/wp\/v2\/pages\/9608","targetHints":{"allow":["GET"]}}],"collection":[{"href":"https:\/\/e-max.eu\/fr\/wp-json\/wp\/v2\/pages"}],"about":[{"href":"https:\/\/e-max.eu\/fr\/wp-json\/wp\/v2\/types\/page"}],"author":[{"embeddable":true,"href":"https:\/\/e-max.eu\/fr\/wp-json\/wp\/v2\/users\/1"}],"replies":[{"embeddable":true,"href":"https:\/\/e-max.eu\/fr\/wp-json\/wp\/v2\/comments?post=9608"}],"version-history":[{"count":3,"href":"https:\/\/e-max.eu\/fr\/wp-json\/wp\/v2\/pages\/9608\/revisions"}],"predecessor-version":[{"id":14805,"href":"https:\/\/e-max.eu\/fr\/wp-json\/wp\/v2\/pages\/9608\/revisions\/14805"}],"wp:attachment":[{"href":"https:\/\/e-max.eu\/fr\/wp-json\/wp\/v2\/media?parent=9608"}],"curies":[{"name":"wp","href":"https:\/\/api.w.org\/{rel}","templated":true}]}}